{"id":286439,"date":"2024-03-07T01:40:21","date_gmt":"2024-03-06T23:40:21","guid":{"rendered":"https:\/\/www.huntersfriend.eu\/product\/demon-rake-100-gr-3-blade-mekanisk\/"},"modified":"2025-08-26T11:39:34","modified_gmt":"2025-08-26T09:39:34","slug":"demon-rake-100-gr-3-blade-mekanisk","status":"publish","type":"product","link":"https:\/\/www.huntersfriend.eu\/sv\/produkt\/demon-rake-100-gr-3-blade-mekanisk\/","title":{"rendered":"Demon rake 100 gr 3 Blade mekanisk"},"content":{"rendered":"<p>Xecutioner Broadheads levererar sin legendariska sk\u00e4rpa och precision igen med Demon Hunter Series Mechanical Broadheads. Med en benkrossande solid st\u00e5lspets, m\u00e5lpunktsnoggrannhet och 6 tum sk\u00e4ryta, kommer detta expanderbara broadhead s\u00e4kerligen att f\u00e5 jobbet gjort. <\/p>\n<p><strong>Specifikationer: <\/strong><\/p>\n<ul>\n<li>6 tum sk\u00e4ryta<\/li>\n<li>F\u00e4ltpunktsnoggrannhet<\/li>\n<li>Anpassad HRC 7075 hylsa<\/li>\n<li>3-bladig offset blad vinkel<\/li>\n<li>2 tums sk\u00e4rning<\/li>\n<li>100 grains<\/li>\n<\/ul>\n<p>Du kommer inte att bli besviken p\u00e5 detta broadhead. F\u00e4lttestad av v\u00e5r personal. <\/p>\n","protected":false},"excerpt":{"rendered":"<p>3-pack<\/p>\n","protected":false},"featured_media":265411,"comment_status":"open","ping_status":"closed","template":"","meta":[],"product_brand":[],"product_cat":[2647,2765],"product_tag":[],"class_list":{"0":"post-286439","1":"product","2":"type-product","3":"status-publish","4":"has-post-thumbnail","6":"product_cat-broadheads-jakt","7":"product_cat-fyndlada-slutrea","9":"first","10":"instock","11":"sale","12":"featured","13":"taxable","14":"shipping-taxable","15":"purchasable","16":"product-type-simple"},"composite_virtual":false,"composite_layout":"","composite_add_to_cart_form_location":"","composite_editable_in_cart":false,"composite_sold_individually_context":"","composite_shop_price_calc":"","composite_components":[],"composite_scenarios":[],"group_of_quantity":0,"min_quantity":0,"max_quantity":"","exclude_order_quantity_value_rules":"no","exclude_category_quantity_rules":"no","combine_variations":"no","exclude_global_add_ons":[],"addons":[],"_links":{"self":[{"href":"https:\/\/www.huntersfriend.eu\/sv\/wp-json\/wp\/v2\/product\/286439","targetHints":{"allow":["GET"]}}],"collection":[{"href":"https:\/\/www.huntersfriend.eu\/sv\/wp-json\/wp\/v2\/product"}],"about":[{"href":"https:\/\/www.huntersfriend.eu\/sv\/wp-json\/wp\/v2\/types\/product"}],"replies":[{"embeddable":true,"href":"https:\/\/www.huntersfriend.eu\/sv\/wp-json\/wp\/v2\/comments?post=286439"}],"wp:featuredmedia":[{"embeddable":true,"href":"https:\/\/www.huntersfriend.eu\/sv\/wp-json\/wp\/v2\/media\/265411"}],"wp:attachment":[{"href":"https:\/\/www.huntersfriend.eu\/sv\/wp-json\/wp\/v2\/media?parent=286439"}],"wp:term":[{"taxonomy":"product_brand","embeddable":true,"href":"https:\/\/www.huntersfriend.eu\/sv\/wp-json\/wp\/v2\/product_brand?post=286439"},{"taxonomy":"product_cat","embeddable":true,"href":"https:\/\/www.huntersfriend.eu\/sv\/wp-json\/wp\/v2\/product_cat?post=286439"},{"taxonomy":"product_tag","embeddable":true,"href":"https:\/\/www.huntersfriend.eu\/sv\/wp-json\/wp\/v2\/product_tag?post=286439"}],"curies":[{"name":"wp","href":"https:\/\/api.w.org\/{rel}","templated":true}]}}