{"id":286436,"date":"2024-02-14T12:52:09","date_gmt":"2024-02-14T10:52:09","guid":{"rendered":"https:\/\/www.huntersfriend.eu\/product\/hoyt-alpha-x-33-anpassad-pilbage\/"},"modified":"2025-08-26T11:39:32","modified_gmt":"2025-08-26T09:39:32","slug":"hoyt-alpha-x-33-anpassad-pilbage","status":"publish","type":"product","link":"https:\/\/www.huntersfriend.eu\/sv\/produkt\/hoyt-alpha-x-33-anpassad-pilbage\/","title":{"rendered":"Hoyt Alpha x 33 anpassad pilb\u00e5ge"},"content":{"rendered":"<p><span data-text-color=\"alert\"><strong>Kontrollera v\u00e5r Hoyt Alpha X 33 I lager-sida f\u00f6r att se om vi har pilb\u00e5gen innan du best\u00e4ller h\u00e4rifr\u00e5n. Leveranstiderna \u00e4r cirka 1\u20132 veckor f\u00f6r pilb\u00e5gar i Hoyt Europas lager och 8\u201310 veckor f\u00f6r specialbest\u00e4llda modeller fr\u00e5n Hoyt USA. Kontakta oss direkt f\u00f6r mer exakt information om tillg\u00e4nglighet.  <\/strong><\/span><\/p>\n<p>Kompakt och f\u00f6rl\u00e5tande, den nya Alpha X 33 k\u00e4nns som hemma i din koja, tr\u00e4dstam eller i vildmarken. Med monumentala f\u00f6rb\u00e4ttringar av tystnad, vibrationer och effektivitet \u00f6verallt \u00e4r detta den spelv\u00e4xlare du har v\u00e4ntat p\u00e5. <\/p>\n<div class=\"details-specs__table col4\">\n<div>\n<div class=\"spec-value\">334 fps (ATA)<\/div>\n<div><\/div>\n<\/div>\n<div>\n<div class=\"spec-value\">33&#8243; axel-till-axel<\/div>\n<div><\/div>\n<\/div>\n<div>\n<div class=\"spec-value\">Pilb\u00e5gens vikt 4,75 pounds<\/div>\n<\/div>\n<div>\n<div class=\"spec-value\">\n<p><span class=\"frac\">6 3\/8<\/span>&#8221; st\u00f6dh\u00f6jd<\/p>\n<\/div>\n<\/div>\n<\/div>\n<div class=\"details-specs__table col2\">\n<div>\n<div class=\"spec-value\">Dragl\u00e4ngder 26-27&#8243; \/ 27,25-29&#8243; \/ 29,25-31&#8243;<\/div>\n<div class=\"spec-title\"><\/div>\n<\/div>\n<div>\n<div class=\"spec-value\">Dragviktsintervall 40-50# \/ 50-60# \/ 55-65# \/ 60-70# \/ 70-80#<\/div>\n<div>\n<h2 class=\"text-3xl\">Den mest effektiva pilb\u00e5gen vi n\u00e5gonsin har producerat.<\/h2>\n<p class=\"text-dark-gray\">Alpha X byggdes fr\u00e5n grunden f\u00f6r ett smidigare drag, h\u00f6gre avlastning, \u00f6kad hastighet och b\u00e4ttre ljud-\/vibrationsprestanda utan behov av Limb Shox. Det var en stor best\u00e4llning, men&#8230; vi spikade den. <\/p>\n<h3 class=\"text-3xl\">HBX<span class=\"thin-heading-font\">\u2122<\/span> Xact<span class=\"thin-heading-font\">\u2122<\/span> Cam. Levererar den perfekta skottupplevelsen en 1\/4&#8243; i taget. <\/h3>\n<p class=\"text-light-gray\">Upplev o\u00f6vertr\u00e4ffad j\u00e4mnhet och skr\u00e4ddarsy din prestanda som aldrig f\u00f6rr. 1\/4&#8243; dragl\u00e4ngdsjusteringar, 3, 2, 1 Mod-system f\u00f6r topprestanda i alla dragl\u00e4ngder, X-h\u00e5rda och h\u00e5rda v\u00e4ggalternativ och 85\/80\/75 % Letoff. Plus ett integrerat st\u00f6d f\u00f6r att skydda din str\u00e4ng fr\u00e5n \u00f6verdrivet slitage i f\u00e4lt.  <\/p>\n<h3 class=\"text-3xl\">N\u00e4r du aldrig \u00e4r n\u00f6jd blir det bara b\u00e4ttre h\u00e4rifr\u00e5n.<\/h3>\n<p class=\"text-light-gray\">Att bygga den nya Alpha X fr\u00e5n grunden \u00e4r ingen \u00f6verdrift. Hoyt-ingenj\u00f6rer v\u00e4ssade alla aspekter fr\u00e5n cam-till-cam och uppn\u00e5dde upp till 18 % minskning av vibrationer och 25 % minskning av ljud. Att vara obeveklig l\u00f6nar sig.  <\/p>\n<h3 class=\"text-3xl\">Integrerad sp\u00e5r f\u00f6r fallsladd h\u00e5ller din st\u00f6dvajer s\u00e4kert undanstoppad.<\/h3>\n<p class=\"text-light-gray\">Placerad p\u00e5 den optimala platsen p\u00e5 Alpha X TEC-stegringen, trimmar denna praktiska utsk\u00e4rning vikten och h\u00e5ller din fall-bort-st\u00f6dvajer ur v\u00e4gen s\u00e5 att du aldrig fastnar i f\u00e4lt.<\/p>\n<h3 class=\"text-3xl\">Nya WireWRX<span class=\"thin-heading-font\">\u2122<\/span> Bow Strings och Holeshot<span class=\"thin-heading-font\">\u2122<\/span> V2-ljudd\u00e4mpare. De sm\u00e5 sakerna som g\u00f6r en enorm skillnad. <\/h3>\n<p class=\"text-light-gray\">Nytt f\u00f6r 2024, WireWRX-str\u00e4ngar \u00e4r utformade som en del av v\u00e5ra pilb\u00e5gars skjutsystem och inkluderar Holeshot V2-str\u00e4ngljudd\u00e4mpare som minskar str\u00e4ngvibrationerna med 25 % \u2013 en m\u00e4rkbar prestandaf\u00f6rdel j\u00e4mf\u00f6rt med andra eftermarknadsstr\u00e4ngar.<\/p>\n<h3 class=\"text-3xl\">VitalPoint<span class=\"thin-heading-font\">\u2122<\/span> Grepp. Utan tvekan v\u00e5rt mest bekv\u00e4ma grepp hittills. <\/h3>\n<p class=\"text-light-gray\">Tillverkad av slitstarkt Versaflex<span class=\"thin-heading-font\">\u2122<\/span>-material f\u00f6r ultimat komfort i alla f\u00f6rh\u00e5llanden, VitalPoint \u00e4r designad i en optimal vinkel f\u00f6r att leverera konsekvent handplacering och noggrannhet.<\/p>\n<\/div>\n<\/div>\n<\/div>\n","protected":false},"excerpt":{"rendered":"<p>Kontrollera v\u00e5r Hoyt Alpha X 33 I lager-sida f\u00f6r att se om vi har pilb\u00e5gen innan du best\u00e4ller h\u00e4rifr\u00e5n. Leveranstiderna \u00e4r cirka 1\u20132 veckor f\u00f6r pilb\u00e5gar i Hoyt Europas lager och 8\u201310 veckor f\u00f6r specialbest\u00e4llda modeller fr\u00e5n Hoyt USA. Kontakta oss direkt f\u00f6r mer exakt information om tillg\u00e4nglighet. Kompakt och f\u00f6rl\u00e5tande, den nya Alpha X [&#8230;]\n","protected":false},"featured_media":264035,"comment_status":"open","ping_status":"closed","template":"","meta":[],"product_brand":[],"product_cat":[878],"product_tag":[],"class_list":{"0":"post-286436","1":"product","2":"type-product","3":"status-publish","4":"has-post-thumbnail","6":"product_cat-uncategorized-sv","7":"product_shipping_class-big-sv","9":"first","10":"outofstock","11":"taxable","12":"shipping-taxable","13":"purchasable","14":"product-type-simple"},"composite_virtual":false,"composite_layout":"","composite_add_to_cart_form_location":"","composite_editable_in_cart":false,"composite_sold_individually_context":"","composite_shop_price_calc":"","composite_components":[],"composite_scenarios":[],"group_of_quantity":0,"min_quantity":0,"max_quantity":"","exclude_order_quantity_value_rules":"no","exclude_category_quantity_rules":"no","combine_variations":"no","exclude_global_add_ons":false,"addons":[{"name":"B\u00e5ghand","type":"multiple_choice","position":0,"required":true,"title_format":"label","default":"","description_enable":false,"description":null,"placeholder_enable":false,"placeholder":null,"display":"select","restrictions_type":"any_text","adjust_price":false,"price":"","price_type":"flat_fee","restrictions":false,"min":"0","max":"0","options":[{"label":"H\u00f6ger hand","price":"","price_type":"flat_fee","image":0,"visibility":true},{"label":"V\u00e4nster hand","price":"","price_type":"flat_fee","image":0,"visibility":true}]},{"name":"Dragvikt","type":"multiple_choice","position":1,"required":true,"title_format":"label","default":"","description_enable":false,"description":null,"placeholder_enable":false,"placeholder":null,"display":"select","restrictions_type":"any_text","adjust_price":false,"price":"","price_type":"flat_fee","restrictions":false,"min":"0","max":"0","options":[{"label":"40-50#","price":"","price_type":"flat_fee","image":0,"visibility":true},{"label":"50-60#","price":"","price_type":"flat_fee","image":0,"visibility":true},{"label":"55-65#","price":"","price_type":"flat_fee","image":0,"visibility":true},{"label":"60-70#","price":"","price_type":"flat_fee","image":0,"visibility":true},{"label":"70-80#","price":"","price_type":"flat_fee","image":0,"visibility":true}]},{"name":"Dragl\u00e4ngd","type":"multiple_choice","position":2,"required":true,"title_format":"label","default":"","description_enable":false,"description":null,"placeholder_enable":false,"placeholder":null,"display":"select","restrictions_type":"any_text","adjust_price":false,"price":"","price_type":"flat_fee","restrictions":false,"min":"0","max":"0","options":[{"label":"26-27\" mod 1","price":"","price_type":"flat_fee","image":0,"visibility":true},{"label":"27,25-29\" mod 2","price":"","price_type":"flat_fee","image":0,"visibility":true},{"label":"29,25-31\" mod 3","price":"","price_type":"flat_fee","image":0,"visibility":true}]},{"name":"F\u00e4rg","type":"multiple_choice","position":3,"required":true,"title_format":"label","default":"","description_enable":false,"description":null,"placeholder_enable":false,"placeholder":null,"display":"select","restrictions_type":"any_text","adjust_price":false,"price":"","price_type":"flat_fee","restrictions":false,"min":"0","max":"0","options":[{"label":"Black out","price":"","price_type":"flat_fee","image":0,"visibility":true},{"label":"Wilderness","price":"","price_type":"flat_fee","image":0,"visibility":true},{"label":"Bourbon","price":"","price_type":"flat_fee","image":0,"visibility":true},{"label":"Tombstone","price":"","price_type":"flat_fee","image":0,"visibility":true},{"label":"Realtree edge","price":"54","price_type":"flat_fee","image":0,"visibility":true},{"label":"Kuiu verde","price":"54","price_type":"flat_fee","image":0,"visibility":true},{"label":"Optifade Elevated II","price":"54","price_type":"flat_fee","image":0,"visibility":true},{"label":"Optifade Subalpine","price":"54","price_type":"flat_fee","image":0,"visibility":true},{"label":"Raptor Highland","price":"54","price_type":"flat_fee","image":0,"visibility":true},{"label":"Black out bone collector","price":"69","price_type":"flat_fee","image":0,"visibility":true},{"label":"Black out keep hammering","price":"69","price_type":"flat_fee","image":0,"visibility":true},{"label":"RT Edge Bone Collector \/Black limbs","price":"118","price_type":"flat_fee","image":0,"visibility":true}]}],"_links":{"self":[{"href":"https:\/\/www.huntersfriend.eu\/sv\/wp-json\/wp\/v2\/product\/286436","targetHints":{"allow":["GET"]}}],"collection":[{"href":"https:\/\/www.huntersfriend.eu\/sv\/wp-json\/wp\/v2\/product"}],"about":[{"href":"https:\/\/www.huntersfriend.eu\/sv\/wp-json\/wp\/v2\/types\/product"}],"replies":[{"embeddable":true,"href":"https:\/\/www.huntersfriend.eu\/sv\/wp-json\/wp\/v2\/comments?post=286436"}],"wp:featuredmedia":[{"embeddable":true,"href":"https:\/\/www.huntersfriend.eu\/sv\/wp-json\/wp\/v2\/media\/264035"}],"wp:attachment":[{"href":"https:\/\/www.huntersfriend.eu\/sv\/wp-json\/wp\/v2\/media?parent=286436"}],"wp:term":[{"taxonomy":"product_brand","embeddable":true,"href":"https:\/\/www.huntersfriend.eu\/sv\/wp-json\/wp\/v2\/product_brand?post=286436"},{"taxonomy":"product_cat","embeddable":true,"href":"https:\/\/www.huntersfriend.eu\/sv\/wp-json\/wp\/v2\/product_cat?post=286436"},{"taxonomy":"product_tag","embeddable":true,"href":"https:\/\/www.huntersfriend.eu\/sv\/wp-json\/wp\/v2\/product_tag?post=286436"}],"curies":[{"name":"wp","href":"https:\/\/api.w.org\/{rel}","templated":true}]}}