{"id":286432,"date":"2024-03-05T14:32:25","date_gmt":"2024-03-05T12:32:25","guid":{"rendered":"https:\/\/www.huntersfriend.eu\/product\/hamskea-everest-drop-away-pilhylla\/"},"modified":"2025-08-26T11:39:30","modified_gmt":"2025-08-26T09:39:30","slug":"hamskea-everest-drop-away-pilhylla","status":"publish","type":"product","link":"https:\/\/www.huntersfriend.eu\/sv\/produkt\/hamskea-everest-drop-away-pilhylla\/","title":{"rendered":"Hamskea Everest Drop Away-pilhylla"},"content":{"rendered":"<p>Universal bracket-version<\/p>\n<ul>\n<li>St\u00f6det \u00e4r i linje bakom stighylsan vilket eliminerar st\u00f6rningar fr\u00e5n kogret<\/li>\n<li>Miro-Launcher vinkeljustering<\/li>\n<li>Supers\u00e4kert och exakt picatinny-kl\u00e4msystem<\/li>\n<li>Konfigurerbar f\u00f6r aktivering via \u00f6vre lem, nedre lem eller vajer<\/li>\n<li>Eliminerar lateral axelr\u00f6relse med Zero Tolerance Technology (ZTT)<\/li>\n<li>Tv\u00e5 lager i rostfritt st\u00e5l f\u00f6r smidig aktivering<\/li>\n<li>\u00c5terstudsd\u00e4mpare hanterar launcher-\u00e5terstuds och mekaniska p\u00e5frestningar<\/li>\n<li>Sladdkl\u00e4msp\u00e4nnare<\/li>\n<li>Justerbar torsionsfj\u00e4dersp\u00e4nning<\/li>\n<\/ul>\n","protected":false},"excerpt":{"rendered":"<p>Universal bracket-version St\u00f6det \u00e4r i linje bakom stighylsan vilket eliminerar st\u00f6rningar fr\u00e5n kogret Miro-Launcher vinkeljustering Supers\u00e4kert och exakt picatinny-kl\u00e4msystem Konfigurerbar f\u00f6r aktivering via \u00f6vre lem, nedre lem eller vajer Eliminerar lateral axelr\u00f6relse med Zero Tolerance Technology (ZTT) Tv\u00e5 lager i rostfritt st\u00e5l f\u00f6r smidig aktivering \u00c5terstudsd\u00e4mpare hanterar launcher-\u00e5terstuds och mekaniska p\u00e5frestningar Sladdkl\u00e4msp\u00e4nnare Justerbar torsionsfj\u00e4dersp\u00e4nning<\/p>\n","protected":false},"featured_media":265050,"comment_status":"open","ping_status":"closed","template":"","meta":[],"product_brand":[],"product_cat":[878],"product_tag":[],"class_list":{"0":"post-286432","1":"product","2":"type-product","3":"status-publish","4":"has-post-thumbnail","6":"product_cat-uncategorized-sv","8":"first","9":"outofstock","10":"sale","11":"taxable","12":"shipping-taxable","13":"purchasable","14":"product-type-variable"},"composite_virtual":false,"composite_layout":"","composite_add_to_cart_form_location":"","composite_editable_in_cart":false,"composite_sold_individually_context":"","composite_shop_price_calc":"","composite_components":[],"composite_scenarios":[],"group_of_quantity":0,"min_quantity":0,"max_quantity":"","exclude_order_quantity_value_rules":"no","exclude_category_quantity_rules":"no","combine_variations":"no","exclude_global_add_ons":[],"addons":[],"_links":{"self":[{"href":"https:\/\/www.huntersfriend.eu\/sv\/wp-json\/wp\/v2\/product\/286432","targetHints":{"allow":["GET"]}}],"collection":[{"href":"https:\/\/www.huntersfriend.eu\/sv\/wp-json\/wp\/v2\/product"}],"about":[{"href":"https:\/\/www.huntersfriend.eu\/sv\/wp-json\/wp\/v2\/types\/product"}],"replies":[{"embeddable":true,"href":"https:\/\/www.huntersfriend.eu\/sv\/wp-json\/wp\/v2\/comments?post=286432"}],"wp:featuredmedia":[{"embeddable":true,"href":"https:\/\/www.huntersfriend.eu\/sv\/wp-json\/wp\/v2\/media\/265050"}],"wp:attachment":[{"href":"https:\/\/www.huntersfriend.eu\/sv\/wp-json\/wp\/v2\/media?parent=286432"}],"wp:term":[{"taxonomy":"product_brand","embeddable":true,"href":"https:\/\/www.huntersfriend.eu\/sv\/wp-json\/wp\/v2\/product_brand?post=286432"},{"taxonomy":"product_cat","embeddable":true,"href":"https:\/\/www.huntersfriend.eu\/sv\/wp-json\/wp\/v2\/product_cat?post=286432"},{"taxonomy":"product_tag","embeddable":true,"href":"https:\/\/www.huntersfriend.eu\/sv\/wp-json\/wp\/v2\/product_tag?post=286432"}],"curies":[{"name":"wp","href":"https:\/\/api.w.org\/{rel}","templated":true}]}}