{"id":286430,"date":"2024-02-28T01:39:32","date_gmt":"2024-02-27T23:39:32","guid":{"rendered":"https:\/\/www.huntersfriend.eu\/product\/muddy-multi-hook-tillbehorshallare\/"},"modified":"2025-08-26T11:39:28","modified_gmt":"2025-08-26T09:39:28","slug":"muddy-multi-hook-tillbehorshallare","status":"publish","type":"product","link":"https:\/\/www.huntersfriend.eu\/sv\/produkt\/muddy-multi-hook-tillbehorshallare\/","title":{"rendered":"Muddy Multi-hook tillbeh\u00f6rsh\u00e5llare"},"content":{"rendered":"<p>En utm\u00e4rkt tillbeh\u00f6rsh\u00e5llare i tr\u00e4dstativet eller tr\u00e4dsadeln.<\/p>\n","protected":false},"excerpt":{"rendered":"<p>En utm\u00e4rkt tillbeh\u00f6rsh\u00e5llare i tr\u00e4dstativet eller tr\u00e4dsadeln.<\/p>\n","protected":false},"featured_media":266806,"comment_status":"open","ping_status":"closed","template":"","meta":[],"product_brand":[],"product_cat":[2765,2568,2563],"product_tag":[],"class_list":{"0":"post-286430","1":"product","2":"type-product","3":"status-publish","4":"has-post-thumbnail","6":"product_cat-fyndlada-slutrea","7":"product_cat-jakt-tillbehor","8":"product_cat-tillbehor-for-jakt-torn-och-gomslen","10":"first","11":"instock","12":"sale","13":"taxable","14":"shipping-taxable","15":"purchasable","16":"product-type-simple"},"composite_virtual":false,"composite_layout":"","composite_add_to_cart_form_location":"","composite_editable_in_cart":false,"composite_sold_individually_context":"","composite_shop_price_calc":"","composite_components":[],"composite_scenarios":[],"group_of_quantity":0,"min_quantity":0,"max_quantity":"","exclude_order_quantity_value_rules":"no","exclude_category_quantity_rules":"no","combine_variations":"no","exclude_global_add_ons":[],"addons":[],"_links":{"self":[{"href":"https:\/\/www.huntersfriend.eu\/sv\/wp-json\/wp\/v2\/product\/286430","targetHints":{"allow":["GET"]}}],"collection":[{"href":"https:\/\/www.huntersfriend.eu\/sv\/wp-json\/wp\/v2\/product"}],"about":[{"href":"https:\/\/www.huntersfriend.eu\/sv\/wp-json\/wp\/v2\/types\/product"}],"replies":[{"embeddable":true,"href":"https:\/\/www.huntersfriend.eu\/sv\/wp-json\/wp\/v2\/comments?post=286430"}],"wp:featuredmedia":[{"embeddable":true,"href":"https:\/\/www.huntersfriend.eu\/sv\/wp-json\/wp\/v2\/media\/266806"}],"wp:attachment":[{"href":"https:\/\/www.huntersfriend.eu\/sv\/wp-json\/wp\/v2\/media?parent=286430"}],"wp:term":[{"taxonomy":"product_brand","embeddable":true,"href":"https:\/\/www.huntersfriend.eu\/sv\/wp-json\/wp\/v2\/product_brand?post=286430"},{"taxonomy":"product_cat","embeddable":true,"href":"https:\/\/www.huntersfriend.eu\/sv\/wp-json\/wp\/v2\/product_cat?post=286430"},{"taxonomy":"product_tag","embeddable":true,"href":"https:\/\/www.huntersfriend.eu\/sv\/wp-json\/wp\/v2\/product_tag?post=286430"}],"curies":[{"name":"wp","href":"https:\/\/api.w.org\/{rel}","templated":true}]}}