{"id":286429,"date":"2024-05-22T00:18:18","date_gmt":"2024-05-21T22:18:18","guid":{"rendered":"https:\/\/www.huntersfriend.eu\/product\/bridger-6-x-6-160-magnum-kroppsfalla\/"},"modified":"2026-03-29T08:54:45","modified_gmt":"2026-03-29T06:54:45","slug":"bridger-6-x-6-160-magnum-kroppsfalla","status":"publish","type":"product","link":"https:\/\/www.huntersfriend.eu\/sv\/produkt\/bridger-6-x-6-160-magnum-kroppsfalla\/","title":{"rendered":"Bridger 6 x 6 (#160) Magnum kroppsf\u00e4lla"},"content":{"rendered":"<p><span class=\"jCAhz ChMk0b\"><span class=\"ryNqvb\">Bridger 6 x 6 (#160) Magnum kroppsf\u00e4lla \u00e4r en prisv\u00e4rd f\u00e4lla tillverkad enligt kvalitetsstandarderna fr\u00e5n dess amerikanska tillverkare, som har ett utm\u00e4rkt rykte p\u00e5 den amerikanska kontinenten.<\/span><\/span> <span class=\"jCAhz ChMk0b\"><span class=\"ryNqvb\">Fj\u00e4drarna i dessa st\u00e5lf\u00e4llor \u00e4r v\u00e4rmebehandlade f\u00f6r l\u00e5ng livsl\u00e4ngd.<\/span><\/span> <span class=\"jCAhz ChMk0b\"><span class=\"ryNqvb\">Utl\u00f6saren i denna modell, som \u00e4r speciellt l\u00e4mplig f\u00f6r m\u00e5rden, \u00e4r bred och sitter p\u00e5 plats mycket bra.<\/span><\/span> <span class=\"jCAhz ChMk0b\"><span class=\"ryNqvb\">Denna genomg\u00e5ngsf\u00e4lla fr\u00e5n Bridger \u00e4r en s\u00e5 kallad<\/span><\/span> <span class=\"jCAhz ChMk0b\"><span class=\"ryNqvb\">en omedelbart d\u00f6dande f\u00e4lla, som orsakar omedelbar d\u00f6d f\u00f6r djuret som gick in i den n\u00e4r den utl\u00f6stes.<\/span><\/span> <span class=\"jCAhz ChMk0b\"><span class=\"ryNqvb\">Bridger 6 x 6-f\u00e4llor placerade i ett skyddande fodral p\u00e5 land eller i vatten \u00e4r till\u00e5tna f\u00f6r att f\u00e5nga mink, m\u00e5rd, iller, vessla och ekorre.<\/span><\/span> <span class=\"jCAhz ChMk0b\"><span class=\"ryNqvb\">F\u00e4llor som placeras p\u00e5 marken, i ett tr\u00e4d eller till exempel i vatten, b\u00f6r placeras s\u00e5 att de inte utg\u00f6r en fara f\u00f6r m\u00e4nniskor eller andra djur \u00e4n de som f\u00e5ngas.<\/span><\/span> <span class=\"jCAhz ChMk0b\"><span class=\"ryNqvb\">Enligt lagen m\u00e5ste f\u00e4llorna placeras inuti den skyddande strukturen.<\/span><\/span> <span class=\"jCAhz ChMk0b\"><span class=\"ryNqvb\">Diametern p\u00e5 mynningen av den skyddande strukturen f\u00e5r inte \u00f6verstiga 8 centimeter.<\/span><\/span> <span class=\"jCAhz ChMk0b\"><span class=\"ryNqvb\">Enligt lagen m\u00e5ste f\u00e4llor servas regelbundet.<\/span><\/span> <span class=\"jCAhz ChMk0b\"><span class=\"ryNqvb\">N\u00e4r du s\u00e4tter f\u00e4llorna rekommenderar vi att du anv\u00e4nder inst\u00e4llningst\u00e4nger eller gripare f\u00f6r din egen s\u00e4kerhet.<\/span><\/span> <span class=\"jCAhz ChMk0b\"><span class=\"ryNqvb\">Bridger 6 x 6 (#160) Magnum st\u00e5ngstorlek \u00e4r 15,56 cm x 15,24 cm och j\u00e4rnets vikt \u00e4r 839,15 gram.<\/span><\/span><\/p>\n","protected":false},"excerpt":{"rendered":"<p>Bridger 6 x 6 (#160) Magnum kroppsf\u00e4lla \u00e4r en prisv\u00e4rd f\u00e4lla tillverkad enligt kvalitetsstandarderna fr\u00e5n dess amerikanska tillverkare, som har ett utm\u00e4rkt rykte p\u00e5 den amerikanska kontinenten. Fj\u00e4drarna i dessa st\u00e5lf\u00e4llor \u00e4r v\u00e4rmebehandlade f\u00f6r l\u00e5ng livsl\u00e4ngd. Utl\u00f6saren i denna modell, som \u00e4r speciellt l\u00e4mplig f\u00f6r m\u00e5rden, \u00e4r bred och sitter p\u00e5 plats mycket bra. Denna [&#8230;]\n","protected":false},"featured_media":268735,"comment_status":"open","ping_status":"closed","template":"","meta":[],"product_brand":[],"product_cat":[2696],"product_tag":[],"class_list":{"0":"post-286429","1":"product","2":"type-product","3":"status-publish","4":"has-post-thumbnail","6":"product_cat-fallor-och-fangsttillbehor","8":"first","9":"instock","10":"taxable","11":"shipping-taxable","12":"purchasable","13":"product-type-simple"},"composite_virtual":false,"composite_layout":"","composite_add_to_cart_form_location":"","composite_editable_in_cart":false,"composite_sold_individually_context":"","composite_shop_price_calc":"","composite_components":[],"composite_scenarios":[],"group_of_quantity":0,"min_quantity":0,"max_quantity":"","exclude_order_quantity_value_rules":"no","exclude_category_quantity_rules":"no","combine_variations":"no","exclude_global_add_ons":[],"addons":[],"_links":{"self":[{"href":"https:\/\/www.huntersfriend.eu\/sv\/wp-json\/wp\/v2\/product\/286429","targetHints":{"allow":["GET"]}}],"collection":[{"href":"https:\/\/www.huntersfriend.eu\/sv\/wp-json\/wp\/v2\/product"}],"about":[{"href":"https:\/\/www.huntersfriend.eu\/sv\/wp-json\/wp\/v2\/types\/product"}],"replies":[{"embeddable":true,"href":"https:\/\/www.huntersfriend.eu\/sv\/wp-json\/wp\/v2\/comments?post=286429"}],"wp:featuredmedia":[{"embeddable":true,"href":"https:\/\/www.huntersfriend.eu\/sv\/wp-json\/wp\/v2\/media\/268735"}],"wp:attachment":[{"href":"https:\/\/www.huntersfriend.eu\/sv\/wp-json\/wp\/v2\/media?parent=286429"}],"wp:term":[{"taxonomy":"product_brand","embeddable":true,"href":"https:\/\/www.huntersfriend.eu\/sv\/wp-json\/wp\/v2\/product_brand?post=286429"},{"taxonomy":"product_cat","embeddable":true,"href":"https:\/\/www.huntersfriend.eu\/sv\/wp-json\/wp\/v2\/product_cat?post=286429"},{"taxonomy":"product_tag","embeddable":true,"href":"https:\/\/www.huntersfriend.eu\/sv\/wp-json\/wp\/v2\/product_tag?post=286429"}],"curies":[{"name":"wp","href":"https:\/\/api.w.org\/{rel}","templated":true}]}}