{"id":286428,"date":"2024-11-20T11:07:58","date_gmt":"2024-11-20T09:07:58","guid":{"rendered":"https:\/\/www.huntersfriend.eu\/product\/hoyt-rx8-ultra-70-80-rh-bourbon-paket\/"},"modified":"2025-08-26T11:28:56","modified_gmt":"2025-08-26T09:28:56","slug":"hoyt-rx8-ultra-70-80-rh-bourbon-paket","status":"publish","type":"product","link":"https:\/\/www.huntersfriend.eu\/sv\/produkt\/hoyt-rx8-ultra-70-80-rh-bourbon-paket\/","title":{"rendered":"Hoyt RX8 ultra 70-80# RH bourbon-paket"},"content":{"rendered":"<p>Hoyt RX8 Ultra 70-80# RH Bourbon-paket &#8211; Helt ny i kartong med full fabriksgaranti!<\/p>\n<p><strong>Ett otroligt erbjudande p\u00e5 ett b\u00e5gpaket som vi specialbest\u00e4llde och som kunden tyv\u00e4rr var tvungen att avbest\u00e4lla. S\u00e5 besparingen \u00e4r din!! <\/strong><\/p>\n<p>Detta specialpaket kan visas som slut i lager, men vi har det. Kontakta oss om du vill bekr\u00e4fta \u00e4nd\u00e5 info@huntersfriend.eu <\/p>\n<p>Inkluderar:<\/p>\n<p>1. Hoyt RX8 Ultra 70-80# H\u00f6ger Bourbon &#8211; Dragl\u00e4ngdsintervall 25-26 \u201c, 26.25-28\u201d, 28.25-30 \u201c<br \/>\nF\u00f6r n\u00e4rvarande 28.25-30\u201d<\/p>\n<p>2. Hoyt pilhylla Compound Integrate MX2<\/p>\n<p>3. Hoyt Superlite 2-delat koger 6 pil Bourbon<\/p>\n<p>4. Hoyt 10\u201d pro series stabilisator bourbon<\/p>\n<p>5. Hoyt 8\u201d pro series stabilisator bourbon<\/p>\n<p>6. Hoyt sidof\u00e4ste paket SL<\/p>\n","protected":false},"excerpt":{"rendered":"<p>Hoyt RX8 Ultra 70-80# RH Bourbon-paket &#8211; Helt ny i kartong med full fabriksgaranti! Ett otroligt erbjudande p\u00e5 ett b\u00e5gpaket som vi specialbest\u00e4llde och som kunden tyv\u00e4rr var tvungen att avbest\u00e4lla. S\u00e5 besparingen \u00e4r din!! Detta specialpaket kan visas som slut i lager, men vi har det. Kontakta oss om du vill bekr\u00e4fta \u00e4nd\u00e5 info@huntersfriend.eu [&#8230;]\n","protected":false},"featured_media":274862,"comment_status":"open","ping_status":"closed","template":"","meta":[],"product_brand":[],"product_cat":[878],"product_tag":[],"class_list":{"0":"post-286428","1":"product","2":"type-product","3":"status-publish","4":"has-post-thumbnail","6":"product_cat-uncategorized-sv","7":"product_shipping_class-big-sv","9":"first","10":"outofstock","11":"taxable","12":"shipping-taxable","13":"purchasable","14":"product-type-simple"},"composite_virtual":false,"composite_layout":"","composite_add_to_cart_form_location":"","composite_editable_in_cart":false,"composite_sold_individually_context":"","composite_shop_price_calc":"","composite_components":[],"composite_scenarios":[],"group_of_quantity":0,"min_quantity":0,"max_quantity":"","exclude_order_quantity_value_rules":"no","exclude_category_quantity_rules":"no","combine_variations":"no","exclude_global_add_ons":[],"addons":[],"_links":{"self":[{"href":"https:\/\/www.huntersfriend.eu\/sv\/wp-json\/wp\/v2\/product\/286428","targetHints":{"allow":["GET"]}}],"collection":[{"href":"https:\/\/www.huntersfriend.eu\/sv\/wp-json\/wp\/v2\/product"}],"about":[{"href":"https:\/\/www.huntersfriend.eu\/sv\/wp-json\/wp\/v2\/types\/product"}],"replies":[{"embeddable":true,"href":"https:\/\/www.huntersfriend.eu\/sv\/wp-json\/wp\/v2\/comments?post=286428"}],"wp:featuredmedia":[{"embeddable":true,"href":"https:\/\/www.huntersfriend.eu\/sv\/wp-json\/wp\/v2\/media\/274862"}],"wp:attachment":[{"href":"https:\/\/www.huntersfriend.eu\/sv\/wp-json\/wp\/v2\/media?parent=286428"}],"wp:term":[{"taxonomy":"product_brand","embeddable":true,"href":"https:\/\/www.huntersfriend.eu\/sv\/wp-json\/wp\/v2\/product_brand?post=286428"},{"taxonomy":"product_cat","embeddable":true,"href":"https:\/\/www.huntersfriend.eu\/sv\/wp-json\/wp\/v2\/product_cat?post=286428"},{"taxonomy":"product_tag","embeddable":true,"href":"https:\/\/www.huntersfriend.eu\/sv\/wp-json\/wp\/v2\/product_tag?post=286428"}],"curies":[{"name":"wp","href":"https:\/\/api.w.org\/{rel}","templated":true}]}}