{"id":286425,"date":"2024-11-16T01:02:10","date_gmt":"2024-11-15T23:02:10","guid":{"rendered":"https:\/\/www.huntersfriend.eu\/product\/pni-jakt-400c-pro-24mp-viltkamera-kit\/"},"modified":"2025-08-26T11:28:52","modified_gmt":"2025-08-26T09:28:52","slug":"pni-jakt-400c-pro-24mp-viltkamera-kit","status":"publish","type":"product","link":"https:\/\/www.huntersfriend.eu\/sv\/produkt\/pni-jakt-400c-pro-24mp-viltkamera-kit\/","title":{"rendered":"PNI jakt 400C pro 24MP viltkamera Kit"},"content":{"rendered":"<h3>PNI Hunting 400C Pro-kamera plus s\u00e4kerhetsfodral, l\u00e5ssystem, 64 GB SD-minneskort, 7,2-12 12V \/ 7,2Ah batteri med kablar.<\/h3>\n<table>\n<tbody>\n<tr class=\"new-template\">\n<td colspan=\"2\">\n<h3 class=\"h-dr\">\u00d6verraskande bilder avsl\u00f6jar vilda djurs hemligheter<\/h3>\n<p class=\"detalii\">Den inbyggda r\u00f6relsesensorn utl\u00f6ser inspelning endast n\u00e4r kameran uppt\u00e4cker r\u00f6relse. F\u00f6r att undvika falsklarm, var s\u00e4rskilt uppm\u00e4rksam p\u00e5 var kameran \u00e4r installerad. Ta bort grenar eller andra element fr\u00e5n dess synf\u00e4lt som kan f\u00e5 kameran att utl\u00f6sas genom sin r\u00f6relse. PIR-vinkeln p\u00e5 100 grader, triggerhastigheten p\u00e5 0,5 sekunder och maximalt 5 bilder i f\u00f6ljd s\u00e4kerst\u00e4ller f\u00e5ngst av alla detaljer och hela h\u00e4ndelsen.   <\/p>\n<p class=\"detalii\">F\u00e4rg-CMOS-sensorn, 5MP-foton, full HD 1080P-videoinspelningar i livfulla och ljusa f\u00e4rger under dagen (svartvitt p\u00e5 natten) och det multipla fotograferingsl\u00e4get erbjuder en of\u00f6rgl\u00f6mlig visuell upplevelse. Oavsett om du vakar \u00f6ver ditt hus, tr\u00e4dg\u00e5rd eller g\u00e5rd, eller tittar p\u00e5 och \u00f6vervakar vilda djurs liv och vanor, \u00e4r PNI Hunting 400C PRO-kameran den mest l\u00e4mpliga l\u00f6sningen. Med sm\u00e5 dimensioner, ett kamouflage-liknande fodral och lysdioder med justerbar ljusstyrka (H\u00f6g\/L\u00e5g) blir PNI Hunting 400C PRO-jaktkameran n\u00e4stan om\u00f6jlig att uppt\u00e4cka. IP66-klass s\u00e4kerst\u00e4ller skydd av kameran mot damm, regn och fukt.   <\/p>\n<\/td>\n<\/tr>\n<tr class=\"new-template\">\n<td colspan=\"2\"><\/td>\n<\/tr>\n<tr class=\"new-template\">\n<td colspan=\"2\">\n<h3 class=\"h-dr\">Skicka foto (24MP) och video (<span class=\"a-list-item\">1080P HD video<\/span>) via e-post eller telefon<\/h3>\n<p class=\"detalii\">N\u00e4r den uppt\u00e4cker r\u00f6relse kan PNI Hunting 400C PRO-jaktkameran skicka foton till 4 telefonnummer via MMS och foto eller video till 4 e-postadresser via SMTP. Foton som skickas via SMTP och FTP har en valbar storlek: Liten (640&#215;480), St\u00f6rre (1920&#215;1440) eller Original (5M\/8M\/12M\/24M) beroende p\u00e5 inst\u00e4llningarna f\u00f6r bildstorlek i kameramenyn. <\/p>\n<\/td>\n<\/tr>\n<tr class=\"new-template\">\n<td colspan=\"2\"><\/td>\n<\/tr>\n<tr class=\"new-template\">\n<td colspan=\"2\">\n<h3 class=\"h-dr\">Tydliga bilder under dagen och p\u00e5 natten. \u201cNo Glow\u201d infrar\u00f6d teknik (ingen reflektion) <\/h3>\n<p class=\"detalii\">PNI Hunting 400C PRO-jaktkameran har alla verktyg som \u00e4ven en oerfaren anv\u00e4ndare beh\u00f6ver: LCD-sk\u00e4rm f\u00f6r programmering av kameran, IR-lysdioder f\u00f6r inspelning p\u00e5 natten, r\u00f6relsesensor f\u00f6r att aktivera kameran endast n\u00e4r djur passerar, vidvinkelobjektiv (100\u00b0) och micro SD-kortplats p\u00e5 maximalt 32 GB f\u00f6r att spara inspelningar (micro SD-kort ing\u00e5r inte). Rekommendation: formatera micro SD-kortet f\u00f6re anv\u00e4ndning. <\/p>\n<\/td>\n<\/tr>\n<tr class=\"new-template\">\n<td colspan=\"2\"><\/td>\n<\/tr>\n<tr class=\"new-template\">\n<td colspan=\"2\">\n<h3 class=\"h-dr\">4G GSM-modul<\/h3>\n<p>Med inbyggt 4G-l\u00e4ge, <strong>med ett 4G SIM-kort,<\/strong> skickar PNI Hunting 400C PRO foton i stor storlek till e-post och FTP-server och MMS-foton (640&#215;480) till mobiltelefon. Genom <strong>den kostnadsfria Trail Camera-appen (Android \/ iOS)<\/strong> kan anv\u00e4ndaren g\u00f6ra grundl\u00e4ggande kamerainst\u00e4llningar och f\u00e5 bilder i realtid p\u00e5 distans. <\/td>\n<\/tr>\n<\/tbody>\n<\/table>\n<h2><strong>St\u00e4ll in kameran f\u00f6r att anv\u00e4nda ett Gmail-konto<\/strong><\/h2>\n<table>\n<tbody>\n<tr>\n<td colspan=\"2\"><strong>Produktidentifiering<\/strong><\/td>\n<\/tr>\n<tr>\n<td>Produktkod<\/td>\n<td>PNI-HU400PRO<\/td>\n<\/tr>\n<tr>\n<td>F\u00e4rg<\/td>\n<td>kamouflage<\/td>\n<\/tr>\n<tr>\n<td>Producent<\/td>\n<td>PNI<\/td>\n<\/tr>\n<tr>\n<td colspan=\"2\"><strong>Egenskaper<\/strong><\/td>\n<\/tr>\n<tr>\n<td>Bildsensor<\/td>\n<td>5MP f\u00e4rg CMOS<\/td>\n<\/tr>\n<tr>\n<td>M\u00f6rkerseende<\/td>\n<td>upp till 20 m<\/td>\n<\/tr>\n<tr>\n<td>OBJEKTIV<\/td>\n<td>F=3.0; FOV=100\u00b0<\/td>\n<\/tr>\n<tr>\n<td>LCD-sk\u00e4rm<\/td>\n<td>2 tum<\/td>\n<\/tr>\n<tr>\n<td>IR LED<\/td>\n<td>topp: 27 lysdioder\/botten: 32 lysdioder<\/td>\n<\/tr>\n<tr>\n<td>Bildformat<\/td>\n<td>JPEG<\/td>\n<\/tr>\n<tr>\n<td>Videoformat<\/td>\n<td>AVI<\/td>\n<\/tr>\n<tr>\n<td>Videol\u00e4ngd<\/td>\n<td>5-60 sek. programmerbar<\/td>\n<\/tr>\n<tr>\n<td>Triggertid<\/td>\n<td>0,4 sek.<\/td>\n<\/tr>\n<tr>\n<td>Triggerintervall<\/td>\n<td>4 sek. &#8211; 7 sek. <\/td>\n<\/tr>\n<tr>\n<td>Drifttemperatur<\/td>\n<td>-26\u00b0C ~ +80\u00b0C<\/td>\n<\/tr>\n<tr>\n<td>storlek<\/td>\n<td>115 X 74 X 147 mm<\/td>\n<\/tr>\n<tr>\n<td>Vikt<\/td>\n<td>420 gr<\/td>\n<\/tr>\n<tr>\n<td>matning<\/td>\n<td>12 AA 9v batterier; DC: 12V<\/td>\n<\/tr>\n<tr>\n<td>Batterityp som st\u00f6ds<\/td>\n<td>Alkaline eller Li-Ion eller NiMH-batterier<\/td>\n<\/tr>\n<tr>\n<td>Minimal belysning<\/td>\n<td>0 Lux<\/td>\n<\/tr>\n<tr>\n<td>GPRS<\/td>\n<td>Ja<\/td>\n<\/tr>\n<tr>\n<td>MMS<\/td>\n<td>Ja<\/td>\n<\/tr>\n<tr>\n<td>Vattent\u00e4t<\/td>\n<td>IP66<\/td>\n<\/tr>\n<tr>\n<td>R\u00f6relsesensor<\/td>\n<td>Ja<\/td>\n<\/tr>\n<tr>\n<td>Fotouppl\u00f6sning<\/td>\n<td>24MP (5632&#215;4224)<\/td>\n<\/tr>\n<tr>\n<td>Videouppl\u00f6sning<\/td>\n<td>1080P (1920x1080px)<\/td>\n<\/tr>\n<tr>\n<td>Skicka bilder direkt<\/td>\n<td>Ja, via e-post, MMS, FTP<\/td>\n<\/tr>\n<tr>\n<td>Mikrofon<\/td>\n<td>Ja<\/td>\n<\/tr>\n<tr>\n<td>Driftl\u00e4ge<\/td>\n<td>Foto \/ Foto+Video \/ Video<\/td>\n<\/tr>\n<tr>\n<td>Dag\/nattsensor<\/td>\n<td>Ja<\/td>\n<\/tr>\n<tr>\n<td>PIR-avst\u00e5nd<\/td>\n<td>Upp till 20 m<\/td>\n<\/tr>\n<tr>\n<td>PIR-vinkel<\/td>\n<td>100\u00b0<\/td>\n<\/tr>\n<tr>\n<td>Foton i en serie<\/td>\n<td>1 &#8211; 5<\/td>\n<\/tr>\n<tr>\n<td>Fj\u00e4rrkonfiguration<\/td>\n<td>Via SMS<\/td>\n<\/tr>\n<tr>\n<td>Dedikerad applikation<\/td>\n<td>TrailCamera<\/td>\n<\/tr>\n<tr>\n<td colspan=\"2\"><strong>Kablage<\/strong><\/td>\n<\/tr>\n<tr>\n<td>USB<\/td>\n<td>Ja<\/td>\n<\/tr>\n<tr>\n<td>Kortplats<\/td>\n<td>Ja, SD max 32GB<\/td>\n<\/tr>\n<tr>\n<td>SIM-kortplats<\/td>\n<td>Ja<\/td>\n<\/tr>\n<tr>\n<td colspan=\"2\"><strong>Paketet inneh\u00e5ller<\/strong><\/td>\n<\/tr>\n<tr>\n<td>Jaktkamera<\/td>\n<td>Ja<\/td>\n<\/tr>\n<tr>\n<td>USB-miniUSB-kabel<\/td>\n<td>Ja<\/td>\n<\/tr>\n<tr>\n<td>Sladdf\u00e4ste<\/td>\n<td>Ja<\/td>\n<\/tr>\n<tr>\n<td>GPRS-antenn<\/td>\n<td>Ja, 2 st<\/td>\n<\/tr>\n<tr>\n<td>Rem<\/td>\n<td>Ja<\/td>\n<\/tr>\n<tr>\n<td>SIM-adapter<\/td>\n<td>Ja<\/td>\n<\/tr>\n<\/tbody>\n<\/table>\n","protected":false},"excerpt":{"rendered":"<p>PNI Hunting 400C Pro-kamera plus s\u00e4kerhetsfodral, l\u00e5ssystem, 64 GB SD-minneskort, 7,2-12 12V \/ 7,2Ah batteri med kablar. \u00d6verraskande bilder avsl\u00f6jar vilda djurs hemligheter Den inbyggda r\u00f6relsesensorn utl\u00f6ser inspelning endast n\u00e4r kameran uppt\u00e4cker r\u00f6relse. F\u00f6r att undvika falsklarm, var s\u00e4rskilt uppm\u00e4rksam p\u00e5 var kameran \u00e4r installerad. Ta bort grenar eller andra element fr\u00e5n dess synf\u00e4lt som [&#8230;]\n","protected":false},"featured_media":274841,"comment_status":"open","ping_status":"closed","template":"","meta":[],"product_brand":[],"product_cat":[878],"product_tag":[],"class_list":{"0":"post-286425","1":"product","2":"type-product","3":"status-publish","4":"has-post-thumbnail","6":"product_cat-uncategorized-sv","7":"product_shipping_class-big-sv","9":"first","10":"outofstock","11":"sale","12":"taxable","13":"shipping-taxable","14":"purchasable","15":"product-type-simple"},"composite_virtual":false,"composite_layout":"","composite_add_to_cart_form_location":"","composite_editable_in_cart":false,"composite_sold_individually_context":"","composite_shop_price_calc":"","composite_components":[],"composite_scenarios":[],"group_of_quantity":0,"min_quantity":0,"max_quantity":"","exclude_order_quantity_value_rules":"no","exclude_category_quantity_rules":"no","combine_variations":"no","exclude_global_add_ons":[],"addons":[],"_links":{"self":[{"href":"https:\/\/www.huntersfriend.eu\/sv\/wp-json\/wp\/v2\/product\/286425","targetHints":{"allow":["GET"]}}],"collection":[{"href":"https:\/\/www.huntersfriend.eu\/sv\/wp-json\/wp\/v2\/product"}],"about":[{"href":"https:\/\/www.huntersfriend.eu\/sv\/wp-json\/wp\/v2\/types\/product"}],"replies":[{"embeddable":true,"href":"https:\/\/www.huntersfriend.eu\/sv\/wp-json\/wp\/v2\/comments?post=286425"}],"wp:featuredmedia":[{"embeddable":true,"href":"https:\/\/www.huntersfriend.eu\/sv\/wp-json\/wp\/v2\/media\/274841"}],"wp:attachment":[{"href":"https:\/\/www.huntersfriend.eu\/sv\/wp-json\/wp\/v2\/media?parent=286425"}],"wp:term":[{"taxonomy":"product_brand","embeddable":true,"href":"https:\/\/www.huntersfriend.eu\/sv\/wp-json\/wp\/v2\/product_brand?post=286425"},{"taxonomy":"product_cat","embeddable":true,"href":"https:\/\/www.huntersfriend.eu\/sv\/wp-json\/wp\/v2\/product_cat?post=286425"},{"taxonomy":"product_tag","embeddable":true,"href":"https:\/\/www.huntersfriend.eu\/sv\/wp-json\/wp\/v2\/product_tag?post=286425"}],"curies":[{"name":"wp","href":"https:\/\/api.w.org\/{rel}","templated":true}]}}