{"id":286421,"date":"2024-11-16T01:02:11","date_gmt":"2024-11-15T23:02:11","guid":{"rendered":"https:\/\/www.huntersfriend.eu\/product\/duke-kroppsfalla-330-2-kroppsfalla\/"},"modified":"2026-04-15T14:30:56","modified_gmt":"2026-04-15T12:30:56","slug":"duke-kroppsfalla-330-2-kroppsfalla","status":"publish","type":"product","link":"https:\/\/www.huntersfriend.eu\/sv\/produkt\/duke-kroppsfalla-330-2-kroppsfalla\/","title":{"rendered":"Duke kroppsf\u00e4lla 330-2 kroppsf\u00e4lla"},"content":{"rendered":"<h3>Duke kroppsgripande f\u00e4llor \u00e4r roterande k\u00e4kf\u00e4llor som anv\u00e4nds f\u00f6r att snabbt f\u00e5nga och avliva vilda djur. Denna typ av f\u00e4lla utvecklades under 1950-talet och har stadigt \u00f6kat i anv\u00e4ndning p\u00e5 grund av f\u00e4llans m\u00e5ngsidighet och effektivitet. Duke kroppsf\u00e4llor som storlekarna #330 och #280 \u00e4r allm\u00e4nt accepterade av statliga och federala viltv\u00e5rdsmyndigheter som de mest effektiva humana f\u00e4llorna f\u00f6r b\u00e4verpopulationskontroll.  <\/h3>\n<h3>Modell: 0430<br \/>\nK\u00e4k\u00f6ppning: 10\u201d<br \/>\nM\u00e5l: B\u00e4ver, r\u00f6dlo, pr\u00e4rievarg, utter<\/h3>\n","protected":false},"excerpt":{"rendered":"<p>Duke kroppsgripande f\u00e4llor \u00e4r roterande k\u00e4kf\u00e4llor som anv\u00e4nds f\u00f6r att snabbt f\u00e5nga och avliva vilda djur. Denna typ av f\u00e4lla utvecklades under 1950-talet och har stadigt \u00f6kat i anv\u00e4ndning p\u00e5 grund av f\u00e4llans m\u00e5ngsidighet och effektivitet. Duke kroppsf\u00e4llor som storlekarna #330 och #280 \u00e4r allm\u00e4nt accepterade av statliga och federala viltv\u00e5rdsmyndigheter som de mest effektiva [&#8230;]\n","protected":false},"featured_media":274825,"comment_status":"open","ping_status":"closed","template":"","meta":[],"product_brand":[],"product_cat":[2696],"product_tag":[],"class_list":{"0":"post-286421","1":"product","2":"type-product","3":"status-publish","4":"has-post-thumbnail","6":"product_cat-fallor-och-fangsttillbehor","8":"first","9":"instock","10":"taxable","11":"shipping-taxable","12":"purchasable","13":"product-type-simple"},"composite_virtual":false,"composite_layout":"","composite_add_to_cart_form_location":"","composite_editable_in_cart":false,"composite_sold_individually_context":"","composite_shop_price_calc":"","composite_components":[],"composite_scenarios":[],"group_of_quantity":0,"min_quantity":0,"max_quantity":"","exclude_order_quantity_value_rules":"no","exclude_category_quantity_rules":"no","combine_variations":"no","exclude_global_add_ons":[],"addons":[],"_links":{"self":[{"href":"https:\/\/www.huntersfriend.eu\/sv\/wp-json\/wp\/v2\/product\/286421","targetHints":{"allow":["GET"]}}],"collection":[{"href":"https:\/\/www.huntersfriend.eu\/sv\/wp-json\/wp\/v2\/product"}],"about":[{"href":"https:\/\/www.huntersfriend.eu\/sv\/wp-json\/wp\/v2\/types\/product"}],"replies":[{"embeddable":true,"href":"https:\/\/www.huntersfriend.eu\/sv\/wp-json\/wp\/v2\/comments?post=286421"}],"wp:featuredmedia":[{"embeddable":true,"href":"https:\/\/www.huntersfriend.eu\/sv\/wp-json\/wp\/v2\/media\/274825"}],"wp:attachment":[{"href":"https:\/\/www.huntersfriend.eu\/sv\/wp-json\/wp\/v2\/media?parent=286421"}],"wp:term":[{"taxonomy":"product_brand","embeddable":true,"href":"https:\/\/www.huntersfriend.eu\/sv\/wp-json\/wp\/v2\/product_brand?post=286421"},{"taxonomy":"product_cat","embeddable":true,"href":"https:\/\/www.huntersfriend.eu\/sv\/wp-json\/wp\/v2\/product_cat?post=286421"},{"taxonomy":"product_tag","embeddable":true,"href":"https:\/\/www.huntersfriend.eu\/sv\/wp-json\/wp\/v2\/product_tag?post=286421"}],"curies":[{"name":"wp","href":"https:\/\/api.w.org\/{rel}","templated":true}]}}