{"id":286420,"date":"2024-10-23T10:04:48","date_gmt":"2024-10-23T08:04:48","guid":{"rendered":"https:\/\/www.huntersfriend.eu\/product\/kicks-high-flyer-fabarm-tribore-hp-choke\/"},"modified":"2025-08-26T11:28:50","modified_gmt":"2025-08-26T09:28:50","slug":"kicks-high-flyer-fabarm-tribore-hp-choke","status":"publish","type":"product","link":"https:\/\/www.huntersfriend.eu\/sv\/produkt\/kicks-high-flyer-fabarm-tribore-hp-choke\/","title":{"rendered":"Kicks high flyer fabarm TriBore HP choke"},"content":{"rendered":"<p><span class=\"jCAhz ChMk0b\"><span class=\"ryNqvb\">Kicks high flyer fabarm TriBore HP  <\/span><\/span><\/p>\n<p><span class=\"jCAhz ChMk0b\"><span class=\"ryNqvb\">Kicks High Flyer-choken \u00e4r en popul\u00e4r choke som \u00e4r tillverkad av kvalitetsmaterial.<\/span><\/span> <span class=\"jCAhz ChMk0b\"><span class=\"ryNqvb\">Choken \u00e4r maskinbearbetad fr\u00e5n en v\u00e4rmebehandlad 17-4PH st\u00e5ng av rostfritt st\u00e5l.<\/span><\/span> <span class=\"jCAhz ChMk0b\"><span class=\"ryNqvb\">I produktionen har den senaste, IT-styrda tekniken och h\u00f6ga standarder anv\u00e4nts. <\/span><\/span><\/p>\n<p><span class=\"jCAhz ChMk0b\"><span class=\"ryNqvb\">Denna choke \u00e4r l\u00e4mplig f\u00f6r vattenf\u00e5gelsj\u00e4gare, f\u00e5gelj\u00e4gare, duv- och harj\u00e4gare.<\/span><\/span> <span class=\"jCAhz ChMk0b\"><span class=\"ryNqvb\">Tack vare sin design minskar choken rekylen, vilket m\u00f6jligg\u00f6r snabbare skott.<\/span><\/span> <span class=\"jCAhz\"><span class=\"ryNqvb\">Choken f\u00f6rb\u00e4ttrar tr\u00e4ffbilden med upp till 20 % j\u00e4mf\u00f6rt med originalet. <\/span><\/span><\/p>\n<p><span class=\"jCAhz ChMk0b\"><span class=\"ryNqvb\">Kicks High Flyer-choken \u00e4r speciellt tillverkad f\u00f6r att skjuta st\u00e5lhagel, men den \u00e4r ocks\u00e5 l\u00e4mplig f\u00f6r att skjuta bly, volfram och koppar.<\/span><\/span> Den <span class=\"jCAhz ChMk0b\"><span class=\"ryNqvb\">\u00e4r gjord f\u00f6r att skjuta fabrikspatroner, s\u00e5 anv\u00e4ndaren och laddaren av sj\u00e4lvladdade patroner \u00e4r alltid ansvariga f\u00f6r eventuella problem som orsakas av patronen.<\/span><\/span> <\/p>\n<p><span class=\"jCAhz\"><span class=\"ryNqvb\">Matt svart bel\u00e4ggning.<\/span><\/span><\/p>\n<p><span class=\"jCAhz\"><span class=\"ryNqvb\">Kan \u00e4ven dras \u00e5t f\u00f6r hand. <\/span><\/span><\/p>\n<p><span class=\"jCAhz\"><span class=\"ryNqvb\">Tillg\u00e4ngliga grader av minskning: <\/span><\/span><\/p>\n<p><span class=\"jCAhz\"><span class=\"ryNqvb\">Mod,<\/span><\/span> <span class=\"jCAhz\"><span class=\"ryNqvb\">full och x full<\/span><\/span> <\/p>\n<p><span class=\"jCAhz ChMk0b\"><span class=\"ryNqvb\">Den h\u00e4r produkten \u00e4r l\u00e4mplig f\u00f6r Fabarm-hagelgev\u00e4r.<\/span><\/span> <span class=\"jCAhz ChMk0b\"><span class=\"ryNqvb\">Chokens l\u00e4ngd \u00e4r 82 mm och g\u00e4ngan \u00e4r Browning DS.<\/span><\/span> <span class=\"jCAhz ChMk0b\"><span class=\"ryNqvb\">Se alltid till att g\u00e4ngan p\u00e5 Kicks-choken passar ditt vapen.<\/span><\/span> <span class=\"jCAhz ChMk0b\"><span class=\"ryNqvb\">Du kan bekr\u00e4fta r\u00e4tt choke fr\u00e5n markeringarna p\u00e5 originalchoken f\u00f6r ditt vapen.<\/span><\/span><\/p>\n","protected":false},"excerpt":{"rendered":"<p>Kicks high flyer fabarm TriBore HP Kicks High Flyer-choken \u00e4r en popul\u00e4r choke som \u00e4r tillverkad av kvalitetsmaterial. Choken \u00e4r maskinbearbetad fr\u00e5n en v\u00e4rmebehandlad 17-4PH st\u00e5ng av rostfritt st\u00e5l. I produktionen har den senaste, IT-styrda tekniken och h\u00f6ga standarder anv\u00e4nts. Denna choke \u00e4r l\u00e4mplig f\u00f6r vattenf\u00e5gelsj\u00e4gare, f\u00e5gelj\u00e4gare, duv- och harj\u00e4gare. Tack vare sin design minskar [&#8230;]\n","protected":false},"featured_media":274529,"comment_status":"open","ping_status":"closed","template":"","meta":[],"product_brand":[],"product_cat":[2762],"product_tag":[],"class_list":{"0":"post-286420","1":"product","2":"type-product","3":"status-publish","4":"has-post-thumbnail","6":"product_cat-choker","8":"first","9":"instock","10":"taxable","11":"shipping-taxable","12":"purchasable","13":"product-type-variable"},"composite_virtual":false,"composite_layout":"","composite_add_to_cart_form_location":"","composite_editable_in_cart":false,"composite_sold_individually_context":"","composite_shop_price_calc":"","composite_components":[],"composite_scenarios":[],"group_of_quantity":0,"min_quantity":0,"max_quantity":"","exclude_order_quantity_value_rules":"no","exclude_category_quantity_rules":"no","combine_variations":"no","exclude_global_add_ons":[],"addons":[],"_links":{"self":[{"href":"https:\/\/www.huntersfriend.eu\/sv\/wp-json\/wp\/v2\/product\/286420","targetHints":{"allow":["GET"]}}],"collection":[{"href":"https:\/\/www.huntersfriend.eu\/sv\/wp-json\/wp\/v2\/product"}],"about":[{"href":"https:\/\/www.huntersfriend.eu\/sv\/wp-json\/wp\/v2\/types\/product"}],"replies":[{"embeddable":true,"href":"https:\/\/www.huntersfriend.eu\/sv\/wp-json\/wp\/v2\/comments?post=286420"}],"wp:featuredmedia":[{"embeddable":true,"href":"https:\/\/www.huntersfriend.eu\/sv\/wp-json\/wp\/v2\/media\/274529"}],"wp:attachment":[{"href":"https:\/\/www.huntersfriend.eu\/sv\/wp-json\/wp\/v2\/media?parent=286420"}],"wp:term":[{"taxonomy":"product_brand","embeddable":true,"href":"https:\/\/www.huntersfriend.eu\/sv\/wp-json\/wp\/v2\/product_brand?post=286420"},{"taxonomy":"product_cat","embeddable":true,"href":"https:\/\/www.huntersfriend.eu\/sv\/wp-json\/wp\/v2\/product_cat?post=286420"},{"taxonomy":"product_tag","embeddable":true,"href":"https:\/\/www.huntersfriend.eu\/sv\/wp-json\/wp\/v2\/product_tag?post=286420"}],"curies":[{"name":"wp","href":"https:\/\/api.w.org\/{rel}","templated":true}]}}