{"id":286416,"date":"2024-11-16T01:02:11","date_gmt":"2024-11-15T23:02:11","guid":{"rendered":"https:\/\/www.huntersfriend.eu\/product\/duke-kroppsfalla-120-2-kroppsfalla\/"},"modified":"2026-04-15T14:25:31","modified_gmt":"2026-04-15T12:25:31","slug":"duke-kroppsfalla-120-2-kroppsfalla","status":"publish","type":"product","link":"https:\/\/www.huntersfriend.eu\/sv\/produkt\/duke-kroppsfalla-120-2-kroppsfalla\/","title":{"rendered":"Duke kroppsf\u00e4lla 120-2 kroppsf\u00e4lla"},"content":{"rendered":"<h3>Duke kroppsf\u00e5ngstf\u00e4llor \u00e4r roterande k\u00e4kf\u00e4llor som anv\u00e4nds f\u00f6r att snabbt f\u00e5nga och avliva vilda djur. Denna typ av f\u00e4lla utvecklades under 1950-talet och har stadigt \u00f6kat i anv\u00e4ndning p\u00e5 grund av f\u00e4llans m\u00e5ngsidighet och effektivitet. <\/h3>\n<h3>Modell: 0410<br \/>\nK\u00e4ft\u00f6ppning: 4,5\u201d<br \/>\nM\u00e5l: M\u00e5rd, Mink, Bisamr\u00e5tta<\/h3>\n","protected":false},"excerpt":{"rendered":"<p>Duke kroppsf\u00e5ngstf\u00e4llor \u00e4r roterande k\u00e4kf\u00e4llor som anv\u00e4nds f\u00f6r att snabbt f\u00e5nga och avliva vilda djur. Denna typ av f\u00e4lla utvecklades under 1950-talet och har stadigt \u00f6kat i anv\u00e4ndning p\u00e5 grund av f\u00e4llans m\u00e5ngsidighet och effektivitet. Modell: 0410 K\u00e4ft\u00f6ppning: 4,5\u201d M\u00e5l: M\u00e5rd, Mink, Bisamr\u00e5tta<\/p>\n","protected":false},"featured_media":274817,"comment_status":"open","ping_status":"closed","template":"","meta":[],"product_brand":[],"product_cat":[2696],"product_tag":[],"class_list":{"0":"post-286416","1":"product","2":"type-product","3":"status-publish","4":"has-post-thumbnail","6":"product_cat-fallor-och-fangsttillbehor","8":"first","9":"instock","10":"taxable","11":"shipping-taxable","12":"purchasable","13":"product-type-simple"},"composite_virtual":false,"composite_layout":"","composite_add_to_cart_form_location":"","composite_editable_in_cart":false,"composite_sold_individually_context":"","composite_shop_price_calc":"","composite_components":[],"composite_scenarios":[],"group_of_quantity":0,"min_quantity":0,"max_quantity":"","exclude_order_quantity_value_rules":"no","exclude_category_quantity_rules":"no","combine_variations":"no","exclude_global_add_ons":[],"addons":[],"_links":{"self":[{"href":"https:\/\/www.huntersfriend.eu\/sv\/wp-json\/wp\/v2\/product\/286416","targetHints":{"allow":["GET"]}}],"collection":[{"href":"https:\/\/www.huntersfriend.eu\/sv\/wp-json\/wp\/v2\/product"}],"about":[{"href":"https:\/\/www.huntersfriend.eu\/sv\/wp-json\/wp\/v2\/types\/product"}],"replies":[{"embeddable":true,"href":"https:\/\/www.huntersfriend.eu\/sv\/wp-json\/wp\/v2\/comments?post=286416"}],"wp:featuredmedia":[{"embeddable":true,"href":"https:\/\/www.huntersfriend.eu\/sv\/wp-json\/wp\/v2\/media\/274817"}],"wp:attachment":[{"href":"https:\/\/www.huntersfriend.eu\/sv\/wp-json\/wp\/v2\/media?parent=286416"}],"wp:term":[{"taxonomy":"product_brand","embeddable":true,"href":"https:\/\/www.huntersfriend.eu\/sv\/wp-json\/wp\/v2\/product_brand?post=286416"},{"taxonomy":"product_cat","embeddable":true,"href":"https:\/\/www.huntersfriend.eu\/sv\/wp-json\/wp\/v2\/product_cat?post=286416"},{"taxonomy":"product_tag","embeddable":true,"href":"https:\/\/www.huntersfriend.eu\/sv\/wp-json\/wp\/v2\/product_tag?post=286416"}],"curies":[{"name":"wp","href":"https:\/\/api.w.org\/{rel}","templated":true}]}}