{"id":286415,"date":"2024-10-23T00:37:30","date_gmt":"2024-10-22T22:37:30","guid":{"rendered":"https:\/\/www.huntersfriend.eu\/product\/morakniv-bryne\/"},"modified":"2025-08-26T11:28:47","modified_gmt":"2025-08-26T09:28:47","slug":"morakniv-bryne","status":"publish","type":"product","link":"https:\/\/www.huntersfriend.eu\/sv\/produkt\/morakniv-bryne\/","title":{"rendered":"Morakniv bryne"},"content":{"rendered":"<p><span class=\"jCAhz ChMk0b\"><span class=\"ryNqvb\">Morakniv bryne \u00e4r s\u00e4rskilt l\u00e4mpligt f\u00f6r att v\u00e4ssa k\u00f6ks- och slaktknivar.<\/span><\/span> <span class=\"jCAhz ChMk0b\"><span class=\"ryNqvb\">Den \u00e4r utrustad med ett l\u00e4ttrengjort plasthandtag med h\u00e4ng\u00f6gla. <\/span><\/span><\/p>\n<p><span class=\"jCAhz ChMk0b\"><span class=\"ryNqvb\">M\u00e5tt:<\/span><\/span> <span class=\"jCAhz ChMk0b\"><span class=\"ryNqvb\">Diameter 9,5 mm.<br \/>\n<\/span><\/span> <span class=\"jCAhz ChMk0b\"><span class=\"ryNqvb\">St\u00e5ll\u00e4ngd 17,8 cm.<\/span><\/span> <span class=\"jCAhz ChMk0b\"><span class=\"ryNqvb\">T<br \/>\notall\u00e4ngd ca<\/span><\/span> <span class=\"jCAhz ChMk0b\"><span class=\"ryNqvb\">32 cm.<\/span><\/span> <span class=\"jCAhz\"><span class=\"ryNqvb\">Vikt ca 160 g.<\/span><\/span><\/p>\n","protected":false},"excerpt":{"rendered":"<p>Morakniv bryne \u00e4r s\u00e4rskilt l\u00e4mpligt f\u00f6r att v\u00e4ssa k\u00f6ks- och slaktknivar. Den \u00e4r utrustad med ett l\u00e4ttrengjort plasthandtag med h\u00e4ng\u00f6gla. M\u00e5tt: Diameter 9,5 mm. St\u00e5ll\u00e4ngd 17,8 cm. T otall\u00e4ngd ca 32 cm. Vikt ca 160 g.<\/p>\n","protected":false},"featured_media":274955,"comment_status":"open","ping_status":"closed","template":"","meta":[],"product_brand":[],"product_cat":[2610],"product_tag":[],"class_list":{"0":"post-286415","1":"product","2":"type-product","3":"status-publish","4":"has-post-thumbnail","6":"product_cat-knivar-yxor-och-slipar","8":"first","9":"instock","10":"taxable","11":"shipping-taxable","12":"purchasable","13":"product-type-simple"},"composite_virtual":false,"composite_layout":"","composite_add_to_cart_form_location":"","composite_editable_in_cart":false,"composite_sold_individually_context":"","composite_shop_price_calc":"","composite_components":[],"composite_scenarios":[],"group_of_quantity":0,"min_quantity":0,"max_quantity":"","exclude_order_quantity_value_rules":"no","exclude_category_quantity_rules":"no","combine_variations":"no","exclude_global_add_ons":[],"addons":[],"_links":{"self":[{"href":"https:\/\/www.huntersfriend.eu\/sv\/wp-json\/wp\/v2\/product\/286415","targetHints":{"allow":["GET"]}}],"collection":[{"href":"https:\/\/www.huntersfriend.eu\/sv\/wp-json\/wp\/v2\/product"}],"about":[{"href":"https:\/\/www.huntersfriend.eu\/sv\/wp-json\/wp\/v2\/types\/product"}],"replies":[{"embeddable":true,"href":"https:\/\/www.huntersfriend.eu\/sv\/wp-json\/wp\/v2\/comments?post=286415"}],"wp:featuredmedia":[{"embeddable":true,"href":"https:\/\/www.huntersfriend.eu\/sv\/wp-json\/wp\/v2\/media\/274955"}],"wp:attachment":[{"href":"https:\/\/www.huntersfriend.eu\/sv\/wp-json\/wp\/v2\/media?parent=286415"}],"wp:term":[{"taxonomy":"product_brand","embeddable":true,"href":"https:\/\/www.huntersfriend.eu\/sv\/wp-json\/wp\/v2\/product_brand?post=286415"},{"taxonomy":"product_cat","embeddable":true,"href":"https:\/\/www.huntersfriend.eu\/sv\/wp-json\/wp\/v2\/product_cat?post=286415"},{"taxonomy":"product_tag","embeddable":true,"href":"https:\/\/www.huntersfriend.eu\/sv\/wp-json\/wp\/v2\/product_tag?post=286415"}],"curies":[{"name":"wp","href":"https:\/\/api.w.org\/{rel}","templated":true}]}}