{"id":286414,"date":"2024-10-23T00:37:29","date_gmt":"2024-10-22T22:37:29","guid":{"rendered":"https:\/\/www.huntersfriend.eu\/product\/boker-diamant-och-keramisk-slipsten\/"},"modified":"2025-08-26T11:28:44","modified_gmt":"2025-08-26T09:28:44","slug":"boker-diamant-och-keramisk-slipsten","status":"publish","type":"product","link":"https:\/\/www.huntersfriend.eu\/sv\/produkt\/boker-diamant-och-keramisk-slipsten\/","title":{"rendered":"B\u00f6ker Diamant- och keramisk slipsten"},"content":{"rendered":"<p><span class=\"jCAhz ChMk0b\"><span class=\"ryNqvb\">B\u00f6ker diamant- och keramisk slipsten \u00e4r en praktisk och l\u00e4ttanv\u00e4nd slipanordning f\u00f6r knivar och tr\u00e4dg\u00e5rdsredskap.<\/span><\/span> <span class=\"jCAhz ChMk0b\"><span class=\"ryNqvb\">Den \u00e4r utrustad med tv\u00e5 slipytor f\u00f6r grov- och finslipning.<\/span><\/span> <span class=\"jCAhz ChMk0b\"><span class=\"ryNqvb\">Kornstorleken p\u00e5 sidan som \u00e4r belagd med industridiamant \u00e4r 350, den keramiska sidan har en fin ytfinish. <\/span><\/span><span class=\"jCAhz ChMk0b\"><span class=\"ryNqvb\">B\u00f6ker diamant- och keramiska slipstenar kan anv\u00e4ndas b\u00e5de torra och med vatten.<\/span><\/span> <span class=\"jCAhz ChMk0b\"><span class=\"ryNqvb\">Diametern p\u00e5 slipytorna \u00e4r 6 cm.<\/span><\/span> <span class=\"jCAhz\"><span class=\"ryNqvb\">Halkfritt skyddsh\u00f6lje.<\/span><\/span> <span class=\"jCAhz\"><span class=\"ryNqvb\">Vikt 236g.<\/span><\/span><\/p>\n","protected":false},"excerpt":{"rendered":"<p>B\u00f6ker diamant- och keramisk slipsten \u00e4r en praktisk och l\u00e4ttanv\u00e4nd slipanordning f\u00f6r knivar och tr\u00e4dg\u00e5rdsredskap. Den \u00e4r utrustad med tv\u00e5 slipytor f\u00f6r grov- och finslipning. Kornstorleken p\u00e5 sidan som \u00e4r belagd med industridiamant \u00e4r 350, den keramiska sidan har en fin ytfinish. B\u00f6ker diamant- och keramiska slipstenar kan anv\u00e4ndas b\u00e5de torra och med vatten. Diametern [&#8230;]\n","protected":false},"featured_media":275079,"comment_status":"open","ping_status":"closed","template":"","meta":[],"product_brand":[],"product_cat":[2610],"product_tag":[],"class_list":{"0":"post-286414","1":"product","2":"type-product","3":"status-publish","4":"has-post-thumbnail","6":"product_cat-knivar-yxor-och-slipar","8":"first","9":"outofstock","10":"taxable","11":"shipping-taxable","12":"purchasable","13":"product-type-simple"},"composite_virtual":false,"composite_layout":"","composite_add_to_cart_form_location":"","composite_editable_in_cart":false,"composite_sold_individually_context":"","composite_shop_price_calc":"","composite_components":[],"composite_scenarios":[],"group_of_quantity":0,"min_quantity":0,"max_quantity":"","exclude_order_quantity_value_rules":"no","exclude_category_quantity_rules":"no","combine_variations":"no","exclude_global_add_ons":[],"addons":[],"_links":{"self":[{"href":"https:\/\/www.huntersfriend.eu\/sv\/wp-json\/wp\/v2\/product\/286414","targetHints":{"allow":["GET"]}}],"collection":[{"href":"https:\/\/www.huntersfriend.eu\/sv\/wp-json\/wp\/v2\/product"}],"about":[{"href":"https:\/\/www.huntersfriend.eu\/sv\/wp-json\/wp\/v2\/types\/product"}],"replies":[{"embeddable":true,"href":"https:\/\/www.huntersfriend.eu\/sv\/wp-json\/wp\/v2\/comments?post=286414"}],"wp:featuredmedia":[{"embeddable":true,"href":"https:\/\/www.huntersfriend.eu\/sv\/wp-json\/wp\/v2\/media\/275079"}],"wp:attachment":[{"href":"https:\/\/www.huntersfriend.eu\/sv\/wp-json\/wp\/v2\/media?parent=286414"}],"wp:term":[{"taxonomy":"product_brand","embeddable":true,"href":"https:\/\/www.huntersfriend.eu\/sv\/wp-json\/wp\/v2\/product_brand?post=286414"},{"taxonomy":"product_cat","embeddable":true,"href":"https:\/\/www.huntersfriend.eu\/sv\/wp-json\/wp\/v2\/product_cat?post=286414"},{"taxonomy":"product_tag","embeddable":true,"href":"https:\/\/www.huntersfriend.eu\/sv\/wp-json\/wp\/v2\/product_tag?post=286414"}],"curies":[{"name":"wp","href":"https:\/\/api.w.org\/{rel}","templated":true}]}}