{"id":286413,"date":"2024-10-23T00:37:30","date_gmt":"2024-10-22T22:37:30","guid":{"rendered":"https:\/\/www.huntersfriend.eu\/product\/dret-diamantbryne\/"},"modified":"2025-08-26T11:28:44","modified_gmt":"2025-08-26T09:28:44","slug":"dret-diamantbryne","status":"publish","type":"product","link":"https:\/\/www.huntersfriend.eu\/sv\/produkt\/dret-diamantbryne\/","title":{"rendered":"Dret Diamantbryne"},"content":{"rendered":"<p><span class=\"jCAhz ChMk0b\"><span class=\"ryNqvb\">Dret diamantbryne passar alla typer av knivar och \u00e4ven f\u00f6r s\u00e5gtandade blad.<\/span><\/span> <span class=\"jCAhz ChMk0b\"><span class=\"ryNqvb\">Brynet kan justeras stegl\u00f6st till olika l\u00e4ngder och har ett sp\u00e5r som du kan anv\u00e4nda f\u00f6r att till exempel enkelt v\u00e4ssa fiskekrokar.<\/span><\/span> <span class=\"jCAhz\"><span class=\"ryNqvb\">Brynet \u00e4r l\u00e4tt, kompakt och h\u00e5llbart.<\/span><\/span><\/p>\n<p><span class=\"jCAhz ChMk0b\"><span class=\"ryNqvb\">Vikt ca 50 gram.<\/span><\/span><\/p>\n","protected":false},"excerpt":{"rendered":"<p>Dret diamantbryne passar alla typer av knivar och \u00e4ven f\u00f6r s\u00e5gtandade blad. Brynet kan justeras stegl\u00f6st till olika l\u00e4ngder och har ett sp\u00e5r som du kan anv\u00e4nda f\u00f6r att till exempel enkelt v\u00e4ssa fiskekrokar. Brynet \u00e4r l\u00e4tt, kompakt och h\u00e5llbart. Vikt ca 50 gram.<\/p>\n","protected":false},"featured_media":274959,"comment_status":"open","ping_status":"closed","template":"","meta":[],"product_brand":[],"product_cat":[2610],"product_tag":[],"class_list":{"0":"post-286413","1":"product","2":"type-product","3":"status-publish","4":"has-post-thumbnail","6":"product_cat-knivar-yxor-och-slipar","8":"first","9":"outofstock","10":"taxable","11":"shipping-taxable","12":"purchasable","13":"product-type-simple"},"composite_virtual":false,"composite_layout":"","composite_add_to_cart_form_location":"","composite_editable_in_cart":false,"composite_sold_individually_context":"","composite_shop_price_calc":"","composite_components":[],"composite_scenarios":[],"group_of_quantity":0,"min_quantity":0,"max_quantity":"","exclude_order_quantity_value_rules":"no","exclude_category_quantity_rules":"no","combine_variations":"no","exclude_global_add_ons":[],"addons":[],"_links":{"self":[{"href":"https:\/\/www.huntersfriend.eu\/sv\/wp-json\/wp\/v2\/product\/286413","targetHints":{"allow":["GET"]}}],"collection":[{"href":"https:\/\/www.huntersfriend.eu\/sv\/wp-json\/wp\/v2\/product"}],"about":[{"href":"https:\/\/www.huntersfriend.eu\/sv\/wp-json\/wp\/v2\/types\/product"}],"replies":[{"embeddable":true,"href":"https:\/\/www.huntersfriend.eu\/sv\/wp-json\/wp\/v2\/comments?post=286413"}],"wp:featuredmedia":[{"embeddable":true,"href":"https:\/\/www.huntersfriend.eu\/sv\/wp-json\/wp\/v2\/media\/274959"}],"wp:attachment":[{"href":"https:\/\/www.huntersfriend.eu\/sv\/wp-json\/wp\/v2\/media?parent=286413"}],"wp:term":[{"taxonomy":"product_brand","embeddable":true,"href":"https:\/\/www.huntersfriend.eu\/sv\/wp-json\/wp\/v2\/product_brand?post=286413"},{"taxonomy":"product_cat","embeddable":true,"href":"https:\/\/www.huntersfriend.eu\/sv\/wp-json\/wp\/v2\/product_cat?post=286413"},{"taxonomy":"product_tag","embeddable":true,"href":"https:\/\/www.huntersfriend.eu\/sv\/wp-json\/wp\/v2\/product_tag?post=286413"}],"curies":[{"name":"wp","href":"https:\/\/api.w.org\/{rel}","templated":true}]}}