{"id":286412,"date":"2024-10-23T00:37:29","date_gmt":"2024-10-22T22:37:29","guid":{"rendered":"https:\/\/www.huntersfriend.eu\/product\/blaser-classic-fallkniv\/"},"modified":"2025-12-02T12:04:07","modified_gmt":"2025-12-02T10:04:07","slug":"blaser-classic-fallkniv","status":"publish","type":"product","link":"https:\/\/www.huntersfriend.eu\/sv\/produkt\/blaser-classic-fallkniv\/","title":{"rendered":"Blaser Classic f\u00e4llkniv"},"content":{"rendered":"<h2><span data-text-bg=\"primary\" data-text-color=\"secondary\"><em><strong>Observera att vi inte kommer att kunna skicka den h\u00e4r kniven till Storbritannien p\u00e5 grund av lokala importrestriktioner. Var uppm\u00e4rksam p\u00e5 dina lokala knivbest\u00e4mmelser innan du best\u00e4ller. <\/strong><\/em><\/span><\/h2>\n<p><span class=\"jCAhz ChMk0b\"><span class=\"ryNqvb\">Blaser Classic f\u00e4llkniv \u00e4r en m\u00e5ngsidig f\u00e4llkniv f\u00f6r jakt och utomhusaktiviteter.<\/span><\/span> <span class=\"jCAhz\"><span class=\"ryNqvb\">Dess handtag i olivtr\u00e4 g\u00f6r den till ett elegant verktyg.<\/span><\/span> <span class=\"jCAhz ChMk0b\"><span class=\"ryNqvb\">Bladet \u00e4r tillverkat av 14C28N rostfritt st\u00e5l, vilket k\u00e4nnetecknas av god sk\u00e4rpa, h\u00e5llbarhet och korrosionsbest\u00e4ndighet.<\/span><\/span> <span class=\"jCAhz ChMk0b\"><span class=\"ryNqvb\">Bladet p\u00e5 denna f\u00e4llkniv l\u00e5ses p\u00e5 plats n\u00e4r den \u00e4r \u00f6ppen och kan \u00f6ppnas med en bultl\u00e5smekanism.<\/span><\/span> <span class=\"jCAhz ChMk0b\"><span class=\"ryNqvb\">Tack vare det avtagbara b\u00e4ltesclipset och det medf\u00f6ljande l\u00e4derfodralet erbjuder Blaser Classic flera b\u00e4ralternativ. <\/span><\/span><\/p>\n<p><span class=\"jCAhz ChMk0b\"><span class=\"ryNqvb\">En klassisk m\u00e5ngsidig fickkniv med ett l\u00e5sbart blad.<br \/>\n<\/span><\/span><span class=\"jCAhz ChMk0b\"><span class=\"ryNqvb\">Blad i rostfritt st\u00e5l (14C28N).<br \/>\n<\/span><\/span><span class=\"jCAhz ChMk0b\"><span class=\"ryNqvb\">Bultl\u00e5smekanism f\u00f6r uppl\u00e5sning.<br \/>\n<\/span><\/span><span class=\"jCAhz\"><span class=\"ryNqvb\">Handtag i olivtr\u00e4.<br \/>\n<\/span><\/span><span class=\"jCAhz\"><span class=\"ryNqvb\">Bladl\u00e4ngd 7,8 cm.<br \/>\n<\/span><\/span><span class=\"jCAhz\"><span class=\"ryNqvb\">Total l\u00e4ngd 18,8 cm.<br \/>\n<\/span><\/span><span class=\"jCAhz\"><span class=\"ryNqvb\">Vikt 105 g. <\/span><\/span><\/p>\n<p><span class=\"jCAhz ChMk0b\"><span class=\"ryNqvb\">Levereras med l\u00e4derfodral och avtagbart b\u00e4ltesclips.<\/span><\/span><\/p>\n","protected":false},"excerpt":{"rendered":"<p>Observera att vi inte kommer att kunna skicka den h\u00e4r kniven till Storbritannien p\u00e5 grund av lokala importrestriktioner. Var uppm\u00e4rksam p\u00e5 dina lokala knivbest\u00e4mmelser innan du best\u00e4ller. Blaser Classic f\u00e4llkniv \u00e4r en m\u00e5ngsidig f\u00e4llkniv f\u00f6r jakt och utomhusaktiviteter. Dess handtag i olivtr\u00e4 g\u00f6r den till ett elegant verktyg. Bladet \u00e4r tillverkat av 14C28N rostfritt st\u00e5l, [&#8230;]\n","protected":false},"featured_media":275005,"comment_status":"open","ping_status":"closed","template":"","meta":[],"product_brand":[],"product_cat":[2610],"product_tag":[],"class_list":{"0":"post-286412","1":"product","2":"type-product","3":"status-publish","4":"has-post-thumbnail","6":"product_cat-knivar-yxor-och-slipar","8":"first","9":"outofstock","10":"taxable","11":"shipping-taxable","12":"purchasable","13":"product-type-simple"},"composite_virtual":false,"composite_layout":"","composite_add_to_cart_form_location":"","composite_editable_in_cart":false,"composite_sold_individually_context":"","composite_shop_price_calc":"","composite_components":[],"composite_scenarios":[],"group_of_quantity":0,"min_quantity":0,"max_quantity":"","exclude_order_quantity_value_rules":"no","exclude_category_quantity_rules":"no","combine_variations":"no","exclude_global_add_ons":[],"addons":[],"_links":{"self":[{"href":"https:\/\/www.huntersfriend.eu\/sv\/wp-json\/wp\/v2\/product\/286412","targetHints":{"allow":["GET"]}}],"collection":[{"href":"https:\/\/www.huntersfriend.eu\/sv\/wp-json\/wp\/v2\/product"}],"about":[{"href":"https:\/\/www.huntersfriend.eu\/sv\/wp-json\/wp\/v2\/types\/product"}],"replies":[{"embeddable":true,"href":"https:\/\/www.huntersfriend.eu\/sv\/wp-json\/wp\/v2\/comments?post=286412"}],"wp:featuredmedia":[{"embeddable":true,"href":"https:\/\/www.huntersfriend.eu\/sv\/wp-json\/wp\/v2\/media\/275005"}],"wp:attachment":[{"href":"https:\/\/www.huntersfriend.eu\/sv\/wp-json\/wp\/v2\/media?parent=286412"}],"wp:term":[{"taxonomy":"product_brand","embeddable":true,"href":"https:\/\/www.huntersfriend.eu\/sv\/wp-json\/wp\/v2\/product_brand?post=286412"},{"taxonomy":"product_cat","embeddable":true,"href":"https:\/\/www.huntersfriend.eu\/sv\/wp-json\/wp\/v2\/product_cat?post=286412"},{"taxonomy":"product_tag","embeddable":true,"href":"https:\/\/www.huntersfriend.eu\/sv\/wp-json\/wp\/v2\/product_tag?post=286412"}],"curies":[{"name":"wp","href":"https:\/\/api.w.org\/{rel}","templated":true}]}}