{"id":286409,"date":"2024-10-23T00:37:29","date_gmt":"2024-10-22T22:37:29","guid":{"rendered":"https:\/\/www.huntersfriend.eu\/product\/blaser-ultimate-carbon-fallkniv\/"},"modified":"2025-08-26T11:28:42","modified_gmt":"2025-08-26T09:28:42","slug":"blaser-ultimate-carbon-fallkniv","status":"publish","type":"product","link":"https:\/\/www.huntersfriend.eu\/sv\/produkt\/blaser-ultimate-carbon-fallkniv\/","title":{"rendered":"Blaser Ultimate Carbon f\u00e4llkniv"},"content":{"rendered":"<h3><span data-text-bg=\"primary\" data-text-color=\"secondary\"><em><strong>Observera att vi inte kommer att kunna skicka den h\u00e4r kniven till Storbritannien p\u00e5 grund av lokala importrestriktioner. Var uppm\u00e4rksam p\u00e5 dina lokala knivlagar. <\/strong><\/em><\/span><\/h3>\n<p><span class=\"jCAhz ChMk0b\"><span class=\"ryNqvb\">Blaser Ultimate Carbon \u00e4r en m\u00e5ngsidig f\u00e4llkniv f\u00f6r jakt och utomhusaktiviteter.<\/span><\/span> <span class=\"jCAhz\"><span class=\"ryNqvb\">Bladet \u00e4r tillverkat av rostfritt st\u00e5l CMP S35VN, vilket k\u00e4nnetecknas av mycket god slitstyrka och korrosionsbest\u00e4ndighet.<\/span><\/span> <span class=\"jCAhz\"><span class=\"ryNqvb\">Knivbladet l\u00e5ses n\u00e4r bladet \u00e4r \u00f6ppnat.<\/span><\/span> <span class=\"jCAhz ChMk0b\"><span class=\"ryNqvb\">En bultl\u00e5smekanism l\u00e5ser upp bladet f\u00f6r hopf\u00e4llning.<\/span><\/span> <span class=\"jCAhz ChMk0b\"><span class=\"ryNqvb\">Knivens handtag \u00e4r kolgr\u00e5 och du f\u00e5r ett bekv\u00e4mt och fast grepp om kniven \u00e4ven n\u00e4r den \u00e4r v\u00e5t.<\/span><\/span> <span class=\"jCAhz ChMk0b\"><span class=\"ryNqvb\">Med ett avtagbart b\u00e4ltesclips och medf\u00f6ljande l\u00e4derfodral erbjuder Blaser Ultimate Carbon flera b\u00e4ralternativ. <\/span><\/span><\/p>\n<p><span class=\"jCAhz ChMk0b\"><span class=\"ryNqvb\">En m\u00e5ngsidig f\u00e4llkniv med l\u00e5sblad.<br \/>\n<\/span><\/span><span class=\"jCAhz ChMk0b\"><span class=\"ryNqvb\">Rostfritt st\u00e5l blad (CPM S35VN).<br \/>\n<\/span><\/span><span class=\"jCAhz ChMk0b\"><span class=\"ryNqvb\">Bultl\u00e5smekanism f\u00f6r uppl\u00e5sning.<br \/>\n<\/span><\/span><span class=\"jCAhz ChMk0b\"><span class=\"ryNqvb\">Bladl\u00e4ngd 7,7 cm.<br \/>\n<\/span><\/span><span class=\"jCAhz ChMk0b\"><span class=\"ryNqvb\">Total l\u00e4ngd 18,6 cm.<br \/>\n<\/span><\/span><span class=\"jCAhz\"><span class=\"ryNqvb\">Vikt 87g. <\/span><\/span><\/p>\n<p><span class=\"jCAhz ChMk0b\"><span class=\"ryNqvb\">Levereras med l\u00e4derfodral och avtagbart b\u00e4ltesclips.<\/span><\/span><\/p>\n","protected":false},"excerpt":{"rendered":"<p>Observera att vi inte kommer att kunna skicka den h\u00e4r kniven till Storbritannien p\u00e5 grund av lokala importrestriktioner. Var uppm\u00e4rksam p\u00e5 dina lokala knivlagar. Blaser Ultimate Carbon \u00e4r en m\u00e5ngsidig f\u00e4llkniv f\u00f6r jakt och utomhusaktiviteter. Bladet \u00e4r tillverkat av rostfritt st\u00e5l CMP S35VN, vilket k\u00e4nnetecknas av mycket god slitstyrka och korrosionsbest\u00e4ndighet. Knivbladet l\u00e5ses n\u00e4r bladet [&#8230;]\n","protected":false},"featured_media":274988,"comment_status":"open","ping_status":"closed","template":"","meta":[],"product_brand":[],"product_cat":[2610],"product_tag":[],"class_list":{"0":"post-286409","1":"product","2":"type-product","3":"status-publish","4":"has-post-thumbnail","6":"product_cat-knivar-yxor-och-slipar","8":"first","9":"outofstock","10":"taxable","11":"shipping-taxable","12":"purchasable","13":"product-type-simple"},"composite_virtual":false,"composite_layout":"","composite_add_to_cart_form_location":"","composite_editable_in_cart":false,"composite_sold_individually_context":"","composite_shop_price_calc":"","composite_components":[],"composite_scenarios":[],"group_of_quantity":0,"min_quantity":0,"max_quantity":"","exclude_order_quantity_value_rules":"no","exclude_category_quantity_rules":"no","combine_variations":"no","exclude_global_add_ons":[],"addons":[],"_links":{"self":[{"href":"https:\/\/www.huntersfriend.eu\/sv\/wp-json\/wp\/v2\/product\/286409","targetHints":{"allow":["GET"]}}],"collection":[{"href":"https:\/\/www.huntersfriend.eu\/sv\/wp-json\/wp\/v2\/product"}],"about":[{"href":"https:\/\/www.huntersfriend.eu\/sv\/wp-json\/wp\/v2\/types\/product"}],"replies":[{"embeddable":true,"href":"https:\/\/www.huntersfriend.eu\/sv\/wp-json\/wp\/v2\/comments?post=286409"}],"wp:featuredmedia":[{"embeddable":true,"href":"https:\/\/www.huntersfriend.eu\/sv\/wp-json\/wp\/v2\/media\/274988"}],"wp:attachment":[{"href":"https:\/\/www.huntersfriend.eu\/sv\/wp-json\/wp\/v2\/media?parent=286409"}],"wp:term":[{"taxonomy":"product_brand","embeddable":true,"href":"https:\/\/www.huntersfriend.eu\/sv\/wp-json\/wp\/v2\/product_brand?post=286409"},{"taxonomy":"product_cat","embeddable":true,"href":"https:\/\/www.huntersfriend.eu\/sv\/wp-json\/wp\/v2\/product_cat?post=286409"},{"taxonomy":"product_tag","embeddable":true,"href":"https:\/\/www.huntersfriend.eu\/sv\/wp-json\/wp\/v2\/product_tag?post=286409"}],"curies":[{"name":"wp","href":"https:\/\/api.w.org\/{rel}","templated":true}]}}