{"id":286408,"date":"2024-10-23T00:37:29","date_gmt":"2024-10-22T22:37:29","guid":{"rendered":"https:\/\/www.huntersfriend.eu\/product\/slaktknivset\/"},"modified":"2025-08-26T11:28:41","modified_gmt":"2025-08-26T09:28:41","slug":"slaktknivset","status":"publish","type":"product","link":"https:\/\/www.huntersfriend.eu\/sv\/produkt\/slaktknivset\/","title":{"rendered":"Slaktknivset"},"content":{"rendered":"<h3><span data-text-bg=\"primary\" data-text-color=\"secondary\"><em><strong>Observera att vi inte kommer att kunna skicka detta knivset till Storbritannien p\u00e5 grund av lokala importrestriktioner. Var v\u00e4nlig uppm\u00e4rksamma dina lokala knivlagar. <\/strong><\/em><\/span><\/h3>\n<p><span class=\"jCAhz ChMk0b\"><span class=\"ryNqvb\">Knivsetet har allt du beh\u00f6ver f\u00f6r att hantera vilt, till ett \u00f6verkomligt pris.<\/span><\/span> <span class=\"jCAhz ChMk0b\"><span class=\"ryNqvb\">Knivsetet inneh\u00e5ller \u00e5tta anv\u00e4ndbara verktyg som g\u00f6r k\u00f6ttbearbetningen mycket enklare.<\/span><\/span> <span class=\"jCAhz ChMk0b\"><span class=\"ryNqvb\">Med hj\u00e4lp av setet \u00e4r arbetsstegen att \u00f6ppna och rensa, fl\u00e5, sk\u00e4ra och stycka slaktkroppen, samt hacka och separera, m\u00f6jliga effektivt.<\/span><\/span> <span class=\"jCAhz ChMk0b\"><span class=\"ryNqvb\">Verktygens handtag \u00e4r gjorda av halkfritt material och \u00e4r tydligt placerade i plastfodralet. <\/span><\/span><\/p>\n<p><span class=\"jCAhz ChMk0b\"><span class=\"ryNqvb\">Knivsetet inneh\u00e5ller:<br \/>\n<\/span><\/span><span class=\"jCAhz ChMk0b\"><span class=\"ryNqvb\">Br\u00f6stbensspridare.<br \/>\n<\/span><\/span><span class=\"jCAhz\"><span class=\"ryNqvb\">Fl\u00e5kniv.<br \/>\n<\/span><\/span><span class=\"jCAhz\"><span class=\"ryNqvb\">Tv\u00e5 k\u00f6ttyxor.<br \/>\n<\/span><\/span><span class=\"jCAhz\"><span class=\"ryNqvb\">Skivkniv.<br \/>\n<\/span><\/span><span class=\"jCAhz\"><span class=\"ryNqvb\">Bens\u00e5g.<br \/>\n<\/span><\/span><span class=\"jCAhz\"><span class=\"ryNqvb\">Knivslip.<br \/>\n<\/span><\/span><span class=\"jCAhz\"><span class=\"ryNqvb\">Skyddshandskar.<\/p>\n<p><\/span><\/span><span class=\"jCAhz ChMk0b\"><span class=\"ryNqvb\">Setets vikt \u00e4r 1272 g.<\/span><\/span><\/p>\n","protected":false},"excerpt":{"rendered":"<p>Observera att vi inte kommer att kunna skicka detta knivset till Storbritannien p\u00e5 grund av lokala importrestriktioner. Var v\u00e4nlig uppm\u00e4rksamma dina lokala knivlagar. Knivsetet har allt du beh\u00f6ver f\u00f6r att hantera vilt, till ett \u00f6verkomligt pris. Knivsetet inneh\u00e5ller \u00e5tta anv\u00e4ndbara verktyg som g\u00f6r k\u00f6ttbearbetningen mycket enklare. Med hj\u00e4lp av setet \u00e4r arbetsstegen att \u00f6ppna och [&#8230;]\n","protected":false},"featured_media":275001,"comment_status":"open","ping_status":"closed","template":"","meta":[],"product_brand":[],"product_cat":[2610],"product_tag":[],"class_list":{"0":"post-286408","1":"product","2":"type-product","3":"status-publish","4":"has-post-thumbnail","6":"product_cat-knivar-yxor-och-slipar","8":"first","9":"outofstock","10":"taxable","11":"shipping-taxable","12":"purchasable","13":"product-type-simple"},"composite_virtual":false,"composite_layout":"","composite_add_to_cart_form_location":"","composite_editable_in_cart":false,"composite_sold_individually_context":"","composite_shop_price_calc":"","composite_components":[],"composite_scenarios":[],"group_of_quantity":0,"min_quantity":0,"max_quantity":"","exclude_order_quantity_value_rules":"no","exclude_category_quantity_rules":"no","combine_variations":"no","exclude_global_add_ons":[],"addons":[],"_links":{"self":[{"href":"https:\/\/www.huntersfriend.eu\/sv\/wp-json\/wp\/v2\/product\/286408","targetHints":{"allow":["GET"]}}],"collection":[{"href":"https:\/\/www.huntersfriend.eu\/sv\/wp-json\/wp\/v2\/product"}],"about":[{"href":"https:\/\/www.huntersfriend.eu\/sv\/wp-json\/wp\/v2\/types\/product"}],"replies":[{"embeddable":true,"href":"https:\/\/www.huntersfriend.eu\/sv\/wp-json\/wp\/v2\/comments?post=286408"}],"wp:featuredmedia":[{"embeddable":true,"href":"https:\/\/www.huntersfriend.eu\/sv\/wp-json\/wp\/v2\/media\/275001"}],"wp:attachment":[{"href":"https:\/\/www.huntersfriend.eu\/sv\/wp-json\/wp\/v2\/media?parent=286408"}],"wp:term":[{"taxonomy":"product_brand","embeddable":true,"href":"https:\/\/www.huntersfriend.eu\/sv\/wp-json\/wp\/v2\/product_brand?post=286408"},{"taxonomy":"product_cat","embeddable":true,"href":"https:\/\/www.huntersfriend.eu\/sv\/wp-json\/wp\/v2\/product_cat?post=286408"},{"taxonomy":"product_tag","embeddable":true,"href":"https:\/\/www.huntersfriend.eu\/sv\/wp-json\/wp\/v2\/product_tag?post=286408"}],"curies":[{"name":"wp","href":"https:\/\/api.w.org\/{rel}","templated":true}]}}