{"id":286406,"date":"2024-10-23T00:31:33","date_gmt":"2024-10-22T22:31:33","guid":{"rendered":"https:\/\/www.huntersfriend.eu\/product\/svampkniv-hopfallbar\/"},"modified":"2025-08-26T11:28:40","modified_gmt":"2025-08-26T09:28:40","slug":"svampkniv-hopfallbar","status":"publish","type":"product","link":"https:\/\/www.huntersfriend.eu\/sv\/produkt\/svampkniv-hopfallbar\/","title":{"rendered":"Svampkniv &#8211; hopf\u00e4llbar"},"content":{"rendered":"<h2><span data-text-bg=\"primary\" data-text-color=\"secondary\"><em><strong>Observera att vi inte kommer att kunna skicka den h\u00e4r kniven till Storbritannien p\u00e5 grund av lokala importrestriktioner. Var medveten om dina lokala knivbest\u00e4mmelser innan du best\u00e4ller. <\/strong><\/em><\/span><\/h2>\n<p><span class=\"jCAhz ChMk0b\"><span class=\"ryNqvb\">Den h\u00e4r svampkniven \u00e4r en hopf\u00e4llbar kniv med ett specialformat blad.<\/span><\/span> <span class=\"jCAhz ChMk0b\"><span class=\"ryNqvb\">Blad tillverkat av 420 rostfritt st\u00e5l.<\/span><\/span> <span class=\"jCAhz ChMk0b\"><span class=\"ryNqvb\">Det tandade bladet p\u00e5 baksidan och borsten hj\u00e4lper till att reng\u00f6ra svamparna.<\/span><\/span> <span class=\"jCAhz\"><span class=\"ryNqvb\">Med karbinhake.<\/span><\/span> <span class=\"jCAhz ChMk0b\"><span class=\"ryNqvb\">Handtagets l\u00e4ngd \u00e4r 11 cm.<\/span><\/span><\/p>\n","protected":false},"excerpt":{"rendered":"<p>Observera att vi inte kommer att kunna skicka den h\u00e4r kniven till Storbritannien p\u00e5 grund av lokala importrestriktioner. Var medveten om dina lokala knivbest\u00e4mmelser innan du best\u00e4ller. Den h\u00e4r svampkniven \u00e4r en hopf\u00e4llbar kniv med ett specialformat blad. Blad tillverkat av 420 rostfritt st\u00e5l. Det tandade bladet p\u00e5 baksidan och borsten hj\u00e4lper till att reng\u00f6ra [&#8230;]\n","protected":false},"featured_media":275089,"comment_status":"open","ping_status":"closed","template":"","meta":[],"product_brand":[],"product_cat":[878],"product_tag":[],"class_list":{"0":"post-286406","1":"product","2":"type-product","3":"status-publish","4":"has-post-thumbnail","6":"product_cat-uncategorized-sv","8":"first","9":"outofstock","10":"taxable","11":"shipping-taxable","12":"purchasable","13":"product-type-simple"},"composite_virtual":false,"composite_layout":"","composite_add_to_cart_form_location":"","composite_editable_in_cart":false,"composite_sold_individually_context":"","composite_shop_price_calc":"","composite_components":[],"composite_scenarios":[],"group_of_quantity":0,"min_quantity":0,"max_quantity":"","exclude_order_quantity_value_rules":"no","exclude_category_quantity_rules":"no","combine_variations":"no","exclude_global_add_ons":[],"addons":[],"_links":{"self":[{"href":"https:\/\/www.huntersfriend.eu\/sv\/wp-json\/wp\/v2\/product\/286406","targetHints":{"allow":["GET"]}}],"collection":[{"href":"https:\/\/www.huntersfriend.eu\/sv\/wp-json\/wp\/v2\/product"}],"about":[{"href":"https:\/\/www.huntersfriend.eu\/sv\/wp-json\/wp\/v2\/types\/product"}],"replies":[{"embeddable":true,"href":"https:\/\/www.huntersfriend.eu\/sv\/wp-json\/wp\/v2\/comments?post=286406"}],"wp:featuredmedia":[{"embeddable":true,"href":"https:\/\/www.huntersfriend.eu\/sv\/wp-json\/wp\/v2\/media\/275089"}],"wp:attachment":[{"href":"https:\/\/www.huntersfriend.eu\/sv\/wp-json\/wp\/v2\/media?parent=286406"}],"wp:term":[{"taxonomy":"product_brand","embeddable":true,"href":"https:\/\/www.huntersfriend.eu\/sv\/wp-json\/wp\/v2\/product_brand?post=286406"},{"taxonomy":"product_cat","embeddable":true,"href":"https:\/\/www.huntersfriend.eu\/sv\/wp-json\/wp\/v2\/product_cat?post=286406"},{"taxonomy":"product_tag","embeddable":true,"href":"https:\/\/www.huntersfriend.eu\/sv\/wp-json\/wp\/v2\/product_tag?post=286406"}],"curies":[{"name":"wp","href":"https:\/\/api.w.org\/{rel}","templated":true}]}}