{"id":286404,"date":"2024-10-23T00:31:33","date_gmt":"2024-10-22T22:31:33","guid":{"rendered":"https:\/\/www.huntersfriend.eu\/product\/albainox-svampkniv-med-tryck-hopfallbar\/"},"modified":"2025-08-26T11:28:29","modified_gmt":"2025-08-26T09:28:29","slug":"albainox-svampkniv-med-tryck-hopfallbar","status":"publish","type":"product","link":"https:\/\/www.huntersfriend.eu\/sv\/produkt\/albainox-svampkniv-med-tryck-hopfallbar\/","title":{"rendered":"Albainox svampkniv med tryck \u2013 hopf\u00e4llbar"},"content":{"rendered":"<h2><span data-text-bg=\"primary\" data-text-color=\"secondary\"><em><strong>Observera att vi inte kommer att kunna skicka den h\u00e4r kniven till Storbritannien p\u00e5 grund av lokala importrestriktioner. Var medveten om dina lokala knivbest\u00e4mmelser innan du best\u00e4ller. <\/strong><\/em><\/span><\/h2>\n<p><span class=\"jCAhz ChMk0b\"><span class=\"ryNqvb\">Albainox svampkniv med tryck \u00e4r ett praktiskt hj\u00e4lpmedel f\u00f6r alla svamp\u00e4lskare.<\/span><\/span> <span class=\"jCAhz ChMk0b\"><span class=\"ryNqvb\">F\u00f6rutom bladet f\u00f6r att sk\u00e4ra svamp har den \u00e4ven en borste f\u00f6r att reng\u00f6ra svamp.<\/span><\/span> <span class=\"jCAhz ChMk0b\"><span class=\"ryNqvb\">Knivens handtag \u00e4r tillverkat av bj\u00f6rk och \u00e4r utrustat med en skala f\u00f6r att best\u00e4mma svampens storlek.<\/span><\/span> <span class=\"jCAhz\"><span class=\"ryNqvb\">En pincett ing\u00e5r ocks\u00e5.<\/span><\/span> <span class=\"jCAhz ChMk0b\"><span class=\"ryNqvb\">Leveransen inkluderar en b\u00e4ltesv\u00e4ska. <\/span><\/span><\/p>\n<p><span class=\"jCAhz ChMk0b\"><span class=\"ryNqvb\">Svampkniv med b\u00f6jt blad, reng\u00f6ringsborste och pincett.<br \/>\n<\/span><\/span><span class=\"jCAhz ChMk0b\"><span class=\"ryNqvb\">Blad tillverkat av rostfritt st\u00e5l 1.4116.<br \/>\n<\/span><\/span><span class=\"jCAhz ChMk0b\"><span class=\"ryNqvb\">Handtagen \u00e4r av bj\u00f6rk, ena sidan har ett svampm\u00f6nster, den andra sidan har en m\u00e4tskala.<br \/>\n<\/span><\/span><span class=\"jCAhz ChMk0b\"><span class=\"ryNqvb\">Med en nyckelring.<br \/>\n<\/span><\/span><span class=\"jCAhz ChMk0b\"><span class=\"ryNqvb\">Bladl\u00e4ngd 7,2 cm.<br \/>\n<\/span><\/span><span class=\"jCAhz ChMk0b\"><span class=\"ryNqvb\">Bladtjocklek 2,6 mm.<br \/>\n<\/span><\/span><span class=\"jCAhz ChMk0b\"><span class=\"ryNqvb\">Total l\u00e4ngd ca 20,5 cm.<br \/>\n<\/span><\/span><span class=\"jCAhz ChMk0b\"><span class=\"ryNqvb\">Vikt ca 100 g.<\/span><\/span><\/p>\n","protected":false},"excerpt":{"rendered":"<p>Observera att vi inte kommer att kunna skicka den h\u00e4r kniven till Storbritannien p\u00e5 grund av lokala importrestriktioner. Var medveten om dina lokala knivbest\u00e4mmelser innan du best\u00e4ller. Albainox svampkniv med tryck \u00e4r ett praktiskt hj\u00e4lpmedel f\u00f6r alla svamp\u00e4lskare. F\u00f6rutom bladet f\u00f6r att sk\u00e4ra svamp har den \u00e4ven en borste f\u00f6r att reng\u00f6ra svamp. Knivens handtag [&#8230;]\n","protected":false},"featured_media":275093,"comment_status":"open","ping_status":"closed","template":"","meta":[],"product_brand":[],"product_cat":[878],"product_tag":[],"class_list":{"0":"post-286404","1":"product","2":"type-product","3":"status-publish","4":"has-post-thumbnail","6":"product_cat-uncategorized-sv","8":"first","9":"outofstock","10":"taxable","11":"shipping-taxable","12":"purchasable","13":"product-type-simple"},"composite_virtual":false,"composite_layout":"","composite_add_to_cart_form_location":"","composite_editable_in_cart":false,"composite_sold_individually_context":"","composite_shop_price_calc":"","composite_components":[],"composite_scenarios":[],"group_of_quantity":0,"min_quantity":0,"max_quantity":"","exclude_order_quantity_value_rules":"no","exclude_category_quantity_rules":"no","combine_variations":"no","exclude_global_add_ons":[],"addons":[],"_links":{"self":[{"href":"https:\/\/www.huntersfriend.eu\/sv\/wp-json\/wp\/v2\/product\/286404","targetHints":{"allow":["GET"]}}],"collection":[{"href":"https:\/\/www.huntersfriend.eu\/sv\/wp-json\/wp\/v2\/product"}],"about":[{"href":"https:\/\/www.huntersfriend.eu\/sv\/wp-json\/wp\/v2\/types\/product"}],"replies":[{"embeddable":true,"href":"https:\/\/www.huntersfriend.eu\/sv\/wp-json\/wp\/v2\/comments?post=286404"}],"wp:featuredmedia":[{"embeddable":true,"href":"https:\/\/www.huntersfriend.eu\/sv\/wp-json\/wp\/v2\/media\/275093"}],"wp:attachment":[{"href":"https:\/\/www.huntersfriend.eu\/sv\/wp-json\/wp\/v2\/media?parent=286404"}],"wp:term":[{"taxonomy":"product_brand","embeddable":true,"href":"https:\/\/www.huntersfriend.eu\/sv\/wp-json\/wp\/v2\/product_brand?post=286404"},{"taxonomy":"product_cat","embeddable":true,"href":"https:\/\/www.huntersfriend.eu\/sv\/wp-json\/wp\/v2\/product_cat?post=286404"},{"taxonomy":"product_tag","embeddable":true,"href":"https:\/\/www.huntersfriend.eu\/sv\/wp-json\/wp\/v2\/product_tag?post=286404"}],"curies":[{"name":"wp","href":"https:\/\/api.w.org\/{rel}","templated":true}]}}