{"id":286403,"date":"2024-10-23T00:31:32","date_gmt":"2024-10-22T22:31:32","guid":{"rendered":"https:\/\/www.huntersfriend.eu\/product\/helle-speider-kniv-puukko\/"},"modified":"2025-08-26T11:28:28","modified_gmt":"2025-08-26T09:28:28","slug":"helle-speider-kniv-puukko","status":"publish","type":"product","link":"https:\/\/www.huntersfriend.eu\/sv\/produkt\/helle-speider-kniv-puukko\/","title":{"rendered":"Helle speider-kniv &#8211; puukko"},"content":{"rendered":"<h2><span data-text-color=\"alert\">Observera att vi inte kommer att kunna skicka den h\u00e4r kniven till Storbritannien p\u00e5 grund av lokala importrestriktioner. Var uppm\u00e4rksam p\u00e5 dina lokala best\u00e4mmelser innan du best\u00e4ller. <\/span><\/h2>\n<p><strong>Helle Speider \u00e4r en utm\u00e4rkt startkniv f\u00f6r dem som vill ha en solid kniv med bra skydd.<\/strong><\/p>\n<p>Speider designades ursprungligen f\u00f6r \u00e4ldre scouter som hade tillr\u00e4ckligt med erfarenhet f\u00f6r att g\u00e5 vidare till en st\u00f6rre och kraftfullare kniv. Handtaget i m\u00f6rk, oljad bj\u00f6rk \u00e4r ergonomiskt anpassat till ett bra fyrfingergrepp, och det solida fingerskyddet ger bra skydd vid arbete med kniven. Bladet \u00e4r i 12C27 rostfritt st\u00e5l med en tunn, skandinavisk slipning och levereras rakbladsvasst ur slidan.  <\/p>\n<p>Scout levereras med en scoutgr\u00f6n slida i l\u00e4der med tryckknapp och b\u00e4ltesupph\u00e4ngning.<\/p>\n<p><span lang=\"EN-US\">*****<\/span><\/p>\n<div class=\"table-wrapper\">\n<table width=\"100%\">\n<tbody>\n<tr>\n<td><strong>Specifikationer<\/strong><\/td>\n<td><strong>speider<\/strong><\/td>\n<\/tr>\n<tr>\n<td>Vikt inkl. slida <\/td>\n<td>98 g \/ 3,46 oz<\/td>\n<\/tr>\n<tr>\n<td>Bladmaterial<\/td>\n<td>Sandvik 12C27 rostfritt st\u00e5l<\/td>\n<\/tr>\n<tr>\n<td>Bladtjocklek<\/td>\n<td>2,6 mm \/ 0,102 tum<\/td>\n<\/tr>\n<tr>\n<td>Bladl\u00e4ngd<\/td>\n<td>90 mm \/ 3,54 tum<\/td>\n<\/tr>\n<tr>\n<td>Bladkonstruktion<\/td>\n<td>Stick tang<\/td>\n<\/tr>\n<tr>\n<td>Handtagsmaterial<\/td>\n<td>M\u00f6rk bj\u00f6rk<\/td>\n<\/tr>\n<tr>\n<td>Handtagsl\u00e4ngd<\/td>\n<td>100 mm \/ 3,94 tum<\/td>\n<\/tr>\n<tr>\n<td>Slidmaterial<\/td>\n<td>\u00c4kta l\u00e4der<\/td>\n<\/tr>\n<tr>\n<td>Design av<\/td>\n<td>Tor Indergaard<\/td>\n<\/tr>\n<tr>\n<td>Design\u00e5r<\/td>\n<td>1989<\/td>\n<\/tr>\n<\/tbody>\n<\/table>\n<\/div>\n","protected":false},"excerpt":{"rendered":"<p>Observera att vi inte kommer att kunna skicka den h\u00e4r kniven till Storbritannien p\u00e5 grund av lokala importrestriktioner. Var uppm\u00e4rksam p\u00e5 dina lokala best\u00e4mmelser innan du best\u00e4ller. Helle Speider \u00e4r en utm\u00e4rkt startkniv f\u00f6r dem som vill ha en solid kniv med bra skydd. Speider designades ursprungligen f\u00f6r \u00e4ldre scouter som hade tillr\u00e4ckligt med erfarenhet [&#8230;]\n","protected":false},"featured_media":275331,"comment_status":"open","ping_status":"closed","template":"","meta":[],"product_brand":[],"product_cat":[878],"product_tag":[],"class_list":{"0":"post-286403","1":"product","2":"type-product","3":"status-publish","4":"has-post-thumbnail","6":"product_cat-uncategorized-sv","8":"first","9":"outofstock","10":"taxable","11":"shipping-taxable","12":"purchasable","13":"product-type-simple"},"composite_virtual":false,"composite_layout":"","composite_add_to_cart_form_location":"","composite_editable_in_cart":false,"composite_sold_individually_context":"","composite_shop_price_calc":"","composite_components":[],"composite_scenarios":[],"group_of_quantity":0,"min_quantity":0,"max_quantity":"","exclude_order_quantity_value_rules":"no","exclude_category_quantity_rules":"no","combine_variations":"no","exclude_global_add_ons":[],"addons":[],"_links":{"self":[{"href":"https:\/\/www.huntersfriend.eu\/sv\/wp-json\/wp\/v2\/product\/286403","targetHints":{"allow":["GET"]}}],"collection":[{"href":"https:\/\/www.huntersfriend.eu\/sv\/wp-json\/wp\/v2\/product"}],"about":[{"href":"https:\/\/www.huntersfriend.eu\/sv\/wp-json\/wp\/v2\/types\/product"}],"replies":[{"embeddable":true,"href":"https:\/\/www.huntersfriend.eu\/sv\/wp-json\/wp\/v2\/comments?post=286403"}],"wp:featuredmedia":[{"embeddable":true,"href":"https:\/\/www.huntersfriend.eu\/sv\/wp-json\/wp\/v2\/media\/275331"}],"wp:attachment":[{"href":"https:\/\/www.huntersfriend.eu\/sv\/wp-json\/wp\/v2\/media?parent=286403"}],"wp:term":[{"taxonomy":"product_brand","embeddable":true,"href":"https:\/\/www.huntersfriend.eu\/sv\/wp-json\/wp\/v2\/product_brand?post=286403"},{"taxonomy":"product_cat","embeddable":true,"href":"https:\/\/www.huntersfriend.eu\/sv\/wp-json\/wp\/v2\/product_cat?post=286403"},{"taxonomy":"product_tag","embeddable":true,"href":"https:\/\/www.huntersfriend.eu\/sv\/wp-json\/wp\/v2\/product_tag?post=286403"}],"curies":[{"name":"wp","href":"https:\/\/api.w.org\/{rel}","templated":true}]}}