{"id":286402,"date":"2024-10-23T00:31:32","date_gmt":"2024-10-22T22:31:32","guid":{"rendered":"https:\/\/www.huntersfriend.eu\/product\/helle-gaupe-12c27-kniv-puukko\/"},"modified":"2025-08-26T11:28:27","modified_gmt":"2025-08-26T09:28:27","slug":"helle-gaupe-12c27-kniv-puukko","status":"publish","type":"product","link":"https:\/\/www.huntersfriend.eu\/sv\/produkt\/helle-gaupe-12c27-kniv-puukko\/","title":{"rendered":"Helle gaupe 12C27 kniv &#8211; puukko"},"content":{"rendered":"<h2><span data-text-color=\"alert\">Observera att vi inte kommer att kunna skicka den h\u00e4r kniven till Storbritannien p\u00e5 grund av lokala importrestriktioner. Var uppm\u00e4rksam p\u00e5 dina lokala best\u00e4mmelser innan du best\u00e4ller. <\/span><\/h2>\n<p class=\"p1\"><strong><span class=\"s1\">Under 2022 lade vi till en ny version av den klassiska Gaupe-kniven. Lika vacker och balanserad som sitt syskon, men nu med ett 12C27 st\u00e5lblad. <\/span><\/strong><\/p>\n<p class=\"p3\"><span class=\"s1\">Den h\u00e4r kniven \u00e4r uppkallad efter det norska namnet f\u00f6r lodjur och har ungef\u00e4r samma karakt\u00e4r. Riktigt vacker att titta p\u00e5 och kraftfull n\u00e4r det g\u00e4ller prestanda. Gaupe har en klassisk skandinavisk form med ett litet fingerskydd och ett handtag som \u00e4r v\u00e4l format f\u00f6r hand f\u00f6r ett s\u00e4kert grepp.  <\/span><\/p>\n<p class=\"p3\"><span class=\"s1\">Valet mellan 12C27 och H3LS (laminerat) beror helt p\u00e5 hur du vill anv\u00e4nda din kniv<\/span><\/p>\n<p>  *****<\/p>\n<div class=\"table-wrapper\">\n<table width=\"100%\">\n<tbody>\n<tr>\n<td><strong>Specifikationer<\/strong><\/td>\n<td><strong>Gaupe 12C27<\/strong><\/td>\n<\/tr>\n<tr>\n<td>Vikt inkl. slida <\/td>\n<td>162 g \/ 5,71 oz<\/td>\n<\/tr>\n<tr>\n<td>Bladmaterial<\/td>\n<td>12C27 rostfritt st\u00e5l<\/td>\n<\/tr>\n<tr>\n<td>Bladtjocklek<\/td>\n<td>2,9 mm \/ 0,114 tum<\/td>\n<\/tr>\n<tr>\n<td>Bladl\u00e4ngd<\/td>\n<td>107 mm \/ 4,21 tum<\/td>\n<\/tr>\n<tr>\n<td>Bladkonstruktion<\/td>\n<td>Stick tang<\/td>\n<\/tr>\n<tr>\n<td>Handtagsmaterial<\/td>\n<td>Masurbj\u00f6rk<\/td>\n<\/tr>\n<tr>\n<td>Handtagsl\u00e4ngd<\/td>\n<td>115 mm \/ 4,53 tum<\/td>\n<\/tr>\n<tr>\n<td>Slidmaterial<\/td>\n<td>\u00c4kta l\u00e4der<\/td>\n<\/tr>\n<tr>\n<td>Design av<\/td>\n<td>Helle Design<\/td>\n<\/tr>\n<tr>\n<td>Design\u00e5r<\/td>\n<td>2011<\/td>\n<\/tr>\n<\/tbody>\n<\/table>\n<\/div>\n","protected":false},"excerpt":{"rendered":"<p>Observera att vi inte kommer att kunna skicka den h\u00e4r kniven till Storbritannien p\u00e5 grund av lokala importrestriktioner. Var uppm\u00e4rksam p\u00e5 dina lokala best\u00e4mmelser innan du best\u00e4ller. Under 2022 lade vi till en ny version av den klassiska Gaupe-kniven. Lika vacker och balanserad som sitt syskon, men nu med ett 12C27 st\u00e5lblad. Den h\u00e4r kniven [&#8230;]\n","protected":false},"featured_media":275284,"comment_status":"open","ping_status":"closed","template":"","meta":[],"product_brand":[],"product_cat":[878],"product_tag":[],"class_list":{"0":"post-286402","1":"product","2":"type-product","3":"status-publish","4":"has-post-thumbnail","6":"product_cat-uncategorized-sv","8":"first","9":"outofstock","10":"taxable","11":"shipping-taxable","12":"purchasable","13":"product-type-simple"},"composite_virtual":false,"composite_layout":"","composite_add_to_cart_form_location":"","composite_editable_in_cart":false,"composite_sold_individually_context":"","composite_shop_price_calc":"","composite_components":[],"composite_scenarios":[],"group_of_quantity":0,"min_quantity":0,"max_quantity":"","exclude_order_quantity_value_rules":"no","exclude_category_quantity_rules":"no","combine_variations":"no","exclude_global_add_ons":[],"addons":[],"_links":{"self":[{"href":"https:\/\/www.huntersfriend.eu\/sv\/wp-json\/wp\/v2\/product\/286402","targetHints":{"allow":["GET"]}}],"collection":[{"href":"https:\/\/www.huntersfriend.eu\/sv\/wp-json\/wp\/v2\/product"}],"about":[{"href":"https:\/\/www.huntersfriend.eu\/sv\/wp-json\/wp\/v2\/types\/product"}],"replies":[{"embeddable":true,"href":"https:\/\/www.huntersfriend.eu\/sv\/wp-json\/wp\/v2\/comments?post=286402"}],"wp:featuredmedia":[{"embeddable":true,"href":"https:\/\/www.huntersfriend.eu\/sv\/wp-json\/wp\/v2\/media\/275284"}],"wp:attachment":[{"href":"https:\/\/www.huntersfriend.eu\/sv\/wp-json\/wp\/v2\/media?parent=286402"}],"wp:term":[{"taxonomy":"product_brand","embeddable":true,"href":"https:\/\/www.huntersfriend.eu\/sv\/wp-json\/wp\/v2\/product_brand?post=286402"},{"taxonomy":"product_cat","embeddable":true,"href":"https:\/\/www.huntersfriend.eu\/sv\/wp-json\/wp\/v2\/product_cat?post=286402"},{"taxonomy":"product_tag","embeddable":true,"href":"https:\/\/www.huntersfriend.eu\/sv\/wp-json\/wp\/v2\/product_tag?post=286402"}],"curies":[{"name":"wp","href":"https:\/\/api.w.org\/{rel}","templated":true}]}}