{"id":286401,"date":"2024-10-23T00:31:32","date_gmt":"2024-10-22T22:31:32","guid":{"rendered":"https:\/\/www.huntersfriend.eu\/product\/helle-eggen-12c27-kniv-puukko\/"},"modified":"2025-08-26T11:28:26","modified_gmt":"2025-08-26T09:28:26","slug":"helle-eggen-12c27-kniv-puukko","status":"publish","type":"product","link":"https:\/\/www.huntersfriend.eu\/sv\/produkt\/helle-eggen-12c27-kniv-puukko\/","title":{"rendered":"Helle eggen 12C27 kniv &#8211; puukko"},"content":{"rendered":"<h2><span data-text-color=\"alert\">Observera att vi inte kommer att kunna skicka den h\u00e4r kniven till Storbritannien p\u00e5 grund av lokala importrestriktioner. Var uppm\u00e4rksam p\u00e5 dina lokala best\u00e4mmelser innan du best\u00e4ller. <\/span><\/h2>\n<p><strong>Eggen \u00e4r en av v\u00e5ra mest eftertraktade produkter. Under 2021 lade vi till Eggen 12C27 \u2013 samma design och k\u00e4nsla, nu med m\u00f6jligheten till ett icke-laminerat blad.  <\/strong><\/p>\n<p>Valet mellan 12C27 och H3LS (laminerat) handlar om hur du vill anv\u00e4nda din kniv.<\/p>\n<p>12C27-st\u00e5let ger bladet en annorlunda k\u00e4nsla med sin styvare flex. Det fullh\u00e4rdade bladet (eftersom det inte \u00e4r laminerat) kan ocks\u00e5 konverteras till att ha en vass ryggrad, f\u00f6r alla er som vill anv\u00e4nda kniven med ett ferrocerium-t\u00e4ndst\u00e5l. <\/p>\n<p>Eggen 12C27 har ett vackert handtag, tillverkat av ett stycke utvald masurbj\u00f6rk, noggrant slipat och polerat f\u00f6r hand till en satinfinish. Handtaget har ett v\u00e4lproportionerat fingerskydd f\u00f6r s\u00e4kerhet. <\/p>\n<p>Eggen 12C27 levereras med en svart slida i \u00e4kta l\u00e4der med silvers\u00f6mmar som matchar aluminium\u00e4nden p\u00e5 handtaget.<\/p>\n<p style=\"text-align: center;\">*****<\/p>\n<div class=\"table-wrapper\">\n<table width=\"100%\">\n<tbody>\n<tr>\n<td><strong>Specifikationer<\/strong><\/td>\n<td><b>Eggen 12C27<\/b><\/td>\n<\/tr>\n<tr>\n<td>Vikt inkl. slida <\/td>\n<td>150 g<\/td>\n<\/tr>\n<tr>\n<td>Bladmaterial<\/td>\n<td>12C27 rostfritt st\u00e5l<\/td>\n<\/tr>\n<tr>\n<td>Bladtjocklek<\/td>\n<td>2,9 mm<\/td>\n<\/tr>\n<tr>\n<td>Bladl\u00e4ngd<\/td>\n<td>101 mm<\/td>\n<\/tr>\n<tr>\n<td>Bladkonstruktion<\/td>\n<td>Stick tang<\/td>\n<\/tr>\n<tr>\n<td>Handtagsmaterial<\/td>\n<td>Masurbj\u00f6rk<\/td>\n<\/tr>\n<tr>\n<td>Handtagsl\u00e4ngd<\/td>\n<td>110 mm<\/td>\n<\/tr>\n<tr>\n<td>Slidmaterial<\/td>\n<td>\u00c4kta svart l\u00e4der<\/td>\n<\/tr>\n<tr>\n<td>Design av<\/td>\n<td>Gunnar Lothe<\/td>\n<\/tr>\n<tr>\n<td>Design\u00e5r<\/td>\n<td>1998, version lanserad 2021<\/td>\n<\/tr>\n<\/tbody>\n<\/table>\n<\/div>\n","protected":false},"excerpt":{"rendered":"<p>Observera att vi inte kommer att kunna skicka den h\u00e4r kniven till Storbritannien p\u00e5 grund av lokala importrestriktioner. Var uppm\u00e4rksam p\u00e5 dina lokala best\u00e4mmelser innan du best\u00e4ller. Eggen \u00e4r en av v\u00e5ra mest eftertraktade produkter. Under 2021 lade vi till Eggen 12C27 \u2013 samma design och k\u00e4nsla, nu med m\u00f6jligheten till ett icke-laminerat blad. Valet [&#8230;]\n","protected":false},"featured_media":275260,"comment_status":"open","ping_status":"closed","template":"","meta":[],"product_brand":[],"product_cat":[2610],"product_tag":[],"class_list":{"0":"post-286401","1":"product","2":"type-product","3":"status-publish","4":"has-post-thumbnail","6":"product_cat-knivar-yxor-och-slipar","8":"first","9":"instock","10":"taxable","11":"shipping-taxable","12":"purchasable","13":"product-type-simple"},"composite_virtual":false,"composite_layout":"","composite_add_to_cart_form_location":"","composite_editable_in_cart":false,"composite_sold_individually_context":"","composite_shop_price_calc":"","composite_components":[],"composite_scenarios":[],"group_of_quantity":0,"min_quantity":0,"max_quantity":"","exclude_order_quantity_value_rules":"no","exclude_category_quantity_rules":"no","combine_variations":"no","exclude_global_add_ons":[],"addons":[],"_links":{"self":[{"href":"https:\/\/www.huntersfriend.eu\/sv\/wp-json\/wp\/v2\/product\/286401","targetHints":{"allow":["GET"]}}],"collection":[{"href":"https:\/\/www.huntersfriend.eu\/sv\/wp-json\/wp\/v2\/product"}],"about":[{"href":"https:\/\/www.huntersfriend.eu\/sv\/wp-json\/wp\/v2\/types\/product"}],"replies":[{"embeddable":true,"href":"https:\/\/www.huntersfriend.eu\/sv\/wp-json\/wp\/v2\/comments?post=286401"}],"wp:featuredmedia":[{"embeddable":true,"href":"https:\/\/www.huntersfriend.eu\/sv\/wp-json\/wp\/v2\/media\/275260"}],"wp:attachment":[{"href":"https:\/\/www.huntersfriend.eu\/sv\/wp-json\/wp\/v2\/media?parent=286401"}],"wp:term":[{"taxonomy":"product_brand","embeddable":true,"href":"https:\/\/www.huntersfriend.eu\/sv\/wp-json\/wp\/v2\/product_brand?post=286401"},{"taxonomy":"product_cat","embeddable":true,"href":"https:\/\/www.huntersfriend.eu\/sv\/wp-json\/wp\/v2\/product_cat?post=286401"},{"taxonomy":"product_tag","embeddable":true,"href":"https:\/\/www.huntersfriend.eu\/sv\/wp-json\/wp\/v2\/product_tag?post=286401"}],"curies":[{"name":"wp","href":"https:\/\/api.w.org\/{rel}","templated":true}]}}