{"id":286400,"date":"2024-10-23T00:31:32","date_gmt":"2024-10-22T22:31:32","guid":{"rendered":"https:\/\/www.huntersfriend.eu\/product\/helle-steinbit-fiskekniv\/"},"modified":"2025-08-26T11:28:25","modified_gmt":"2025-08-26T09:28:25","slug":"helle-steinbit-fiskekniv","status":"publish","type":"product","link":"https:\/\/www.huntersfriend.eu\/sv\/produkt\/helle-steinbit-fiskekniv\/","title":{"rendered":"Helle steinbit fiskekniv"},"content":{"rendered":"<h2><span data-text-color=\"alert\">Observera att vi inte kommer att kunna skicka den h\u00e4r kniven till Storbritannien p\u00e5 grund av lokala importrestriktioner. Var uppm\u00e4rksam p\u00e5 dina lokala best\u00e4mmelser innan du best\u00e4ller. <\/span><\/h2>\n<p><strong>Steinbit \u00e4r ett fantastiskt verktyg att ta med p\u00e5 alla fisketurer. Den \u00e4r lika vacker som den \u00e4r funktionell, och ett s\u00e4kert kort n\u00e4r du letar efter den perfekta presenten till en fiskare som redan har allt. <\/strong><\/p>\n<p>Vi lever kustlivet med Nordsj\u00f6n precis utanf\u00f6r d\u00f6rren och kan v\u00e5rt fiske. Steinbit \u00e4r en av de produkter som har blivit en av v\u00e5ra klassiker och har funnits i produktion i \u00f6ver 30 \u00e5r. Designad f\u00f6r att m\u00f6ta behoven som en funktionell kniv att ta med p\u00e5 alla fiskeexpeditioner, oavsett om det \u00e4r i \u00e4lven, ute p\u00e5 fjorden eller hela v\u00e4gen ut p\u00e5 det stora havet.  <\/p>\n<p>Vart du \u00e4n \u00e4r p\u00e5 v\u00e4g p\u00e5 din fisketur kommer vi aldrig att \u00f6nska dig lycka till. Det skulle betyda otur f\u00f6r alla fiskare i Norge. <\/p>\n<p>Det lockiga bj\u00f6rkhandtaget har slipats f\u00f6r hand till en satinfinish f\u00f6r att f\u00e5 fram m\u00f6nstren i tr\u00e4et. Bladet \u00e4r l\u00e5ngt och tunt \u2013 slipat och polerat till en rakbladsvass egg direkt ur l\u00e5dan. <\/p>\n<p>*****<\/p>\n<div class=\"table-wrapper\">\n<table width=\"100%\">\n<tbody>\n<tr>\n<td><strong>Specifikationer<\/strong><\/td>\n<td><b>steinbit<\/b><\/td>\n<\/tr>\n<tr>\n<td>Vikt inkl. slida <\/td>\n<td>132 g \/ 4,66 oz<\/td>\n<\/tr>\n<tr>\n<td>Bladmaterial<\/td>\n<td>12C27 rostfritt st\u00e5l<\/td>\n<\/tr>\n<tr>\n<td>Bladtjocklek<\/td>\n<td>1,6 mm \/ 0,063 tum<\/td>\n<\/tr>\n<tr>\n<td>Bladl\u00e4ngd<\/td>\n<td>153 mm \/ 6,02 tum<\/td>\n<\/tr>\n<tr>\n<td>Bladkonstruktion<\/td>\n<td>Stick tang<\/td>\n<\/tr>\n<tr>\n<td>Handtagsmaterial<\/td>\n<td>Masurbj\u00f6rk<\/td>\n<\/tr>\n<tr>\n<td>Handtagsl\u00e4ngd<\/td>\n<td>120 mm \/ 4,72 tum<\/td>\n<\/tr>\n<tr>\n<td>Slidmaterial<\/td>\n<td>\u00c4kta l\u00e4der<\/td>\n<\/tr>\n<tr>\n<td>Design av<\/td>\n<td>Espen Thorup<\/td>\n<\/tr>\n<tr>\n<td>Design\u00e5r<\/td>\n<td>1990<\/td>\n<\/tr>\n<\/tbody>\n<\/table>\n<\/div>\n","protected":false},"excerpt":{"rendered":"<p>Observera att vi inte kommer att kunna skicka den h\u00e4r kniven till Storbritannien p\u00e5 grund av lokala importrestriktioner. Var uppm\u00e4rksam p\u00e5 dina lokala best\u00e4mmelser innan du best\u00e4ller. Steinbit \u00e4r ett fantastiskt verktyg att ta med p\u00e5 alla fisketurer. Den \u00e4r lika vacker som den \u00e4r funktionell, och ett s\u00e4kert kort n\u00e4r du letar efter den [&#8230;]\n","protected":false},"featured_media":275297,"comment_status":"open","ping_status":"closed","template":"","meta":[],"product_brand":[],"product_cat":[2610],"product_tag":[],"class_list":{"0":"post-286400","1":"product","2":"type-product","3":"status-publish","4":"has-post-thumbnail","6":"product_cat-knivar-yxor-och-slipar","8":"first","9":"instock","10":"taxable","11":"shipping-taxable","12":"purchasable","13":"product-type-simple"},"composite_virtual":false,"composite_layout":"","composite_add_to_cart_form_location":"","composite_editable_in_cart":false,"composite_sold_individually_context":"","composite_shop_price_calc":"","composite_components":[],"composite_scenarios":[],"group_of_quantity":0,"min_quantity":0,"max_quantity":"","exclude_order_quantity_value_rules":"no","exclude_category_quantity_rules":"no","combine_variations":"no","exclude_global_add_ons":[],"addons":[],"_links":{"self":[{"href":"https:\/\/www.huntersfriend.eu\/sv\/wp-json\/wp\/v2\/product\/286400","targetHints":{"allow":["GET"]}}],"collection":[{"href":"https:\/\/www.huntersfriend.eu\/sv\/wp-json\/wp\/v2\/product"}],"about":[{"href":"https:\/\/www.huntersfriend.eu\/sv\/wp-json\/wp\/v2\/types\/product"}],"replies":[{"embeddable":true,"href":"https:\/\/www.huntersfriend.eu\/sv\/wp-json\/wp\/v2\/comments?post=286400"}],"wp:featuredmedia":[{"embeddable":true,"href":"https:\/\/www.huntersfriend.eu\/sv\/wp-json\/wp\/v2\/media\/275297"}],"wp:attachment":[{"href":"https:\/\/www.huntersfriend.eu\/sv\/wp-json\/wp\/v2\/media?parent=286400"}],"wp:term":[{"taxonomy":"product_brand","embeddable":true,"href":"https:\/\/www.huntersfriend.eu\/sv\/wp-json\/wp\/v2\/product_brand?post=286400"},{"taxonomy":"product_cat","embeddable":true,"href":"https:\/\/www.huntersfriend.eu\/sv\/wp-json\/wp\/v2\/product_cat?post=286400"},{"taxonomy":"product_tag","embeddable":true,"href":"https:\/\/www.huntersfriend.eu\/sv\/wp-json\/wp\/v2\/product_tag?post=286400"}],"curies":[{"name":"wp","href":"https:\/\/api.w.org\/{rel}","templated":true}]}}