{"id":286398,"date":"2024-10-23T00:31:32","date_gmt":"2024-10-22T22:31:32","guid":{"rendered":"https:\/\/www.huntersfriend.eu\/product\/helle-vikingkniv-puukko\/"},"modified":"2025-08-26T11:28:24","modified_gmt":"2025-08-26T09:28:24","slug":"helle-vikingkniv-puukko","status":"publish","type":"product","link":"https:\/\/www.huntersfriend.eu\/sv\/produkt\/helle-vikingkniv-puukko\/","title":{"rendered":"Helle vikingkniv &#8211; puukko"},"content":{"rendered":"<h2><span data-text-color=\"alert\">Observera att vi inte kommer att kunna skicka den h\u00e4r kniven till Storbritannien p\u00e5 grund av lokala importrestriktioner. Var uppm\u00e4rksam p\u00e5 dina lokala best\u00e4mmelser innan du best\u00e4ller. <\/span><\/h2>\n<p><strong>Viking \u00e4r en revidering av en Helle-klassiker som ursprungligen producerades som en del av en insamling f\u00f6r en jorden-runt-expedition i ett vikingaskepp. <\/strong><\/p>\n<p>Handtaget \u00e4r tunformat, men avsmalnande f\u00f6r att ge kniven ett distinkt grepp \u00e4ven om det inte \u00e4r konturformat. Den erbjuder sk\u00f6nhet i sin enkelhet och har blivit en modern klassiker, \u00e4ven om designen \u00e4r mer \u00e4n 1000 \u00e5r gammal. <\/p>\n<p>Kniven fungerar riktigt bra med alla handstorlekar, men b\u00f6r endast anv\u00e4ndas av de av er som har mer erfarenhet. Inget fingerskydd h\u00e4r, s\u00e5 t\u00e4nk efter f\u00f6re anv\u00e4ndning. <\/p>\n<p>Kniven \u00e4r utrustad med ett ganska tjockt blad, tillverkat av laminerat kolst\u00e5l. Svart till sin finish, direkt fr\u00e5n v\u00e4rmebehandlingen. Dess smala t\u00e5nge n\u00e5r hela v\u00e4gen genom handtaget och \u00e4r f\u00e4st gammaldags med en diamantformad bricka.  <\/p>\n<p>Viking levereras med en traditionell baksydd l\u00e4derslida att h\u00e4nga i sin l\u00e4der\u00f6gla i b\u00e4ltet.<\/p>\n<p>Den h\u00e4r kniven kommer att rosta om den inte underh\u00e5lls.<\/p>\n<p>*****<\/p>\n<div class=\"table-wrapper\">\n<table width=\"100%\">\n<tbody>\n<tr>\n<td><strong>Specifikationer<\/strong><\/td>\n<td><b>VIking<\/b><\/td>\n<\/tr>\n<tr>\n<td>Vikt inkl. slida <\/td>\n<td>150 g<\/td>\n<\/tr>\n<tr>\n<td>Bladmaterial<\/td>\n<td>Trippellaminerat Helle-st\u00e5l, kolst\u00e5l<\/td>\n<\/tr>\n<tr>\n<td>Bladtjocklek<\/td>\n<td>3,7 mm \/ 0,146 tum<\/td>\n<\/tr>\n<tr>\n<td>Bladl\u00e4ngd<\/td>\n<td>110 mm \/ 4,33 tum<\/td>\n<\/tr>\n<tr>\n<td>Bladkonstruktion<\/td>\n<td>Stick tang<\/td>\n<\/tr>\n<tr>\n<td>Handtagsmaterial<\/td>\n<td>Masurbj\u00f6rk<\/td>\n<\/tr>\n<tr>\n<td>Handtagsl\u00e4ngd<\/td>\n<td>105 mm \/ 4,13 tum<\/td>\n<\/tr>\n<tr>\n<td>Slidmaterial<\/td>\n<td>\u00c4kta l\u00e4der<\/td>\n<\/tr>\n<tr>\n<td>Design av<\/td>\n<td>Helle-design baserad p\u00e5 \u00e4kta historiska knivar<\/td>\n<\/tr>\n<tr>\n<td>Design\u00e5r<\/td>\n<td>2009 \/ Vikingatiden<\/td>\n<\/tr>\n<\/tbody>\n<\/table>\n<\/div>\n","protected":false},"excerpt":{"rendered":"<p>Observera att vi inte kommer att kunna skicka den h\u00e4r kniven till Storbritannien p\u00e5 grund av lokala importrestriktioner. Var uppm\u00e4rksam p\u00e5 dina lokala best\u00e4mmelser innan du best\u00e4ller. Viking \u00e4r en revidering av en Helle-klassiker som ursprungligen producerades som en del av en insamling f\u00f6r en jorden-runt-expedition i ett vikingaskepp. Handtaget \u00e4r tunformat, men avsmalnande f\u00f6r [&#8230;]\n","protected":false},"featured_media":275307,"comment_status":"open","ping_status":"closed","template":"","meta":[],"product_brand":[],"product_cat":[2610],"product_tag":[],"class_list":{"0":"post-286398","1":"product","2":"type-product","3":"status-publish","4":"has-post-thumbnail","6":"product_cat-knivar-yxor-och-slipar","8":"first","9":"instock","10":"taxable","11":"shipping-taxable","12":"purchasable","13":"product-type-simple"},"composite_virtual":false,"composite_layout":"","composite_add_to_cart_form_location":"","composite_editable_in_cart":false,"composite_sold_individually_context":"","composite_shop_price_calc":"","composite_components":[],"composite_scenarios":[],"group_of_quantity":0,"min_quantity":0,"max_quantity":"","exclude_order_quantity_value_rules":"no","exclude_category_quantity_rules":"no","combine_variations":"no","exclude_global_add_ons":[],"addons":[],"_links":{"self":[{"href":"https:\/\/www.huntersfriend.eu\/sv\/wp-json\/wp\/v2\/product\/286398","targetHints":{"allow":["GET"]}}],"collection":[{"href":"https:\/\/www.huntersfriend.eu\/sv\/wp-json\/wp\/v2\/product"}],"about":[{"href":"https:\/\/www.huntersfriend.eu\/sv\/wp-json\/wp\/v2\/types\/product"}],"replies":[{"embeddable":true,"href":"https:\/\/www.huntersfriend.eu\/sv\/wp-json\/wp\/v2\/comments?post=286398"}],"wp:featuredmedia":[{"embeddable":true,"href":"https:\/\/www.huntersfriend.eu\/sv\/wp-json\/wp\/v2\/media\/275307"}],"wp:attachment":[{"href":"https:\/\/www.huntersfriend.eu\/sv\/wp-json\/wp\/v2\/media?parent=286398"}],"wp:term":[{"taxonomy":"product_brand","embeddable":true,"href":"https:\/\/www.huntersfriend.eu\/sv\/wp-json\/wp\/v2\/product_brand?post=286398"},{"taxonomy":"product_cat","embeddable":true,"href":"https:\/\/www.huntersfriend.eu\/sv\/wp-json\/wp\/v2\/product_cat?post=286398"},{"taxonomy":"product_tag","embeddable":true,"href":"https:\/\/www.huntersfriend.eu\/sv\/wp-json\/wp\/v2\/product_tag?post=286398"}],"curies":[{"name":"wp","href":"https:\/\/api.w.org\/{rel}","templated":true}]}}