{"id":286397,"date":"2024-10-23T00:31:31","date_gmt":"2024-10-22T22:31:31","guid":{"rendered":"https:\/\/www.huntersfriend.eu\/product\/helle-mandra-kniv-puukko\/"},"modified":"2025-08-26T11:28:24","modified_gmt":"2025-08-26T09:28:24","slug":"helle-mandra-kniv-puukko","status":"publish","type":"product","link":"https:\/\/www.huntersfriend.eu\/sv\/produkt\/helle-mandra-kniv-puukko\/","title":{"rendered":"Helle mandra kniv &#8211; puukko"},"content":{"rendered":"<h2><span data-text-color=\"alert\">Observera att vi inte kommer att kunna skicka den h\u00e4r kniven till Storbritannien p\u00e5 grund av lokala importrestriktioner. Var uppm\u00e4rksam p\u00e5 dina lokala best\u00e4mmelser innan du best\u00e4ller. <\/span><\/h2>\n<p><strong>N\u00e4r Helle best\u00e4mde sig f\u00f6r att g\u00f6ra en kniv med full flat grind, var Mandra det sj\u00e4lvklara valet. Den \u00e4r liten, v\u00e4lproportionerad och har en bladform som inbjuder till att sk\u00e4ra. Den passar i fickan, p\u00e5 b\u00e4ltet eller runt halsen, och \u00e4r redo och tillg\u00e4nglig n\u00e4r du beh\u00f6ver sk\u00f6rda, sk\u00e4ra, t\u00e4rna eller laga mat &#8211; den nya Mandra FG \u00e4r det ultimata allround-bladet f\u00f6r vandraren som njuter av matpauserna lika mycket som sj\u00e4lva vandringen.  <\/strong><\/p>\n<p>Medan standard-Mandras scandi grind fungerar bra f\u00f6r de flesta uppgifter, utm\u00e4rker sig Mandra FG vid sk\u00e4rning. Oavsett om du sk\u00f6rdar svamp eller skivar den p\u00e5 din sk\u00e4rbr\u00e4da, kommer den nya Mandra FG:s 12C27-blad att se till att du sk\u00e4r rent och bra. \u00c4ven om den har samma form, har den ett n\u00e5got tjockare handtag \u00e4n standard-Mandra eftersom de vita linjerna \u00e4r tjockare. Detta skapar ett mycket balanserat blad som du kan arbeta med \u00f6ver tid.   <\/p>\n<p>Mandra FG levereras med en solbrun l\u00e4derslida med en tryckknapp f\u00f6r s\u00e4ker fasts\u00e4ttning. De vita s\u00f6mmarna matchar f\u00e4rgen p\u00e5 knivens liner. <\/p>\n<p>Original-Mandra var den tredje kniven som utvecklades i samarbete med \u201cSurvivorman\u201d Les Stroud. Namnet M\u00e2ndra betyder \u201cStolt\u201d p\u00e5 rum\u00e4nska. <\/p>\n<p>*****<\/p>\n<div class=\"table-wrapper\">\n<table width=\"100%\">\n<tbody>\n<tr>\n<td><strong>Specifikationer<\/strong><\/td>\n<td><strong>m\u00e2ndra<\/strong><\/td>\n<\/tr>\n<tr>\n<td>Vikt inkl. slida <\/td>\n<td>104 g \/ 3,88 oz<\/td>\n<\/tr>\n<tr>\n<td>Bladmaterial<\/td>\n<td>12c27, rostfritt<\/td>\n<\/tr>\n<tr>\n<td>Bladtjocklek<\/td>\n<td>2,5 mm \/ 0,102 tum<\/td>\n<\/tr>\n<tr>\n<td>Bladl\u00e4ngd<\/td>\n<td>69 mm \/ 2,72 tum<\/td>\n<\/tr>\n<tr>\n<td>Bladkonstruktion<\/td>\n<td>Full tang<\/td>\n<\/tr>\n<tr>\n<td>Handtagsmaterial<\/td>\n<td>Masurbj\u00f6rk och vulkanfiber<\/td>\n<\/tr>\n<tr>\n<td>Handtagsl\u00e4ngd<\/td>\n<td>80 mm \/ 3,15 tum<\/td>\n<\/tr>\n<tr>\n<td>Slidmaterial<\/td>\n<td>\u00c4kta l\u00e4der<\/td>\n<\/tr>\n<tr>\n<td>Design av<\/td>\n<td>Les Stroud \/ Helle<\/td>\n<\/tr>\n<tr>\n<td>Design\u00e5r<\/td>\n<td>2015 \/ 2023<\/td>\n<\/tr>\n<\/tbody>\n<\/table>\n<\/div>\n","protected":false},"excerpt":{"rendered":"<p>Observera att vi inte kommer att kunna skicka den h\u00e4r kniven till Storbritannien p\u00e5 grund av lokala importrestriktioner. Var uppm\u00e4rksam p\u00e5 dina lokala best\u00e4mmelser innan du best\u00e4ller. N\u00e4r Helle best\u00e4mde sig f\u00f6r att g\u00f6ra en kniv med full flat grind, var Mandra det sj\u00e4lvklara valet. Den \u00e4r liten, v\u00e4lproportionerad och har en bladform som inbjuder [&#8230;]\n","protected":false},"featured_media":275247,"comment_status":"open","ping_status":"closed","template":"","meta":[],"product_brand":[],"product_cat":[2610],"product_tag":[],"class_list":{"0":"post-286397","1":"product","2":"type-product","3":"status-publish","4":"has-post-thumbnail","6":"product_cat-knivar-yxor-och-slipar","8":"first","9":"outofstock","10":"taxable","11":"shipping-taxable","12":"purchasable","13":"product-type-simple"},"composite_virtual":false,"composite_layout":"","composite_add_to_cart_form_location":"","composite_editable_in_cart":false,"composite_sold_individually_context":"","composite_shop_price_calc":"","composite_components":[],"composite_scenarios":[],"group_of_quantity":0,"min_quantity":0,"max_quantity":"","exclude_order_quantity_value_rules":"no","exclude_category_quantity_rules":"no","combine_variations":"no","exclude_global_add_ons":[],"addons":[],"_links":{"self":[{"href":"https:\/\/www.huntersfriend.eu\/sv\/wp-json\/wp\/v2\/product\/286397","targetHints":{"allow":["GET"]}}],"collection":[{"href":"https:\/\/www.huntersfriend.eu\/sv\/wp-json\/wp\/v2\/product"}],"about":[{"href":"https:\/\/www.huntersfriend.eu\/sv\/wp-json\/wp\/v2\/types\/product"}],"replies":[{"embeddable":true,"href":"https:\/\/www.huntersfriend.eu\/sv\/wp-json\/wp\/v2\/comments?post=286397"}],"wp:featuredmedia":[{"embeddable":true,"href":"https:\/\/www.huntersfriend.eu\/sv\/wp-json\/wp\/v2\/media\/275247"}],"wp:attachment":[{"href":"https:\/\/www.huntersfriend.eu\/sv\/wp-json\/wp\/v2\/media?parent=286397"}],"wp:term":[{"taxonomy":"product_brand","embeddable":true,"href":"https:\/\/www.huntersfriend.eu\/sv\/wp-json\/wp\/v2\/product_brand?post=286397"},{"taxonomy":"product_cat","embeddable":true,"href":"https:\/\/www.huntersfriend.eu\/sv\/wp-json\/wp\/v2\/product_cat?post=286397"},{"taxonomy":"product_tag","embeddable":true,"href":"https:\/\/www.huntersfriend.eu\/sv\/wp-json\/wp\/v2\/product_tag?post=286397"}],"curies":[{"name":"wp","href":"https:\/\/api.w.org\/{rel}","templated":true}]}}