{"id":286395,"date":"2024-10-23T00:31:31","date_gmt":"2024-10-22T22:31:31","guid":{"rendered":"https:\/\/www.huntersfriend.eu\/product\/helle-gt-h3ls-kniv-puukko\/"},"modified":"2025-08-26T11:28:23","modified_gmt":"2025-08-26T09:28:23","slug":"helle-gt-h3ls-kniv-puukko","status":"publish","type":"product","link":"https:\/\/www.huntersfriend.eu\/sv\/produkt\/helle-gt-h3ls-kniv-puukko\/","title":{"rendered":"Helle GT H3LS kniv &#8211; puukko"},"content":{"rendered":"<h2><span data-text-color=\"alert\">Observera att vi inte kommer att kunna skicka den h\u00e4r kniven till Storbritannien p\u00e5 grund av lokala importrestriktioner. Var uppm\u00e4rksam p\u00e5 dina lokala best\u00e4mmelser innan du best\u00e4ller. <\/span><\/h2>\n<p><strong>Helle GT \u00e4r en m\u00e5ng\u00e5rig favorit och har funnits i Helles sortiment sedan 1997. Den har en stor fanskara i m\u00e5nga delar av v\u00e4rlden f\u00f6r sitt karakteristiska utseende blandat med traditionell skandinavisk knivdesign. <\/strong><\/p>\n<p>GT har ett cylinderformat handtag som passar de flesta handstorlekar och \u00e4r tillr\u00e4ckligt l\u00e5ngt f\u00f6r att passa stora h\u00e4nder. Aluminiumfingerskyddet ger ett s\u00e4kert skydd fr\u00e5n det trippellaminerade rostfria st\u00e5lbladet. Bladet har en klassisk scandi-slipning som har handpolerats f\u00f6r att erbjuda en h\u00e5rresande sk\u00e4rpa direkt ur f\u00f6rpackningen.  <\/p>\n<p>Kniven levereras med en l\u00e4derslida av h\u00f6g kvalitet med tryckknapp.<\/p>\n<p>Namnet GT \u00e4r en f\u00f6rkortning av det tyska f\u00f6retaget Globetrotter, som under ett bes\u00f6k p\u00e5 fabriken bidrog till designen genom att g\u00f6ra n\u00e5gra justeringar av en tidigare Gunnar Lothe-design.<\/p>\n<p>*****<\/p>\n<div class=\"table-wrapper\">\n<table width=\"100%\">\n<tbody>\n<tr>\n<td><strong>Specifikationer<\/strong><\/td>\n<td><strong>helle GT<\/strong><\/td>\n<\/tr>\n<tr>\n<td>Vikt inkl. slida <\/td>\n<td>210 g \/ 7,41 oz<\/td>\n<\/tr>\n<tr>\n<td>Bladmaterial<\/td>\n<td>Trippellaminerat Helle-st\u00e5l, rostfritt<\/td>\n<\/tr>\n<tr>\n<td>Bladtjocklek<\/td>\n<td>3,2 mm \/ 0,126 tum<\/td>\n<\/tr>\n<tr>\n<td>Bladl\u00e4ngd<\/td>\n<td>123 mm<\/td>\n<\/tr>\n<tr>\n<td>Bladkonstruktion<\/td>\n<td>Stick tang<\/td>\n<\/tr>\n<tr>\n<td>Handtagsmaterial<\/td>\n<td>Masurbj\u00f6rk, l\u00e4der och aluminiumskydd<\/td>\n<\/tr>\n<tr>\n<td>Handtagsl\u00e4ngd<\/td>\n<td>124 mm \/ 4,88 tum<\/td>\n<\/tr>\n<tr>\n<td>Slidmaterial<\/td>\n<td>\u00c4kta l\u00e4der<\/td>\n<\/tr>\n<tr>\n<td>Design av<\/td>\n<td>Gunnar Lothe (originaldesign)<\/td>\n<\/tr>\n<tr>\n<td>Design\u00e5r<\/td>\n<td>1997<\/td>\n<\/tr>\n<\/tbody>\n<\/table>\n<\/div>\n","protected":false},"excerpt":{"rendered":"<p>L\u00e4ngd 24,7 cm, vikt 202 g<\/p>\n","protected":false},"featured_media":275270,"comment_status":"open","ping_status":"closed","template":"","meta":[],"product_brand":[],"product_cat":[2610],"product_tag":[],"class_list":{"0":"post-286395","1":"product","2":"type-product","3":"status-publish","4":"has-post-thumbnail","6":"product_cat-knivar-yxor-och-slipar","8":"first","9":"instock","10":"taxable","11":"shipping-taxable","12":"purchasable","13":"product-type-simple"},"composite_virtual":false,"composite_layout":"","composite_add_to_cart_form_location":"","composite_editable_in_cart":false,"composite_sold_individually_context":"","composite_shop_price_calc":"","composite_components":[],"composite_scenarios":[],"group_of_quantity":0,"min_quantity":0,"max_quantity":"","exclude_order_quantity_value_rules":"no","exclude_category_quantity_rules":"no","combine_variations":"no","exclude_global_add_ons":[],"addons":[],"_links":{"self":[{"href":"https:\/\/www.huntersfriend.eu\/sv\/wp-json\/wp\/v2\/product\/286395","targetHints":{"allow":["GET"]}}],"collection":[{"href":"https:\/\/www.huntersfriend.eu\/sv\/wp-json\/wp\/v2\/product"}],"about":[{"href":"https:\/\/www.huntersfriend.eu\/sv\/wp-json\/wp\/v2\/types\/product"}],"replies":[{"embeddable":true,"href":"https:\/\/www.huntersfriend.eu\/sv\/wp-json\/wp\/v2\/comments?post=286395"}],"wp:featuredmedia":[{"embeddable":true,"href":"https:\/\/www.huntersfriend.eu\/sv\/wp-json\/wp\/v2\/media\/275270"}],"wp:attachment":[{"href":"https:\/\/www.huntersfriend.eu\/sv\/wp-json\/wp\/v2\/media?parent=286395"}],"wp:term":[{"taxonomy":"product_brand","embeddable":true,"href":"https:\/\/www.huntersfriend.eu\/sv\/wp-json\/wp\/v2\/product_brand?post=286395"},{"taxonomy":"product_cat","embeddable":true,"href":"https:\/\/www.huntersfriend.eu\/sv\/wp-json\/wp\/v2\/product_cat?post=286395"},{"taxonomy":"product_tag","embeddable":true,"href":"https:\/\/www.huntersfriend.eu\/sv\/wp-json\/wp\/v2\/product_tag?post=286395"}],"curies":[{"name":"wp","href":"https:\/\/api.w.org\/{rel}","templated":true}]}}