{"id":286393,"date":"2024-10-23T00:31:31","date_gmt":"2024-10-22T22:31:31","guid":{"rendered":"https:\/\/www.huntersfriend.eu\/product\/helle-harding-kniv-puukko\/"},"modified":"2025-08-26T11:28:21","modified_gmt":"2025-08-26T09:28:21","slug":"helle-harding-kniv-puukko","status":"publish","type":"product","link":"https:\/\/www.huntersfriend.eu\/sv\/produkt\/helle-harding-kniv-puukko\/","title":{"rendered":"Helle Harding-kniv \u2013 puukko"},"content":{"rendered":"<h2><span data-text-color=\"alert\">Observera att vi inte kommer att kunna skicka den h\u00e4r kniven till Storbritannien p\u00e5 grund av lokala importrestriktioner. Var uppm\u00e4rksam p\u00e5 dina lokala best\u00e4mmelser innan du best\u00e4ller. <\/span><\/h2>\n<p><strong>Helle Harding anses av m\u00e5nga vara nr 1 bland Helles klassiker. Trogen sitt norska arv har den h\u00e4r kniven f\u00f6ljt med m\u00e5nga av v\u00e5ra fans p\u00e5 \u00e4ventyr \u00f6ver hela v\u00e4rlden. <\/strong><\/p>\n<p>Det vackra, varma handtaget \u00e4r tillverkat av masurbj\u00f6rk och m\u00f6rkad ek. Tr\u00e4block som separeras av lager av f\u00e4rgat l\u00e4der. Handtaget har sedan slipats f\u00f6r hand till sin tunna form och polerats f\u00f6r hand till ett m\u00e4sterverk.  <\/p>\n<p>Det full\u00e4ngds stick tang bladet \u00e4r tillverkat av trippellaminerat rostfritt st\u00e5l. Slipat med en traditionell scandi grind och handpolerat till en rakbladsvass egg. <\/p>\n<p>Harding levereras med en vacker och klassisk slida av h\u00f6gkvalitativt l\u00e4der. <em>* V\u00e4nsterh\u00e4nt slida finns tillg\u00e4nglig (ange kommentar i orderanteckningarna).<\/em><\/p>\n<p>*****<\/p>\n<div class=\"table-wrapper\">\n<table width=\"100%\">\n<tbody>\n<tr>\n<td><strong>Specifikationer<\/strong><\/td>\n<td><strong>Harding<\/strong><\/td>\n<\/tr>\n<tr>\n<td>Vikt inkl. slida <\/td>\n<td>144 g<\/td>\n<\/tr>\n<tr>\n<td>Bladmaterial<\/td>\n<td>Trippellaminerat Helle-st\u00e5l, rostfritt<\/td>\n<\/tr>\n<tr>\n<td>Bladtjocklek<\/td>\n<td>3,1 mm<\/td>\n<\/tr>\n<tr>\n<td>Bladl\u00e4ngd<\/td>\n<td>100 mm<\/td>\n<\/tr>\n<tr>\n<td>Bladkonstruktion<\/td>\n<td>Stick tang<\/td>\n<\/tr>\n<tr>\n<td>Handtagsmaterial<\/td>\n<td>Masurbj\u00f6rk, l\u00e4der och m\u00f6rk ek<\/td>\n<\/tr>\n<tr>\n<td>Handtagsl\u00e4ngd<\/td>\n<td>110 mm<\/td>\n<\/tr>\n<tr>\n<td>Slidmaterial<\/td>\n<td>\u00c4kta l\u00e4der<\/td>\n<\/tr>\n<tr>\n<td>Design av<\/td>\n<td>Erling Opstad<\/td>\n<\/tr>\n<tr>\n<td>Design\u00e5r<\/td>\n<td>1986<\/td>\n<\/tr>\n<\/tbody>\n<\/table>\n<\/div>\n","protected":false},"excerpt":{"rendered":"<p>Observera att vi inte kommer att kunna skicka den h\u00e4r kniven till Storbritannien p\u00e5 grund av lokala importrestriktioner. Var uppm\u00e4rksam p\u00e5 dina lokala best\u00e4mmelser innan du best\u00e4ller. Helle Harding anses av m\u00e5nga vara nr 1 bland Helles klassiker. Trogen sitt norska arv har den h\u00e4r kniven f\u00f6ljt med m\u00e5nga av v\u00e5ra fans p\u00e5 \u00e4ventyr \u00f6ver [&#8230;]\n","protected":false},"featured_media":275277,"comment_status":"open","ping_status":"closed","template":"","meta":[],"product_brand":[],"product_cat":[2610],"product_tag":[],"class_list":{"0":"post-286393","1":"product","2":"type-product","3":"status-publish","4":"has-post-thumbnail","6":"product_cat-knivar-yxor-och-slipar","8":"first","9":"outofstock","10":"taxable","11":"shipping-taxable","12":"purchasable","13":"product-type-simple"},"composite_virtual":false,"composite_layout":"","composite_add_to_cart_form_location":"","composite_editable_in_cart":false,"composite_sold_individually_context":"","composite_shop_price_calc":"","composite_components":[],"composite_scenarios":[],"group_of_quantity":0,"min_quantity":0,"max_quantity":"","exclude_order_quantity_value_rules":"no","exclude_category_quantity_rules":"no","combine_variations":"no","exclude_global_add_ons":[],"addons":[],"_links":{"self":[{"href":"https:\/\/www.huntersfriend.eu\/sv\/wp-json\/wp\/v2\/product\/286393","targetHints":{"allow":["GET"]}}],"collection":[{"href":"https:\/\/www.huntersfriend.eu\/sv\/wp-json\/wp\/v2\/product"}],"about":[{"href":"https:\/\/www.huntersfriend.eu\/sv\/wp-json\/wp\/v2\/types\/product"}],"replies":[{"embeddable":true,"href":"https:\/\/www.huntersfriend.eu\/sv\/wp-json\/wp\/v2\/comments?post=286393"}],"wp:featuredmedia":[{"embeddable":true,"href":"https:\/\/www.huntersfriend.eu\/sv\/wp-json\/wp\/v2\/media\/275277"}],"wp:attachment":[{"href":"https:\/\/www.huntersfriend.eu\/sv\/wp-json\/wp\/v2\/media?parent=286393"}],"wp:term":[{"taxonomy":"product_brand","embeddable":true,"href":"https:\/\/www.huntersfriend.eu\/sv\/wp-json\/wp\/v2\/product_brand?post=286393"},{"taxonomy":"product_cat","embeddable":true,"href":"https:\/\/www.huntersfriend.eu\/sv\/wp-json\/wp\/v2\/product_cat?post=286393"},{"taxonomy":"product_tag","embeddable":true,"href":"https:\/\/www.huntersfriend.eu\/sv\/wp-json\/wp\/v2\/product_tag?post=286393"}],"curies":[{"name":"wp","href":"https:\/\/api.w.org\/{rel}","templated":true}]}}