{"id":286392,"date":"2024-10-21T23:51:17","date_gmt":"2024-10-21T21:51:17","guid":{"rendered":"https:\/\/www.huntersfriend.eu\/product\/hart-rst-vapenvaska\/"},"modified":"2025-08-26T11:28:20","modified_gmt":"2025-08-26T09:28:20","slug":"hart-rst-vapenvaska","status":"publish","type":"product","link":"https:\/\/www.huntersfriend.eu\/sv\/produkt\/hart-rst-vapenvaska\/","title":{"rendered":"Hart RST vapenv\u00e4ska"},"content":{"rendered":"<p><span class=\"jCAhz ChMk0b\"><span class=\"ryNqvb\">Hart RST-vapenv\u00e4skan kombinerar gedigen tillverkning och en genomt\u00e4nkt design, vilket s\u00e4kerst\u00e4ller optimalt skydd f\u00f6r vapnet och bekv\u00e4m anv\u00e4ndning.<\/span><\/span> <span class=\"jCAhz ChMk0b\"><span class=\"ryNqvb\">Hart RST \u00e4r tillverkad av slitstarkt, vattent\u00e4tt tyg och f\u00f6rst\u00e4rkt i kritiska omr\u00e5den.<\/span><\/span> <span class=\"jCAhz\"><span class=\"ryNqvb\">Intern skumvaddering skyddar ditt vapen fr\u00e5n yttre p\u00e5verkan.<\/span><\/span> <span class=\"jCAhz ChMk0b\"><span class=\"ryNqvb\">En tv\u00e5v\u00e4gsdragkedja l\u00e4ngs hela fodralets l\u00e4ngd s\u00e4kerst\u00e4ller bekv\u00e4m anv\u00e4ndning.<\/span><\/span> <span class=\"jCAhz ChMk0b\"><span class=\"ryNqvb\">Dessutom erbjuder den rymliga sidofickan, som har n\u00e4tfickor inuti, praktiskt f\u00f6rvaringsutrymme f\u00f6r dina tillbeh\u00f6r.<\/span><\/span><\/p>\n<p><span class=\"jCAhz ChMk0b\"><span class=\"ryNqvb\">Halvstyvt gev\u00e4rsfodral.<br \/>\n<\/span><\/span><span class=\"jCAhz ChMk0b\"><span class=\"ryNqvb\">Slitstark och vattenavvisande.<br \/>\n<\/span><\/span><span class=\"jCAhz ChMk0b\"><span class=\"ryNqvb\">F\u00f6rst\u00e4rkt botten.<br \/>\n<\/span><\/span><span class=\"jCAhz ChMk0b\"><span class=\"ryNqvb\">Stabil tv\u00e5v\u00e4gsdragkedja.<br \/>\n<\/span><\/span><span class=\"jCAhz ChMk0b\"><span class=\"ryNqvb\">Vadderad insida med skum.<br \/>\n<\/span><\/span><span class=\"jCAhz ChMk0b\"><span class=\"ryNqvb\">Tv\u00e5v\u00e4gs dragkedjef\u00f6rsedd lastficka och tre n\u00e4tfickor p\u00e5 insidan.<br \/>\n<\/span><\/span><span class=\"jCAhz ChMk0b\"><span class=\"ryNqvb\">Justerbar, vadderad axelrem och b\u00e4rhandtag.<br \/>\n<\/span><\/span><span class=\"jCAhz ChMk0b\"><span class=\"ryNqvb\">H\u00e4ng\u00f6gla. <\/span><\/span><\/p>\n<p><span class=\"jCAhz ChMk0b\"><span class=\"ryNqvb\">Inv\u00e4ndig l\u00e4ngd 125 cm.<br \/>\n<\/span><\/span><span class=\"jCAhz ChMk0b\"><span class=\"ryNqvb\">Ytterm\u00e5tt 127 x 28 cm. <\/span><\/span><span class=\"jCAhz\"><span class=\"ryNqvb\">Vikt 1600g.<\/span><\/span><\/p>\n","protected":false},"excerpt":{"rendered":"<p>Hart RST-vapenv\u00e4skan kombinerar gedigen tillverkning och en genomt\u00e4nkt design, vilket s\u00e4kerst\u00e4ller optimalt skydd f\u00f6r vapnet och bekv\u00e4m anv\u00e4ndning. Hart RST \u00e4r tillverkad av slitstarkt, vattent\u00e4tt tyg och f\u00f6rst\u00e4rkt i kritiska omr\u00e5den. Intern skumvaddering skyddar ditt vapen fr\u00e5n yttre p\u00e5verkan. En tv\u00e5v\u00e4gsdragkedja l\u00e4ngs hela fodralets l\u00e4ngd s\u00e4kerst\u00e4ller bekv\u00e4m anv\u00e4ndning. Dessutom erbjuder den rymliga sidofickan, som har [&#8230;]\n","protected":false},"featured_media":274896,"comment_status":"open","ping_status":"closed","template":"","meta":[],"product_brand":[],"product_cat":[2569],"product_tag":[],"class_list":{"0":"post-286392","1":"product","2":"type-product","3":"status-publish","4":"has-post-thumbnail","6":"product_cat-mjuka-fodral","7":"product_shipping_class-medium-sv","9":"first","10":"outofstock","11":"taxable","12":"shipping-taxable","13":"purchasable","14":"product-type-simple"},"composite_virtual":false,"composite_layout":"","composite_add_to_cart_form_location":"","composite_editable_in_cart":false,"composite_sold_individually_context":"","composite_shop_price_calc":"","composite_components":[],"composite_scenarios":[],"group_of_quantity":0,"min_quantity":0,"max_quantity":"","exclude_order_quantity_value_rules":"no","exclude_category_quantity_rules":"no","combine_variations":"no","exclude_global_add_ons":[],"addons":[],"_links":{"self":[{"href":"https:\/\/www.huntersfriend.eu\/sv\/wp-json\/wp\/v2\/product\/286392","targetHints":{"allow":["GET"]}}],"collection":[{"href":"https:\/\/www.huntersfriend.eu\/sv\/wp-json\/wp\/v2\/product"}],"about":[{"href":"https:\/\/www.huntersfriend.eu\/sv\/wp-json\/wp\/v2\/types\/product"}],"replies":[{"embeddable":true,"href":"https:\/\/www.huntersfriend.eu\/sv\/wp-json\/wp\/v2\/comments?post=286392"}],"wp:featuredmedia":[{"embeddable":true,"href":"https:\/\/www.huntersfriend.eu\/sv\/wp-json\/wp\/v2\/media\/274896"}],"wp:attachment":[{"href":"https:\/\/www.huntersfriend.eu\/sv\/wp-json\/wp\/v2\/media?parent=286392"}],"wp:term":[{"taxonomy":"product_brand","embeddable":true,"href":"https:\/\/www.huntersfriend.eu\/sv\/wp-json\/wp\/v2\/product_brand?post=286392"},{"taxonomy":"product_cat","embeddable":true,"href":"https:\/\/www.huntersfriend.eu\/sv\/wp-json\/wp\/v2\/product_cat?post=286392"},{"taxonomy":"product_tag","embeddable":true,"href":"https:\/\/www.huntersfriend.eu\/sv\/wp-json\/wp\/v2\/product_tag?post=286392"}],"curies":[{"name":"wp","href":"https:\/\/api.w.org\/{rel}","templated":true}]}}