{"id":286391,"date":"2024-10-21T23:57:12","date_gmt":"2024-10-21T21:57:12","guid":{"rendered":"https:\/\/www.huntersfriend.eu\/product\/nordforest-jakt-waidmannsheil-puukko\/"},"modified":"2025-08-26T11:28:20","modified_gmt":"2025-08-26T09:28:20","slug":"nordforest-jakt-waidmannsheil-puukko","status":"publish","type":"product","link":"https:\/\/www.huntersfriend.eu\/sv\/produkt\/nordforest-jakt-waidmannsheil-puukko\/","title":{"rendered":"Nordforest jakt waidmannsheil puukko"},"content":{"rendered":"<h3><span data-text-bg=\"primary\" data-text-color=\"secondary\"><em><strong>Observera att vi inte kommer att kunna skicka detta knivset till Storbritannien p\u00e5 grund av lokala importrestriktioner. Var v\u00e4nlig uppm\u00e4rksamma dina lokala knivlagar. <\/strong><\/em><\/span><\/h3>\n<p><span class=\"jCAhz ChMk0b\"><span class=\"ryNqvb\">Nordforest Hunting Waidmannsheil-kniven \u00e4r en m\u00e5ngsidig allroundkniv f\u00f6r jakt och utomhusaktiviteter.<\/span><\/span> <span class=\"jCAhz ChMk0b\"><span class=\"ryNqvb\">Det genomg\u00e5ende och solida bladet, tillverkat av 440 C rostfritt st\u00e5l, \u00e4r l\u00e4mpligt f\u00f6r alla typer av uppgifter. <\/span><\/span><\/p>\n<p><span class=\"jCAhz ChMk0b\"><span class=\"ryNqvb\">Bladets tjocklek \u00e4r 4 mm, vilket garanterar god h\u00e5llbarhet.<br \/>\n<\/span><\/span><span class=\"jCAhz ChMk0b\"><span class=\"ryNqvb\">Bladets l\u00e4ngd \u00e4r 10,5 cm.<br \/>\n<\/span><\/span><span class=\"jCAhz ChMk0b\"><span class=\"ryNqvb\">Total l\u00e4ngd 22,5 cm.<br \/>\n<\/span><\/span><span class=\"jCAhz ChMk0b\"><span class=\"ryNqvb\">Handtag av olivtr\u00e4. <\/span><\/span><\/p>\n<p><span class=\"jCAhz ChMk0b\"><span class=\"ryNqvb\">Kniven levereras med en l\u00e4derslida som kan b\u00e4ras i b\u00e4lte. <\/span><\/span><\/p>\n<p><span class=\"jCAhz\"><span class=\"ryNqvb\">Vikt 150g.<\/span><\/span><\/p>\n","protected":false},"excerpt":{"rendered":"<p>Observera att vi inte kommer att kunna skicka detta knivset till Storbritannien p\u00e5 grund av lokala importrestriktioner. Var v\u00e4nlig uppm\u00e4rksamma dina lokala knivlagar. Nordforest Hunting Waidmannsheil-kniven \u00e4r en m\u00e5ngsidig allroundkniv f\u00f6r jakt och utomhusaktiviteter. Det genomg\u00e5ende och solida bladet, tillverkat av 440 C rostfritt st\u00e5l, \u00e4r l\u00e4mpligt f\u00f6r alla typer av uppgifter. Bladets tjocklek \u00e4r [&#8230;]\n","protected":false},"featured_media":275055,"comment_status":"open","ping_status":"closed","template":"","meta":[],"product_brand":[],"product_cat":[2610],"product_tag":[],"class_list":{"0":"post-286391","1":"product","2":"type-product","3":"status-publish","4":"has-post-thumbnail","6":"product_cat-knivar-yxor-och-slipar","8":"first","9":"instock","10":"taxable","11":"shipping-taxable","12":"purchasable","13":"product-type-simple"},"composite_virtual":false,"composite_layout":"","composite_add_to_cart_form_location":"","composite_editable_in_cart":false,"composite_sold_individually_context":"","composite_shop_price_calc":"","composite_components":[],"composite_scenarios":[],"group_of_quantity":0,"min_quantity":0,"max_quantity":"","exclude_order_quantity_value_rules":"no","exclude_category_quantity_rules":"no","combine_variations":"no","exclude_global_add_ons":[],"addons":[],"_links":{"self":[{"href":"https:\/\/www.huntersfriend.eu\/sv\/wp-json\/wp\/v2\/product\/286391","targetHints":{"allow":["GET"]}}],"collection":[{"href":"https:\/\/www.huntersfriend.eu\/sv\/wp-json\/wp\/v2\/product"}],"about":[{"href":"https:\/\/www.huntersfriend.eu\/sv\/wp-json\/wp\/v2\/types\/product"}],"replies":[{"embeddable":true,"href":"https:\/\/www.huntersfriend.eu\/sv\/wp-json\/wp\/v2\/comments?post=286391"}],"wp:featuredmedia":[{"embeddable":true,"href":"https:\/\/www.huntersfriend.eu\/sv\/wp-json\/wp\/v2\/media\/275055"}],"wp:attachment":[{"href":"https:\/\/www.huntersfriend.eu\/sv\/wp-json\/wp\/v2\/media?parent=286391"}],"wp:term":[{"taxonomy":"product_brand","embeddable":true,"href":"https:\/\/www.huntersfriend.eu\/sv\/wp-json\/wp\/v2\/product_brand?post=286391"},{"taxonomy":"product_cat","embeddable":true,"href":"https:\/\/www.huntersfriend.eu\/sv\/wp-json\/wp\/v2\/product_cat?post=286391"},{"taxonomy":"product_tag","embeddable":true,"href":"https:\/\/www.huntersfriend.eu\/sv\/wp-json\/wp\/v2\/product_tag?post=286391"}],"curies":[{"name":"wp","href":"https:\/\/api.w.org\/{rel}","templated":true}]}}