{"id":286390,"date":"2024-10-21T23:57:12","date_gmt":"2024-10-21T21:57:12","guid":{"rendered":"https:\/\/www.huntersfriend.eu\/product\/boker-magnum-saufanger-hl-jaktkniv\/"},"modified":"2025-08-26T11:28:19","modified_gmt":"2025-08-26T09:28:19","slug":"boker-magnum-saufanger-hl-jaktkniv","status":"publish","type":"product","link":"https:\/\/www.huntersfriend.eu\/sv\/produkt\/boker-magnum-saufanger-hl-jaktkniv\/","title":{"rendered":"B\u00f6ker Magnum Saufanger HL jaktkniv"},"content":{"rendered":"<h3><span data-text-bg=\"primary\" data-text-color=\"secondary\"><em><strong>Observera att vi inte kommer att kunna skicka den h\u00e4r kniven till Storbritannien p\u00e5 grund av lokala importrestriktioner. Var uppm\u00e4rksam p\u00e5 dina lokala knivlagar. <\/strong><\/em><\/span><\/h3>\n<p><span class=\"jCAhz ChMk0b\"><span class=\"ryNqvb\">B\u00f6ker Magnum Saufanger HL jaktkniv \u00e4r l\u00e4mplig f\u00f6r att sticka djuret och avsluta det p\u00e5 ett humant s\u00e4tt n\u00e4r ett vapen inte \u00e4r tillg\u00e4ngligt.<\/span><\/span> <span class=\"jCAhz ChMk0b\"><span class=\"ryNqvb\">Den h\u00e4r kniven har en Full Tang-struktur, vilket garanterar kniven en tuff h\u00e5llbarhet.<\/span><\/span> <span class=\"jCAhz\"><span class=\"ryNqvb\">Knivens 440C rostfria st\u00e5lblad har en blodsk\u00e5ra.<\/span><\/span> <span class=\"jCAhz ChMk0b\"><span class=\"ryNqvb\">Ett brett skydd av rostfritt st\u00e5l f\u00f6rhindrar oavsiktlig kontakt med bladet. <\/span><\/span><\/p>\n<p><span class=\"jCAhz ChMk0b\"><span class=\"ryNqvb\">En kniv med ett kontinuerligt blad.<br \/>\n<\/span><\/span><span class=\"jCAhz ChMk0b\"><span class=\"ryNqvb\">Handtag i signalorange.<br \/>\n<\/span><\/span><span class=\"jCAhz ChMk0b\"><span class=\"ryNqvb\">Bladl\u00e4ngd 22,9 cm.<br \/>\n<\/span><\/span><span class=\"jCAhz ChMk0b\"><span class=\"ryNqvb\">Total l\u00e4ngd 36,8 cm.<br \/>\n<\/span><\/span><span class=\"jCAhz ChMk0b\"><span class=\"ryNqvb\">Vikt 380 g (med skydd).<br \/>\n<\/span><\/span><span class=\"jCAhz\"><span class=\"ryNqvb\">Inkluderar nylonslida.<\/span><\/span><\/p>\n","protected":false},"excerpt":{"rendered":"<p>Observera att vi inte kommer att kunna skicka den h\u00e4r kniven till Storbritannien p\u00e5 grund av lokala importrestriktioner. Var uppm\u00e4rksam p\u00e5 dina lokala knivlagar. B\u00f6ker Magnum Saufanger HL jaktkniv \u00e4r l\u00e4mplig f\u00f6r att sticka djuret och avsluta det p\u00e5 ett humant s\u00e4tt n\u00e4r ett vapen inte \u00e4r tillg\u00e4ngligt. Den h\u00e4r kniven har en Full Tang-struktur, [&#8230;]\n","protected":false},"featured_media":275051,"comment_status":"open","ping_status":"closed","template":"","meta":[],"product_brand":[],"product_cat":[878],"product_tag":[],"class_list":{"0":"post-286390","1":"product","2":"type-product","3":"status-publish","4":"has-post-thumbnail","6":"product_cat-uncategorized-sv","8":"first","9":"outofstock","10":"taxable","11":"shipping-taxable","12":"purchasable","13":"product-type-simple"},"composite_virtual":false,"composite_layout":"","composite_add_to_cart_form_location":"","composite_editable_in_cart":false,"composite_sold_individually_context":"","composite_shop_price_calc":"","composite_components":[],"composite_scenarios":[],"group_of_quantity":0,"min_quantity":0,"max_quantity":"","exclude_order_quantity_value_rules":"no","exclude_category_quantity_rules":"no","combine_variations":"no","exclude_global_add_ons":[],"addons":[],"_links":{"self":[{"href":"https:\/\/www.huntersfriend.eu\/sv\/wp-json\/wp\/v2\/product\/286390","targetHints":{"allow":["GET"]}}],"collection":[{"href":"https:\/\/www.huntersfriend.eu\/sv\/wp-json\/wp\/v2\/product"}],"about":[{"href":"https:\/\/www.huntersfriend.eu\/sv\/wp-json\/wp\/v2\/types\/product"}],"replies":[{"embeddable":true,"href":"https:\/\/www.huntersfriend.eu\/sv\/wp-json\/wp\/v2\/comments?post=286390"}],"wp:featuredmedia":[{"embeddable":true,"href":"https:\/\/www.huntersfriend.eu\/sv\/wp-json\/wp\/v2\/media\/275051"}],"wp:attachment":[{"href":"https:\/\/www.huntersfriend.eu\/sv\/wp-json\/wp\/v2\/media?parent=286390"}],"wp:term":[{"taxonomy":"product_brand","embeddable":true,"href":"https:\/\/www.huntersfriend.eu\/sv\/wp-json\/wp\/v2\/product_brand?post=286390"},{"taxonomy":"product_cat","embeddable":true,"href":"https:\/\/www.huntersfriend.eu\/sv\/wp-json\/wp\/v2\/product_cat?post=286390"},{"taxonomy":"product_tag","embeddable":true,"href":"https:\/\/www.huntersfriend.eu\/sv\/wp-json\/wp\/v2\/product_tag?post=286390"}],"curies":[{"name":"wp","href":"https:\/\/api.w.org\/{rel}","templated":true}]}}