{"id":286387,"date":"2024-10-21T23:51:17","date_gmt":"2024-10-21T21:51:17","guid":{"rendered":"https:\/\/www.huntersfriend.eu\/product\/nordforest-jakt-vapenfodral\/"},"modified":"2025-08-26T11:28:18","modified_gmt":"2025-08-26T09:28:18","slug":"nordforest-jakt-vapenfodral","status":"publish","type":"product","link":"https:\/\/www.huntersfriend.eu\/sv\/produkt\/nordforest-jakt-vapenfodral\/","title":{"rendered":"Nordforest jakt Vapenfodral"},"content":{"rendered":"<p><span class=\"jCAhz ChMk0b\"><span class=\"ryNqvb\">Nordforest Hunting vapenfodral \u00e4r tillverkat av slitstarka men tysta material.<\/span><\/span> <span class=\"jCAhz\"><span class=\"ryNqvb\">Dess l\u00e4ngd \u00e4r cirka 105 cm och bredden cirka 5,5 cm.<\/span><\/span> <span class=\"jCAhz ChMk0b\"><span class=\"ryNqvb\">Tv\u00e5 \u00f6glor ovanp\u00e5 b\u00e4ltet ger plats f\u00f6r gev\u00e4rspatroner.<\/span><\/span><\/p>\n<p><span class=\"jCAhz ChMk0b\"><span class=\"ryNqvb\">Material: l\u00e4der &amp; filt.<\/span><\/span><\/p>\n","protected":false},"excerpt":{"rendered":"<p>Nordforest Hunting vapenfodral \u00e4r tillverkat av slitstarka men tysta material. Dess l\u00e4ngd \u00e4r cirka 105 cm och bredden cirka 5,5 cm. Tv\u00e5 \u00f6glor ovanp\u00e5 b\u00e4ltet ger plats f\u00f6r gev\u00e4rspatroner. Material: l\u00e4der &amp; filt.<\/p>\n","protected":false},"featured_media":274913,"comment_status":"open","ping_status":"closed","template":"","meta":[],"product_brand":[],"product_cat":[2564],"product_tag":[],"class_list":{"0":"post-286387","1":"product","2":"type-product","3":"status-publish","4":"has-post-thumbnail","6":"product_cat-remmar-tillbehor","8":"first","9":"instock","10":"taxable","11":"shipping-taxable","12":"purchasable","13":"product-type-simple"},"composite_virtual":false,"composite_layout":"","composite_add_to_cart_form_location":"","composite_editable_in_cart":false,"composite_sold_individually_context":"","composite_shop_price_calc":"","composite_components":[],"composite_scenarios":[],"group_of_quantity":0,"min_quantity":0,"max_quantity":"","exclude_order_quantity_value_rules":"no","exclude_category_quantity_rules":"no","combine_variations":"no","exclude_global_add_ons":[],"addons":[],"_links":{"self":[{"href":"https:\/\/www.huntersfriend.eu\/sv\/wp-json\/wp\/v2\/product\/286387","targetHints":{"allow":["GET"]}}],"collection":[{"href":"https:\/\/www.huntersfriend.eu\/sv\/wp-json\/wp\/v2\/product"}],"about":[{"href":"https:\/\/www.huntersfriend.eu\/sv\/wp-json\/wp\/v2\/types\/product"}],"replies":[{"embeddable":true,"href":"https:\/\/www.huntersfriend.eu\/sv\/wp-json\/wp\/v2\/comments?post=286387"}],"wp:featuredmedia":[{"embeddable":true,"href":"https:\/\/www.huntersfriend.eu\/sv\/wp-json\/wp\/v2\/media\/274913"}],"wp:attachment":[{"href":"https:\/\/www.huntersfriend.eu\/sv\/wp-json\/wp\/v2\/media?parent=286387"}],"wp:term":[{"taxonomy":"product_brand","embeddable":true,"href":"https:\/\/www.huntersfriend.eu\/sv\/wp-json\/wp\/v2\/product_brand?post=286387"},{"taxonomy":"product_cat","embeddable":true,"href":"https:\/\/www.huntersfriend.eu\/sv\/wp-json\/wp\/v2\/product_cat?post=286387"},{"taxonomy":"product_tag","embeddable":true,"href":"https:\/\/www.huntersfriend.eu\/sv\/wp-json\/wp\/v2\/product_tag?post=286387"}],"curies":[{"name":"wp","href":"https:\/\/api.w.org\/{rel}","templated":true}]}}