{"id":286385,"date":"2024-10-21T23:51:17","date_gmt":"2024-10-21T21:51:17","guid":{"rendered":"https:\/\/www.huntersfriend.eu\/product\/nordforest-jakt-skinner-puukko\/"},"modified":"2025-08-26T11:28:17","modified_gmt":"2025-08-26T09:28:17","slug":"nordforest-jakt-skinner-puukko","status":"publish","type":"product","link":"https:\/\/www.huntersfriend.eu\/sv\/produkt\/nordforest-jakt-skinner-puukko\/","title":{"rendered":"Nordforest jakt skinner puukko"},"content":{"rendered":"<h3><span data-text-bg=\"primary\" data-text-color=\"secondary\"><em><strong>Observera att vi inte kommer att kunna skicka detta knivset till Storbritannien p\u00e5 grund av lokala importrestriktioner. Var v\u00e4nlig uppm\u00e4rksamma dina lokala knivlagar. <\/strong><\/em><\/span><\/h3>\n<p><span class=\"jCAhz ChMk0b\"><span class=\"ryNqvb\">Nordforest Hunting Skinner \u00e4r en jaktkniv med ett atypiskt, genomg\u00e5ende blad genom hela knivkroppen.<\/span><\/span> <span class=\"jCAhz ChMk0b\"><span class=\"ryNqvb\">Tack vare dess praktiska dimensioner och praktiska \u00f6ppningsblad \u00e4r den s\u00e4rskilt l\u00e4mplig f\u00f6r storviltsj\u00e4gare.<\/span><\/span> <span class=\"jCAhz ChMk0b\"><span class=\"ryNqvb\">Handtagen p\u00e5 denna jaktkniv \u00e4r gjorda av olivtr\u00e4dets rot. <\/span><\/span><\/p>\n<p><span class=\"jCAhz ChMk0b\"><span class=\"ryNqvb\">Genomg\u00e5ende blad.<br \/>\n<\/span><\/span><span class=\"jCAhz ChMk0b\"><span class=\"ryNqvb\">Bladmaterial 440 C, rostfritt, 58 HRC.<br \/>\n<\/span><\/span><span class=\"jCAhz ChMk0b\"><span class=\"ryNqvb\">Handtagets l\u00e4ngd \u00e4r 8,5 cm.<br \/>\n<\/span><\/span><span class=\"jCAhz\"><span class=\"ryNqvb\">Bladl\u00e4ngd 8 cm.<br \/>\n<\/span><\/span><span class=\"jCAhz\"><span class=\"ryNqvb\">Bladtjocklek 4 mm.<br \/>\n<\/span><\/span><span class=\"jCAhz\"><span class=\"ryNqvb\">Total l\u00e4ngd 18,5 cm.<br \/>\n<\/span><\/span><span class=\"jCAhz\"><span class=\"ryNqvb\">Vikt 135g.<\/p>\n<p><\/span><\/span><span class=\"jCAhz\"><span class=\"ryNqvb\">Leveransen inkluderar en l\u00e4derslida.<\/span><\/span><\/p>\n","protected":false},"excerpt":{"rendered":"<p>Observera att vi inte kommer att kunna skicka detta knivset till Storbritannien p\u00e5 grund av lokala importrestriktioner. Var v\u00e4nlig uppm\u00e4rksamma dina lokala knivlagar. Nordforest Hunting Skinner \u00e4r en jaktkniv med ett atypiskt, genomg\u00e5ende blad genom hela knivkroppen. Tack vare dess praktiska dimensioner och praktiska \u00f6ppningsblad \u00e4r den s\u00e4rskilt l\u00e4mplig f\u00f6r storviltsj\u00e4gare. Handtagen p\u00e5 denna jaktkniv [&#8230;]\n","protected":false},"featured_media":275065,"comment_status":"open","ping_status":"closed","template":"","meta":[],"product_brand":[],"product_cat":[2610],"product_tag":[],"class_list":{"0":"post-286385","1":"product","2":"type-product","3":"status-publish","4":"has-post-thumbnail","6":"product_cat-knivar-yxor-och-slipar","8":"first","9":"outofstock","10":"taxable","11":"shipping-taxable","12":"purchasable","13":"product-type-simple"},"composite_virtual":false,"composite_layout":"","composite_add_to_cart_form_location":"","composite_editable_in_cart":false,"composite_sold_individually_context":"","composite_shop_price_calc":"","composite_components":[],"composite_scenarios":[],"group_of_quantity":0,"min_quantity":0,"max_quantity":"","exclude_order_quantity_value_rules":"no","exclude_category_quantity_rules":"no","combine_variations":"no","exclude_global_add_ons":[],"addons":[],"_links":{"self":[{"href":"https:\/\/www.huntersfriend.eu\/sv\/wp-json\/wp\/v2\/product\/286385","targetHints":{"allow":["GET"]}}],"collection":[{"href":"https:\/\/www.huntersfriend.eu\/sv\/wp-json\/wp\/v2\/product"}],"about":[{"href":"https:\/\/www.huntersfriend.eu\/sv\/wp-json\/wp\/v2\/types\/product"}],"replies":[{"embeddable":true,"href":"https:\/\/www.huntersfriend.eu\/sv\/wp-json\/wp\/v2\/comments?post=286385"}],"wp:featuredmedia":[{"embeddable":true,"href":"https:\/\/www.huntersfriend.eu\/sv\/wp-json\/wp\/v2\/media\/275065"}],"wp:attachment":[{"href":"https:\/\/www.huntersfriend.eu\/sv\/wp-json\/wp\/v2\/media?parent=286385"}],"wp:term":[{"taxonomy":"product_brand","embeddable":true,"href":"https:\/\/www.huntersfriend.eu\/sv\/wp-json\/wp\/v2\/product_brand?post=286385"},{"taxonomy":"product_cat","embeddable":true,"href":"https:\/\/www.huntersfriend.eu\/sv\/wp-json\/wp\/v2\/product_cat?post=286385"},{"taxonomy":"product_tag","embeddable":true,"href":"https:\/\/www.huntersfriend.eu\/sv\/wp-json\/wp\/v2\/product_tag?post=286385"}],"curies":[{"name":"wp","href":"https:\/\/api.w.org\/{rel}","templated":true}]}}