{"id":286384,"date":"2024-10-18T09:14:11","date_gmt":"2024-10-18T07:14:11","guid":{"rendered":"https:\/\/www.huntersfriend.eu\/product\/nebo-illumatrace-bloodtracker-blodljus\/"},"modified":"2025-08-26T11:28:14","modified_gmt":"2025-08-26T09:28:14","slug":"nebo-illumatrace-bloodtracker-blodljus","status":"publish","type":"product","link":"https:\/\/www.huntersfriend.eu\/sv\/produkt\/nebo-illumatrace-bloodtracker-blodljus\/","title":{"rendered":"Nebo illumatrace bloodtracker blodljus"},"content":{"rendered":"<p>Ett f\u00e4llt djur ska vara ett funnet djur. \u00d6ka din framg\u00e5ngsgrad n\u00e4r du hittar den slutgiltiga viloplatsen f\u00f6r storvilt utrustad med NEBO\u00ae IllumaTrace\u2122 Blood Tracker-ficklampa. Patentans\u00f6kt teknik revolutionerar detekteringen av blodsp\u00e5r med alternerande strober som f\u00f6rb\u00e4ttrar blods synlighet mot alla typer av terr\u00e4ng och bakgrunder, vilket lyser upp v\u00e4gen till din trof\u00e9. V\u00e4xla snabbt mellan vitt ljus f\u00f6r allm\u00e4n stigbelysning och precisionen hos ett specialiserat blodsp\u00e5rningsl\u00e4ge. L\u00e4gesv\u00e4ljaren m\u00f6jligg\u00f6r snabb start i ditt valda l\u00e4ge. V\u00e4lj mellan 3 blodsp\u00e5rningsstrobhastigheter f\u00f6r att b\u00e4st matcha dina visuella preferenser och jaktf\u00f6rh\u00e5llandena. Med en anm\u00e4rkningsv\u00e4rd r\u00e4ckvidd p\u00e5 upp till 262 fot trivs Illumatrace Blood Tracker i b\u00e5de \u00f6ppna f\u00e4lt och t\u00e4ta skogsmarker. Denna USB-C-uppladdningsbara enhet med 4000mAh litiumjonbatteri har vattent\u00e4t, slagt\u00e5lig och l\u00e4tt aluminiumramkonstruktion. NEBO IllumaTrace blodsp\u00e5rningsficklampa inkluderar avtagbar snodd, avtagbart b\u00e4ltesclip och USB-A till USB-C-kabel. Ljusl\u00e4gen: Vitt (170 lumen, 2,5 timmars drifttid, 80 m avst\u00e5nd); IllumaTrace Blood Tracker (150 lumen, 3 timmars drifttid, 75 m avst\u00e5nd). 7,48&#8243;L x 2,12&#8243;B x 2,12&#8243;H. Vikt: 0,84 lb.<br \/>\nTillverkarens modellnummer: NEB-FLT-1036.           <\/p>\n<ul>\n<li class=\"\">Specialiserat blodsp\u00e5rningsl\u00e4ge<\/li>\n<li class=\"\">3 blodsp\u00e5rningsstrobhastigheter<\/li>\n<li>R\u00e4ckvidd p\u00e5 upp till 262 fot<\/li>\n<li class=\"\">4000mAh litiumjonbatteri st\u00e5tar med<\/li>\n<li class=\"\">Vattent\u00e4t, slagt\u00e5lig aluminiumramkonstruktion<\/li>\n<\/ul>\n","protected":false},"excerpt":{"rendered":"<p>Ett f\u00e4llt djur ska vara ett funnet djur. \u00d6ka din framg\u00e5ngsgrad n\u00e4r du hittar den slutgiltiga viloplatsen f\u00f6r storvilt utrustad med NEBO\u00ae IllumaTrace\u2122 Blood Tracker-ficklampa. Patentans\u00f6kt teknik revolutionerar detekteringen av blodsp\u00e5r med alternerande strober som f\u00f6rb\u00e4ttrar blods synlighet mot alla typer av terr\u00e4ng och bakgrunder, vilket lyser upp v\u00e4gen till din trof\u00e9. V\u00e4xla snabbt mellan [&#8230;]\n","protected":false},"featured_media":274409,"comment_status":"open","ping_status":"closed","template":"","meta":[],"product_brand":[],"product_cat":[2568,2525],"product_tag":[],"class_list":{"0":"post-286384","1":"product","2":"type-product","3":"status-publish","4":"has-post-thumbnail","6":"product_cat-jakt-tillbehor","7":"product_cat-jaktlampor","9":"first","10":"onbackorder","11":"taxable","12":"shipping-taxable","13":"purchasable","14":"product-type-simple"},"composite_virtual":false,"composite_layout":"","composite_add_to_cart_form_location":"","composite_editable_in_cart":false,"composite_sold_individually_context":"","composite_shop_price_calc":"","composite_components":[],"composite_scenarios":[],"group_of_quantity":0,"min_quantity":0,"max_quantity":"","exclude_order_quantity_value_rules":"no","exclude_category_quantity_rules":"no","combine_variations":"no","exclude_global_add_ons":[],"addons":[],"_links":{"self":[{"href":"https:\/\/www.huntersfriend.eu\/sv\/wp-json\/wp\/v2\/product\/286384","targetHints":{"allow":["GET"]}}],"collection":[{"href":"https:\/\/www.huntersfriend.eu\/sv\/wp-json\/wp\/v2\/product"}],"about":[{"href":"https:\/\/www.huntersfriend.eu\/sv\/wp-json\/wp\/v2\/types\/product"}],"replies":[{"embeddable":true,"href":"https:\/\/www.huntersfriend.eu\/sv\/wp-json\/wp\/v2\/comments?post=286384"}],"wp:featuredmedia":[{"embeddable":true,"href":"https:\/\/www.huntersfriend.eu\/sv\/wp-json\/wp\/v2\/media\/274409"}],"wp:attachment":[{"href":"https:\/\/www.huntersfriend.eu\/sv\/wp-json\/wp\/v2\/media?parent=286384"}],"wp:term":[{"taxonomy":"product_brand","embeddable":true,"href":"https:\/\/www.huntersfriend.eu\/sv\/wp-json\/wp\/v2\/product_brand?post=286384"},{"taxonomy":"product_cat","embeddable":true,"href":"https:\/\/www.huntersfriend.eu\/sv\/wp-json\/wp\/v2\/product_cat?post=286384"},{"taxonomy":"product_tag","embeddable":true,"href":"https:\/\/www.huntersfriend.eu\/sv\/wp-json\/wp\/v2\/product_tag?post=286384"}],"curies":[{"name":"wp","href":"https:\/\/api.w.org\/{rel}","templated":true}]}}