{"id":286377,"date":"2024-10-18T00:24:10","date_gmt":"2024-10-17T22:24:10","guid":{"rendered":"https:\/\/www.huntersfriend.eu\/product\/sitka-traverse-byxor-optifade-timber\/"},"modified":"2025-08-26T11:28:13","modified_gmt":"2025-08-26T09:28:13","slug":"sitka-traverse-byxor-optifade-timber","status":"publish","type":"product","link":"https:\/\/www.huntersfriend.eu\/sv\/produkt\/sitka-traverse-byxor-optifade-timber\/","title":{"rendered":"SITKA Traverse-byxor \u2013 Optifade Timber"},"content":{"rendered":"<p>Kombinera komfort med prestanda i Traverse-byxorna med fyrv\u00e4gsstretch. Oavsett om du tillbringar dina dagar i bergen, skogen eller p\u00e5 \u00e5krarna \u00e4r dessa byxor utformade f\u00f6r att eliminera distraktionen av obehag. Traverse \u00e4r tillverkade av tyger gjorda av \u00e5tervunna material och har ett tyst polyesterstickat tyg som har en slitstark vattenavvisande yta f\u00f6r att st\u00f6ta bort vatten n\u00e4r du g\u00e5r genom v\u00e5t vegetation.  <\/p>\n<p>\u00c5tervunnet, l\u00e4tt, v\u00e4vt stretchtyg (90 % \u00e5tervunnen polyester, 10 % elastan)<\/p>\n<p>Milj\u00f6medvetet tyg tillverkat av \u00e5tervunna material<\/p>\n<p>Slitstark vattenavvisande yta st\u00f6ter bort l\u00e4tt nederb\u00f6rd och f\u00f6rhindrar att tyget blir bl\u00f6tt<\/p>\n<p>S\u00e4ker f\u00f6rvaring med dragkedjef\u00f6rsedda s\u00e4tes- och benfickor<\/p>\n<p>F\u00f6rst\u00e4rkt kniv\u00f6verl\u00e4gg p\u00e5 handfickan<\/p>\n<p>Tv\u00e5v\u00e4gsdragkedja fram<\/p>\n<p>Dolda f\u00e4stpunkter f\u00f6r h\u00e4ngslen<\/p>\n<p>Total vikt: 935,53 g.<\/p>\n","protected":false},"excerpt":{"rendered":"<p>Kombinera komfort med prestanda i Traverse-byxorna med fyrv\u00e4gsstretch. Oavsett om du tillbringar dina dagar i bergen, skogen eller p\u00e5 \u00e5krarna \u00e4r dessa byxor utformade f\u00f6r att eliminera distraktionen av obehag. Traverse \u00e4r tillverkade av tyger gjorda av \u00e5tervunna material och har ett tyst polyesterstickat tyg som har en slitstark vattenavvisande yta f\u00f6r att st\u00f6ta bort [&#8230;]\n","protected":false},"featured_media":274398,"comment_status":"open","ping_status":"closed","template":"","meta":[],"product_brand":[],"product_cat":[2779,2765],"product_tag":[],"class_list":{"0":"post-286377","1":"product","2":"type-product","3":"status-publish","4":"has-post-thumbnail","6":"product_cat-byxor","7":"product_cat-fyndlada-slutrea","9":"first","10":"outofstock","11":"sale","12":"taxable","13":"shipping-taxable","14":"purchasable","15":"product-type-variable"},"composite_virtual":false,"composite_layout":"","composite_add_to_cart_form_location":"","composite_editable_in_cart":false,"composite_sold_individually_context":"","composite_shop_price_calc":"","composite_components":[],"composite_scenarios":[],"group_of_quantity":0,"min_quantity":0,"max_quantity":"","exclude_order_quantity_value_rules":"no","exclude_category_quantity_rules":"no","combine_variations":"no","exclude_global_add_ons":[],"addons":[],"_links":{"self":[{"href":"https:\/\/www.huntersfriend.eu\/sv\/wp-json\/wp\/v2\/product\/286377","targetHints":{"allow":["GET"]}}],"collection":[{"href":"https:\/\/www.huntersfriend.eu\/sv\/wp-json\/wp\/v2\/product"}],"about":[{"href":"https:\/\/www.huntersfriend.eu\/sv\/wp-json\/wp\/v2\/types\/product"}],"replies":[{"embeddable":true,"href":"https:\/\/www.huntersfriend.eu\/sv\/wp-json\/wp\/v2\/comments?post=286377"}],"wp:featuredmedia":[{"embeddable":true,"href":"https:\/\/www.huntersfriend.eu\/sv\/wp-json\/wp\/v2\/media\/274398"}],"wp:attachment":[{"href":"https:\/\/www.huntersfriend.eu\/sv\/wp-json\/wp\/v2\/media?parent=286377"}],"wp:term":[{"taxonomy":"product_brand","embeddable":true,"href":"https:\/\/www.huntersfriend.eu\/sv\/wp-json\/wp\/v2\/product_brand?post=286377"},{"taxonomy":"product_cat","embeddable":true,"href":"https:\/\/www.huntersfriend.eu\/sv\/wp-json\/wp\/v2\/product_cat?post=286377"},{"taxonomy":"product_tag","embeddable":true,"href":"https:\/\/www.huntersfriend.eu\/sv\/wp-json\/wp\/v2\/product_tag?post=286377"}],"curies":[{"name":"wp","href":"https:\/\/api.w.org\/{rel}","templated":true}]}}