{"id":286374,"date":"2024-10-21T23:51:16","date_gmt":"2024-10-21T21:51:16","guid":{"rendered":"https:\/\/www.huntersfriend.eu\/product\/nordforest-jaktvapenfodral\/"},"modified":"2025-08-26T11:28:12","modified_gmt":"2025-08-26T09:28:12","slug":"nordforest-jaktvapenfodral","status":"publish","type":"product","link":"https:\/\/www.huntersfriend.eu\/sv\/produkt\/nordforest-jaktvapenfodral\/","title":{"rendered":"Nordforest jaktvapenfodral"},"content":{"rendered":"<p><span class=\"jCAhz\"><span class=\"ryNqvb\">Nordforest jaktvapenv\u00e4ska f\u00f6r gev\u00e4r och hagelgev\u00e4r.<\/span><\/span> <span class=\"jCAhz\"><span class=\"ryNqvb\">Den mjuka, vadderade insidan ger ett bra skydd.<\/span><\/span> <span class=\"jCAhz ChMk0b\"><span class=\"ryNqvb\">Fodralet har en bred \u00f6ppning med dubbel dragkedja och \u00f6glor f\u00f6r ett h\u00e4ngl\u00e5s.<\/span><\/span> <span class=\"jCAhz ChMk0b\"><span class=\"ryNqvb\">Den yttre fickan med dragkedja erbjuder f\u00f6rvaringsutrymme f\u00f6r viktiga tillbeh\u00f6r.<\/span><\/span><\/p>\n<p><span class=\"jCAhz ChMk0b\"><span class=\"ryNqvb\">Fast, justerbar axelrem.<\/span><\/span><br \/>\n<span class=\"jCAhz ChMk0b\"><span class=\"ryNqvb\">Korta b\u00e4rhandtag med sammanl\u00e4nkande l\u00e4nk.<\/span><\/span><br \/>\n<span class=\"jCAhz ChMk0b\"><span class=\"ryNqvb\">H\u00e4ng\u00f6gla<br \/>\n<\/span><\/span><span class=\"jCAhz ChMk0b\"><span class=\"ryNqvb\">F\u00e4rg: gr\u00f6n\/svart. <\/span><\/span> <\/p>\n<p><span class=\"jCAhz ChMk0b\"><span class=\"ryNqvb\">M\u00e5tt: 126 x 27 x 3 cm.<br \/>\n<\/span><\/span><span class=\"jCAhz\"><span class=\"ryNqvb\">Vikt: 630g.<\/span><\/span><\/p>\n","protected":false},"excerpt":{"rendered":"<p>Nordforest jaktvapenv\u00e4ska f\u00f6r gev\u00e4r och hagelgev\u00e4r. Den mjuka, vadderade insidan ger ett bra skydd. Fodralet har en bred \u00f6ppning med dubbel dragkedja och \u00f6glor f\u00f6r ett h\u00e4ngl\u00e5s. Den yttre fickan med dragkedja erbjuder f\u00f6rvaringsutrymme f\u00f6r viktiga tillbeh\u00f6r. Fast, justerbar axelrem. Korta b\u00e4rhandtag med sammanl\u00e4nkande l\u00e4nk. H\u00e4ng\u00f6gla F\u00e4rg: gr\u00f6n\/svart. M\u00e5tt: 126 x 27 x 3 cm. [&#8230;]\n","protected":false},"featured_media":274921,"comment_status":"open","ping_status":"closed","template":"","meta":[],"product_brand":[],"product_cat":[878],"product_tag":[],"class_list":{"0":"post-286374","1":"product","2":"type-product","3":"status-publish","4":"has-post-thumbnail","6":"product_cat-uncategorized-sv","7":"product_shipping_class-medium-sv","9":"first","10":"outofstock","11":"taxable","12":"shipping-taxable","13":"purchasable","14":"product-type-simple"},"composite_virtual":false,"composite_layout":"","composite_add_to_cart_form_location":"","composite_editable_in_cart":false,"composite_sold_individually_context":"","composite_shop_price_calc":"","composite_components":[],"composite_scenarios":[],"group_of_quantity":0,"min_quantity":0,"max_quantity":"","exclude_order_quantity_value_rules":"no","exclude_category_quantity_rules":"no","combine_variations":"no","exclude_global_add_ons":[],"addons":[],"_links":{"self":[{"href":"https:\/\/www.huntersfriend.eu\/sv\/wp-json\/wp\/v2\/product\/286374","targetHints":{"allow":["GET"]}}],"collection":[{"href":"https:\/\/www.huntersfriend.eu\/sv\/wp-json\/wp\/v2\/product"}],"about":[{"href":"https:\/\/www.huntersfriend.eu\/sv\/wp-json\/wp\/v2\/types\/product"}],"replies":[{"embeddable":true,"href":"https:\/\/www.huntersfriend.eu\/sv\/wp-json\/wp\/v2\/comments?post=286374"}],"wp:featuredmedia":[{"embeddable":true,"href":"https:\/\/www.huntersfriend.eu\/sv\/wp-json\/wp\/v2\/media\/274921"}],"wp:attachment":[{"href":"https:\/\/www.huntersfriend.eu\/sv\/wp-json\/wp\/v2\/media?parent=286374"}],"wp:term":[{"taxonomy":"product_brand","embeddable":true,"href":"https:\/\/www.huntersfriend.eu\/sv\/wp-json\/wp\/v2\/product_brand?post=286374"},{"taxonomy":"product_cat","embeddable":true,"href":"https:\/\/www.huntersfriend.eu\/sv\/wp-json\/wp\/v2\/product_cat?post=286374"},{"taxonomy":"product_tag","embeddable":true,"href":"https:\/\/www.huntersfriend.eu\/sv\/wp-json\/wp\/v2\/product_tag?post=286374"}],"curies":[{"name":"wp","href":"https:\/\/api.w.org\/{rel}","templated":true}]}}