{"id":286373,"date":"2024-10-17T09:01:51","date_gmt":"2024-10-17T07:01:51","guid":{"rendered":"https:\/\/www.huntersfriend.eu\/product\/hot-shot-vapor-ii\/"},"modified":"2026-03-11T14:36:28","modified_gmt":"2026-03-11T12:36:28","slug":"hot-shot-vapor-ii","status":"publish","type":"product","link":"https:\/\/www.huntersfriend.eu\/sv\/produkt\/hot-shot-vapor-ii\/","title":{"rendered":"Hot shot vapor II"},"content":{"rendered":"<p>Vapor II har alla funktioner du \u00e4lskar fr\u00e5n v\u00e5r original Vapor, men med ett nytt ergonomiskt handtag. \u00c4ven l\u00e4mplig f\u00f6r 3D-banan, ingen kvalitet har offrats f\u00f6r att n\u00e5 den \u00f6verkomliga prisniv\u00e5n. Ren trigger-sk\u00e4rpa, tystnad och \u00f6vergripande enkelhet g\u00f6r Vapor till ett naturligt val f\u00f6r b\u00e5gskyttar som insisterar p\u00e5 en release av h\u00f6gsta kvalitet.  <\/p>\n<ul class=\"nano-post-list\">\n<li>Extremt bekv\u00e4m k\u00e4nsla med minskad handtr\u00f6tthet.<\/li>\n<li>Fullt justerbar trigger-sp\u00e4nning.<\/li>\n<li>Automatisk st\u00e4ngningskrok, utan sp\u00e4rrmekanism.<\/li>\n<li>Total tystnad under upphakningen och vid skottet.<\/li>\n<li>Match grade trigger-sk\u00e4rpa f\u00f6r f\u00f6rb\u00e4ttrad precision.<\/li>\n<li>Cat\u2019s Eye-krokdesign s\u00e4kerst\u00e4ller en vridmomentfri release fr\u00e5n D-loopen.<\/li>\n<li>Multi-Axis tumr\u00f6rsrotation s\u00e4kerst\u00e4ller obegr\u00e4nsad justering f\u00f6r perfekt passform i din hand.<\/li>\n<li>Extra handtagsstyrka, tack vare v\u00e5r exklusiva 2-Thirds case-design.<\/li>\n<li>Ytterligare yta vid fingrarna minskar fingerutmattningen, \u00e4ven efter timmar av skytte.<\/li>\n<li>Finns i 3-finger- och 4-fingermodeller till en otrolig prisniv\u00e5.<\/li>\n<\/ul>\n<p>Att l\u00e4mna lite \u00e5t slumpen \u00e4r det som skiljer en bra j\u00e4gare fr\u00e5n en fantastisk j\u00e4gare, och fantastiska j\u00e4gare f\u00f6rst\u00e5r att varje utrustningsdel ska fungera felfritt under alla f\u00f6rh\u00e5llanden. Det \u00e4r d\u00e4rf\u00f6r seri\u00f6sa b\u00e5gskyttar som letar efter en handh\u00e5llen release v\u00e4ljer Hot Shot&#8217;s Vapor II. <\/p>\n","protected":false},"excerpt":{"rendered":"<p>Vapor II har alla funktioner du \u00e4lskar fr\u00e5n v\u00e5r original Vapor, men med ett nytt ergonomiskt handtag. \u00c4ven l\u00e4mplig f\u00f6r 3D-banan, ingen kvalitet har offrats f\u00f6r att n\u00e5 den \u00f6verkomliga prisniv\u00e5n. Ren trigger-sk\u00e4rpa, tystnad och \u00f6vergripande enkelhet g\u00f6r Vapor till ett naturligt val f\u00f6r b\u00e5gskyttar som insisterar p\u00e5 en release av h\u00f6gsta kvalitet. Extremt bekv\u00e4m [&#8230;]\n","protected":false},"featured_media":274330,"comment_status":"open","ping_status":"closed","template":"","meta":[],"product_brand":[],"product_cat":[2802],"product_tag":[],"class_list":{"0":"post-286373","1":"product","2":"type-product","3":"status-publish","4":"has-post-thumbnail","6":"product_cat-hand-tum-releaser","8":"first","9":"instock","10":"taxable","11":"shipping-taxable","12":"purchasable","13":"product-type-variable"},"composite_virtual":false,"composite_layout":"","composite_add_to_cart_form_location":"","composite_editable_in_cart":false,"composite_sold_individually_context":"","composite_shop_price_calc":"","composite_components":[],"composite_scenarios":[],"group_of_quantity":0,"min_quantity":0,"max_quantity":"","exclude_order_quantity_value_rules":"no","exclude_category_quantity_rules":"no","combine_variations":"no","exclude_global_add_ons":[],"addons":[],"_links":{"self":[{"href":"https:\/\/www.huntersfriend.eu\/sv\/wp-json\/wp\/v2\/product\/286373","targetHints":{"allow":["GET"]}}],"collection":[{"href":"https:\/\/www.huntersfriend.eu\/sv\/wp-json\/wp\/v2\/product"}],"about":[{"href":"https:\/\/www.huntersfriend.eu\/sv\/wp-json\/wp\/v2\/types\/product"}],"replies":[{"embeddable":true,"href":"https:\/\/www.huntersfriend.eu\/sv\/wp-json\/wp\/v2\/comments?post=286373"}],"wp:featuredmedia":[{"embeddable":true,"href":"https:\/\/www.huntersfriend.eu\/sv\/wp-json\/wp\/v2\/media\/274330"}],"wp:attachment":[{"href":"https:\/\/www.huntersfriend.eu\/sv\/wp-json\/wp\/v2\/media?parent=286373"}],"wp:term":[{"taxonomy":"product_brand","embeddable":true,"href":"https:\/\/www.huntersfriend.eu\/sv\/wp-json\/wp\/v2\/product_brand?post=286373"},{"taxonomy":"product_cat","embeddable":true,"href":"https:\/\/www.huntersfriend.eu\/sv\/wp-json\/wp\/v2\/product_cat?post=286373"},{"taxonomy":"product_tag","embeddable":true,"href":"https:\/\/www.huntersfriend.eu\/sv\/wp-json\/wp\/v2\/product_tag?post=286373"}],"curies":[{"name":"wp","href":"https:\/\/api.w.org\/{rel}","templated":true}]}}