{"id":286372,"date":"2024-10-21T23:51:16","date_gmt":"2024-10-21T21:51:16","guid":{"rendered":"https:\/\/www.huntersfriend.eu\/product\/hart-eb-vapenvaska\/"},"modified":"2025-08-26T11:28:11","modified_gmt":"2025-08-26T09:28:11","slug":"hart-eb-vapenvaska","status":"publish","type":"product","link":"https:\/\/www.huntersfriend.eu\/sv\/produkt\/hart-eb-vapenvaska\/","title":{"rendered":"Hart EB vapenv\u00e4ska"},"content":{"rendered":"<div class=\"lRu31\" dir=\"ltr\"><span class=\"HwtZe\" lang=\"en\"><span class=\"jCAhz ChMk0b\"><span class=\"ryNqvb\">Med den h\u00e4r l\u00e4ttviktiga Hart EB-vapenv\u00e4skan kan du skydda ditt vapen n\u00e4r du \u00e4n b\u00e4r det.<\/span><\/span> <span class=\"jCAhz ChMk0b\"><span class=\"ryNqvb\">Den h\u00e4r vapenv\u00e4skan \u00e4r vattent\u00e4t och s\u00e4kerst\u00e4ller en s\u00e4rskilt h\u00f6g skyddsniv\u00e5 med en trelagerskonstruktion gjord av h\u00f6gkvalitativ Cordura p\u00e5 utsidan, ett halvstyvt mellanskikt och minnesvaddering p\u00e5 insidan.<\/span><\/span> <span class=\"jCAhz ChMk0b\"><span class=\"ryNqvb\">Ditt vapen \u00e4r tillf\u00f6rlitligt skyddat fr\u00e5n st\u00f6tar. <\/span><\/span><span class=\"jCAhz ChMk0b\"><span class=\"ryNqvb\">Hart EB-vapenv\u00e4skan \u00e4r utrustad med en robust tv\u00e5v\u00e4gsdragkedja.<\/span><\/span> <span class=\"jCAhz ChMk0b\"><span class=\"ryNqvb\">En stor sidoficka, som ocks\u00e5 har en tv\u00e5v\u00e4gsdragkedja, och en stor transparent ficka ger extra f\u00f6rvaringsutrymme. <\/span><\/span><\/span><\/div>\n<div dir=\"ltr\"><\/div>\n<div class=\"lRu31\" dir=\"ltr\"><span class=\"HwtZe\" lang=\"en\"><span class=\"jCAhz ChMk0b\"><span class=\"ryNqvb\">L\u00e4tt vapenv\u00e4ska.<br \/>\n<\/span><\/span><span class=\"jCAhz ChMk0b\"><span class=\"ryNqvb\">Vattent\u00e4tt trippellager best\u00e5ende av ett Cordura-ytterlager, ett halvstyvt mellanskikt och en minnesdyna.<br \/>\n<\/span><\/span><span class=\"jCAhz ChMk0b\"><span class=\"ryNqvb\">Robust tv\u00e5v\u00e4gsdragkedja i huvudfickan.<br \/>\n<\/span><\/span><span class=\"jCAhz ChMk0b\"><span class=\"ryNqvb\">Stor sidoficka med tv\u00e5v\u00e4gsdragkedja, tv\u00e5 n\u00e4tfickor inuti och en transparent ficka med dragkedja.<br \/>\n<\/span><\/span><span class=\"jCAhz ChMk0b\"><span class=\"ryNqvb\">B\u00e4rrem och b\u00e4rhandtag samt h\u00e4ng\u00f6gla. <\/span><\/span><\/span><\/div>\n<div dir=\"ltr\"><\/div>\n<div class=\"lRu31\" dir=\"ltr\"><span class=\"HwtZe\" lang=\"en\"><span class=\"jCAhz ChMk0b\"><span class=\"ryNqvb\">Innerl\u00e4ngd 120 cm.<br \/>\n<\/span><\/span><span class=\"jCAhz ChMk0b\"><span class=\"ryNqvb\">Ytterm\u00e5tt 122 x 28 cm.<br \/>\n<\/span><\/span><span class=\"jCAhz\"><span class=\"ryNqvb\">Vikt 840g.<\/span><\/span><\/span><\/p>\n<div class=\"OvtS8d\"><\/div>\n<div id=\"ow23\"><\/div>\n<\/div>\n<div class=\"UdTY9 WdefRb\" aria-hidden=\"true\" data-location=\"2\"><\/div>\n","protected":false},"excerpt":{"rendered":"<p>Med den h\u00e4r l\u00e4ttviktiga Hart EB-vapenv\u00e4skan kan du skydda ditt vapen n\u00e4r du \u00e4n b\u00e4r det. Den h\u00e4r vapenv\u00e4skan \u00e4r vattent\u00e4t och s\u00e4kerst\u00e4ller en s\u00e4rskilt h\u00f6g skyddsniv\u00e5 med en trelagerskonstruktion gjord av h\u00f6gkvalitativ Cordura p\u00e5 utsidan, ett halvstyvt mellanskikt och minnesvaddering p\u00e5 insidan. Ditt vapen \u00e4r tillf\u00f6rlitligt skyddat fr\u00e5n st\u00f6tar. Hart EB-vapenv\u00e4skan \u00e4r utrustad med [&#8230;]\n","protected":false},"featured_media":274917,"comment_status":"open","ping_status":"closed","template":"","meta":[],"product_brand":[],"product_cat":[2569],"product_tag":[],"class_list":{"0":"post-286372","1":"product","2":"type-product","3":"status-publish","4":"has-post-thumbnail","6":"product_cat-mjuka-fodral","7":"product_shipping_class-medium-sv","9":"first","10":"outofstock","11":"taxable","12":"shipping-taxable","13":"purchasable","14":"product-type-simple"},"composite_virtual":false,"composite_layout":"","composite_add_to_cart_form_location":"","composite_editable_in_cart":false,"composite_sold_individually_context":"","composite_shop_price_calc":"","composite_components":[],"composite_scenarios":[],"group_of_quantity":0,"min_quantity":0,"max_quantity":"","exclude_order_quantity_value_rules":"no","exclude_category_quantity_rules":"no","combine_variations":"no","exclude_global_add_ons":[],"addons":[],"_links":{"self":[{"href":"https:\/\/www.huntersfriend.eu\/sv\/wp-json\/wp\/v2\/product\/286372","targetHints":{"allow":["GET"]}}],"collection":[{"href":"https:\/\/www.huntersfriend.eu\/sv\/wp-json\/wp\/v2\/product"}],"about":[{"href":"https:\/\/www.huntersfriend.eu\/sv\/wp-json\/wp\/v2\/types\/product"}],"replies":[{"embeddable":true,"href":"https:\/\/www.huntersfriend.eu\/sv\/wp-json\/wp\/v2\/comments?post=286372"}],"wp:featuredmedia":[{"embeddable":true,"href":"https:\/\/www.huntersfriend.eu\/sv\/wp-json\/wp\/v2\/media\/274917"}],"wp:attachment":[{"href":"https:\/\/www.huntersfriend.eu\/sv\/wp-json\/wp\/v2\/media?parent=286372"}],"wp:term":[{"taxonomy":"product_brand","embeddable":true,"href":"https:\/\/www.huntersfriend.eu\/sv\/wp-json\/wp\/v2\/product_brand?post=286372"},{"taxonomy":"product_cat","embeddable":true,"href":"https:\/\/www.huntersfriend.eu\/sv\/wp-json\/wp\/v2\/product_cat?post=286372"},{"taxonomy":"product_tag","embeddable":true,"href":"https:\/\/www.huntersfriend.eu\/sv\/wp-json\/wp\/v2\/product_tag?post=286372"}],"curies":[{"name":"wp","href":"https:\/\/api.w.org\/{rel}","templated":true}]}}