{"id":286363,"date":"2024-10-21T23:51:16","date_gmt":"2024-10-21T21:51:16","guid":{"rendered":"https:\/\/www.huntersfriend.eu\/product\/hart-ret-vapenvaska\/"},"modified":"2025-08-26T11:28:10","modified_gmt":"2025-08-26T09:28:10","slug":"hart-ret-vapenvaska","status":"publish","type":"product","link":"https:\/\/www.huntersfriend.eu\/sv\/produkt\/hart-ret-vapenvaska\/","title":{"rendered":"Hart RET vapenv\u00e4ska"},"content":{"rendered":"<p><span class=\"jCAhz ChMk0b\"><span class=\"ryNqvb\">Med Hart RET vapenv\u00e4ska skyddar du ditt vapen p\u00e5 varje jaktresa.<\/span><\/span> <span class=\"jCAhz ChMk0b\"><span class=\"ryNqvb\">Detta halvstyva gev\u00e4rsfodral kombinerar h\u00e5llbarhet och funktionalitet eftersom det \u00e4r b\u00e5de n\u00f6tnings- och vattenbest\u00e4ndigt.<\/span><\/span> <span class=\"jCAhz ChMk0b\"><span class=\"ryNqvb\">En praktisk tv\u00e5v\u00e4gsdragkedja i full l\u00e4ngd g\u00f6r det l\u00e4ttare att \u00f6ppna huvudfacket, och fodralet \u00e4r vadderat p\u00e5 insidan med skum f\u00f6r att skydda ditt vapen optimalt.<\/span><\/span> <span class=\"jCAhz ChMk0b\"><span class=\"ryNqvb\">Ytterligare f\u00f6rvaringsutrymme tillhandah\u00e5lls av en lastficka med egen tv\u00e5v\u00e4gsdragkedja och tv\u00e5 n\u00e4tfickor inuti, perfekt f\u00f6r tillbeh\u00f6r och bestick.<\/p>\n<p><\/span><\/span><span class=\"jCAhz ChMk0b\"><span class=\"ryNqvb\">Slitstark och vattenavvisande.<br \/>\n<\/span><\/span><span class=\"jCAhz ChMk0b\"><span class=\"ryNqvb\">Tv\u00e5v\u00e4gsdragkedja.<br \/>\n<\/span><\/span><span class=\"jCAhz ChMk0b\"><span class=\"ryNqvb\">Vadderad insida med skum.<br \/>\n<\/span><\/span><span class=\"jCAhz ChMk0b\"><span class=\"ryNqvb\">Lastficka med tv\u00e5v\u00e4gsdragkedja och tv\u00e5 n\u00e4tfickor inuti.<br \/>\n<\/span><\/span><span class=\"jCAhz ChMk0b\"><span class=\"ryNqvb\">Justerbar, vadderad axelrem och b\u00e4rhandtag.<br \/>\n<\/span><\/span><span class=\"jCAhz ChMk0b\"><span class=\"ryNqvb\">H\u00e4ng\u00f6gla. <\/span><\/span><\/p>\n<p><span class=\"jCAhz ChMk0b\"><span class=\"ryNqvb\">Inv\u00e4ndig l\u00e4ngd 125 cm.<br \/>\n<\/span><\/span><span class=\"jCAhz ChMk0b\"><span class=\"ryNqvb\">Ytterm\u00e5tt 127 x 28 cm. <\/span><\/span><span class=\"jCAhz\"><span class=\"ryNqvb\">Vikt 1350g.<\/span><\/span><\/p>\n","protected":false},"excerpt":{"rendered":"<p>Med Hart RET vapenv\u00e4ska skyddar du ditt vapen p\u00e5 varje jaktresa. Detta halvstyva gev\u00e4rsfodral kombinerar h\u00e5llbarhet och funktionalitet eftersom det \u00e4r b\u00e5de n\u00f6tnings- och vattenbest\u00e4ndigt. En praktisk tv\u00e5v\u00e4gsdragkedja i full l\u00e4ngd g\u00f6r det l\u00e4ttare att \u00f6ppna huvudfacket, och fodralet \u00e4r vadderat p\u00e5 insidan med skum f\u00f6r att skydda ditt vapen optimalt. Ytterligare f\u00f6rvaringsutrymme tillhandah\u00e5lls av [&#8230;]\n","protected":false},"featured_media":274889,"comment_status":"open","ping_status":"closed","template":"","meta":[],"product_brand":[],"product_cat":[878],"product_tag":[],"class_list":{"0":"post-286363","1":"product","2":"type-product","3":"status-publish","4":"has-post-thumbnail","6":"product_cat-uncategorized-sv","7":"product_shipping_class-medium-sv","9":"first","10":"outofstock","11":"taxable","12":"shipping-taxable","13":"purchasable","14":"product-type-simple"},"composite_virtual":false,"composite_layout":"","composite_add_to_cart_form_location":"","composite_editable_in_cart":false,"composite_sold_individually_context":"","composite_shop_price_calc":"","composite_components":[],"composite_scenarios":[],"group_of_quantity":0,"min_quantity":0,"max_quantity":"","exclude_order_quantity_value_rules":"no","exclude_category_quantity_rules":"no","combine_variations":"no","exclude_global_add_ons":[],"addons":[],"_links":{"self":[{"href":"https:\/\/www.huntersfriend.eu\/sv\/wp-json\/wp\/v2\/product\/286363","targetHints":{"allow":["GET"]}}],"collection":[{"href":"https:\/\/www.huntersfriend.eu\/sv\/wp-json\/wp\/v2\/product"}],"about":[{"href":"https:\/\/www.huntersfriend.eu\/sv\/wp-json\/wp\/v2\/types\/product"}],"replies":[{"embeddable":true,"href":"https:\/\/www.huntersfriend.eu\/sv\/wp-json\/wp\/v2\/comments?post=286363"}],"wp:featuredmedia":[{"embeddable":true,"href":"https:\/\/www.huntersfriend.eu\/sv\/wp-json\/wp\/v2\/media\/274889"}],"wp:attachment":[{"href":"https:\/\/www.huntersfriend.eu\/sv\/wp-json\/wp\/v2\/media?parent=286363"}],"wp:term":[{"taxonomy":"product_brand","embeddable":true,"href":"https:\/\/www.huntersfriend.eu\/sv\/wp-json\/wp\/v2\/product_brand?post=286363"},{"taxonomy":"product_cat","embeddable":true,"href":"https:\/\/www.huntersfriend.eu\/sv\/wp-json\/wp\/v2\/product_cat?post=286363"},{"taxonomy":"product_tag","embeddable":true,"href":"https:\/\/www.huntersfriend.eu\/sv\/wp-json\/wp\/v2\/product_tag?post=286363"}],"curies":[{"name":"wp","href":"https:\/\/api.w.org\/{rel}","templated":true}]}}