{"id":286362,"date":"2024-10-14T23:50:11","date_gmt":"2024-10-14T21:50:11","guid":{"rendered":"https:\/\/www.huntersfriend.eu\/product\/kamik-alborg-plus-vinterkanga\/"},"modified":"2025-08-26T11:28:10","modified_gmt":"2025-08-26T09:28:10","slug":"kamik-alborg-plus-vinterkanga","status":"publish","type":"product","link":"https:\/\/www.huntersfriend.eu\/sv\/produkt\/kamik-alborg-plus-vinterkanga\/","title":{"rendered":"Kamik alborg plus Vinterk\u00e4nga"},"content":{"rendered":"<p><span class=\"jCAhz ChMk0b\"><span class=\"ryNqvb\">Kamik Alborg Plus vinterk\u00e4nga har en l\u00f6stagbar innersula med Heat-MX-isolering.<\/span><\/span> <span class=\"jCAhz\"><span class=\"ryNqvb\">Detta garanterar optimal v\u00e4rme i mycket kalla f\u00f6rh\u00e5llanden.<\/span><\/span> <span class=\"jCAhz ChMk0b\"><span class=\"ryNqvb\">Kamik Alborg Plus vintersko \u00e4r ocks\u00e5 mycket l\u00e4tt, men \u00e4nd\u00e5 mycket slitstark.<\/span><\/span> <span class=\"jCAhz ChMk0b\"><span class=\"ryNqvb\">Den \u00e4kta nubuckl\u00e4der\u00f6verdelen g\u00f6r k\u00e4ngan mycket vattenavvisande.<\/span><\/span> <span class=\"jCAhz ChMk0b\"><span class=\"ryNqvb\">Alborg Plus \u00e4r bekv\u00e4mt mjuk, vilket garanterar en utm\u00e4rkt g\u00e5ngk\u00e4nsla.<\/span><\/span> <span class=\"jCAhz ChMk0b\"><span class=\"ryNqvb\">Den vattent\u00e4ta nedre delen \u00e4r gjord av syntetiskt gummi, vilket \u00e4r mycket flexibelt och f\u00f6rb\u00e4ttrar steget avsev\u00e4rt.<\/span><\/span> <span class=\"jCAhz ChMk0b\"><span class=\"ryNqvb\">Yttersulan \u00e4r v\u00e4l texturerad och slitstark. <\/span><\/span><\/p>\n<p><span class=\"jCAhz ChMk0b\"><span class=\"ryNqvb\">Specifikationer: <\/span><\/span><\/p>\n<p><span class=\"jCAhz ChMk0b\"><span class=\"ryNqvb\">S\u00f6mf\u00f6rseglad, vattenavvisande nubuckl\u00e4der\u00f6verdel<\/span><\/span><span class=\"jCAhz ChMk0b\"><span class=\"ryNqvb\">Fukttransporterande innerfoder<\/span><\/span><span class=\"jCAhz ChMk0b\"><span class=\"ryNqvb\">Mycket varm l\u00f6stagbar 9 mm Zylextra innersko med Heat-MX-isolering<\/span><\/span> <\/p>\n<p><span class=\"jCAhz ChMk0b\"><span class=\"ryNqvb\">Varm och v\u00e4lisolerande innersula <\/span><\/span><\/p>\n<p><span class=\"jCAhz ChMk0b\"><span class=\"ryNqvb\">Slitstark, vattent\u00e4t gummisula <\/span><\/span><\/p>\n<p><span class=\"jCAhz ChMk0b\"><span class=\"ryNqvb\">Sn\u00f6greppsyttersula<\/span><\/span><span class=\"jCAhz\"><span class=\"ryNqvb\">Sn\u00f6rningssystem med D-ringar<\/span><\/span> <\/p>\n<p><span class=\"jCAhz\"><span class=\"ryNqvb\">Skafth\u00f6jd: 22 cm <\/span><\/span><\/p>\n<p><span class=\"jCAhz ChMk0b\"><span class=\"ryNqvb\">Vikt: 1700 g (storlek 43)<\/span><\/span><\/p>\n","protected":false},"excerpt":{"rendered":"<p>Kamik Alborg Plus vinterk\u00e4nga har en l\u00f6stagbar innersula med Heat-MX-isolering. Detta garanterar optimal v\u00e4rme i mycket kalla f\u00f6rh\u00e5llanden. Kamik Alborg Plus vintersko \u00e4r ocks\u00e5 mycket l\u00e4tt, men \u00e4nd\u00e5 mycket slitstark. Den \u00e4kta nubuckl\u00e4der\u00f6verdelen g\u00f6r k\u00e4ngan mycket vattenavvisande. Alborg Plus \u00e4r bekv\u00e4mt mjuk, vilket garanterar en utm\u00e4rkt g\u00e5ngk\u00e4nsla. Den vattent\u00e4ta nedre delen \u00e4r gjord av syntetiskt [&#8230;]\n","protected":false},"featured_media":274368,"comment_status":"open","ping_status":"closed","template":"","meta":[],"product_brand":[],"product_cat":[2835,2666],"product_tag":[],"class_list":{"0":"post-286362","1":"product","2":"type-product","3":"status-publish","4":"has-post-thumbnail","6":"product_cat-jaktkangor","7":"product_cat-vinterjaktkangor","8":"product_shipping_class-medium-sv","10":"first","11":"instock","12":"taxable","13":"shipping-taxable","14":"purchasable","15":"product-type-variable"},"composite_virtual":false,"composite_layout":"","composite_add_to_cart_form_location":"","composite_editable_in_cart":false,"composite_sold_individually_context":"","composite_shop_price_calc":"","composite_components":[],"composite_scenarios":[],"group_of_quantity":0,"min_quantity":0,"max_quantity":"","exclude_order_quantity_value_rules":"no","exclude_category_quantity_rules":"no","combine_variations":"no","exclude_global_add_ons":[],"addons":[],"_links":{"self":[{"href":"https:\/\/www.huntersfriend.eu\/sv\/wp-json\/wp\/v2\/product\/286362","targetHints":{"allow":["GET"]}}],"collection":[{"href":"https:\/\/www.huntersfriend.eu\/sv\/wp-json\/wp\/v2\/product"}],"about":[{"href":"https:\/\/www.huntersfriend.eu\/sv\/wp-json\/wp\/v2\/types\/product"}],"replies":[{"embeddable":true,"href":"https:\/\/www.huntersfriend.eu\/sv\/wp-json\/wp\/v2\/comments?post=286362"}],"wp:featuredmedia":[{"embeddable":true,"href":"https:\/\/www.huntersfriend.eu\/sv\/wp-json\/wp\/v2\/media\/274368"}],"wp:attachment":[{"href":"https:\/\/www.huntersfriend.eu\/sv\/wp-json\/wp\/v2\/media?parent=286362"}],"wp:term":[{"taxonomy":"product_brand","embeddable":true,"href":"https:\/\/www.huntersfriend.eu\/sv\/wp-json\/wp\/v2\/product_brand?post=286362"},{"taxonomy":"product_cat","embeddable":true,"href":"https:\/\/www.huntersfriend.eu\/sv\/wp-json\/wp\/v2\/product_cat?post=286362"},{"taxonomy":"product_tag","embeddable":true,"href":"https:\/\/www.huntersfriend.eu\/sv\/wp-json\/wp\/v2\/product_tag?post=286362"}],"curies":[{"name":"wp","href":"https:\/\/api.w.org\/{rel}","templated":true}]}}