{"id":286361,"date":"2024-10-21T23:51:15","date_gmt":"2024-10-21T21:51:15","guid":{"rendered":"https:\/\/www.huntersfriend.eu\/product\/niggeloh-universal-sv-vapenrem\/"},"modified":"2025-08-26T11:28:10","modified_gmt":"2025-08-26T09:28:10","slug":"niggeloh-universal-sv-vapenrem","status":"publish","type":"product","link":"https:\/\/www.huntersfriend.eu\/sv\/produkt\/niggeloh-universal-sv-vapenrem\/","title":{"rendered":"Niggeloh universal SV vapenrem"},"content":{"rendered":"<p><span class=\"jCAhz ChMk0b\"><span class=\"ryNqvb\">Niggeloh Universal SV \u00e4r en h\u00f6gkvalitativ och ergonomisk vapenrem som erbjuder anv\u00e4ndaren maximal komfort och praktisk anv\u00e4ndning.<\/span><\/span> <span class=\"jCAhz ChMk0b\"><span class=\"ryNqvb\">Remmen \u00e4r tillverkad av slitstarka material och designad speciellt f\u00f6r j\u00e4gare och skytteentusiaster som v\u00e4rdes\u00e4tter anv\u00e4ndarv\u00e4nlighet och tillf\u00f6rlitlighet. <\/span><\/span><\/p>\n<p><span class=\"jCAhz ChMk0b\"><span class=\"ryNqvb\">Komfort: Den breda och vadderade remmen f\u00f6rdelar vikten j\u00e4mnt, vilket minskar belastningen under l\u00e5nga b\u00e4rstr\u00e4ckor<\/span><\/span><\/p>\n<p><span class=\"jCAhz ChMk0b\"><span class=\"ryNqvb\">H\u00e5llbarhet: Tillverkad av slitstarka material som garanterar l\u00e5ng livsl\u00e4ngd \u00e4ven under kr\u00e4vande f\u00f6rh\u00e5llanden. <\/span><\/span><\/p>\n<p><span class=\"jCAhz ChMk0b\"><span class=\"ryNqvb\">L\u00e4tt att justera: Remmens l\u00e4ngd kan enkelt justeras efter individuella behov, och den sitter s\u00e4kert p\u00e5 plats. <\/span><\/span><\/p>\n<p><span class=\"jCAhz ChMk0b\"><span class=\"ryNqvb\">M\u00e5ngsidig: Perfekt f\u00f6r de flesta vapen och olika jaktssituationer. <\/span><\/span><\/p>\n<p><span class=\"jCAhz\"><span class=\"ryNqvb\">M\u00e5tt: L\u00e4ngd 110 cm.<\/span><\/span> <span class=\"jCAhz ChMk0b\"><span class=\"ryNqvb\">Vikt 135 gram. <\/span><\/span><\/p>\n<p><span class=\"jCAhz ChMk0b\"><span class=\"ryNqvb\">Niggeloh Universal SV \u00e4r ett p\u00e5litligt val f\u00f6r alla som vill b\u00e4ra sitt vapen bekv\u00e4mt och s\u00e4kert.<\/span><\/span><\/p>\n","protected":false},"excerpt":{"rendered":"<p>Niggeloh Universal SV \u00e4r en h\u00f6gkvalitativ och ergonomisk vapenrem som erbjuder anv\u00e4ndaren maximal komfort och praktisk anv\u00e4ndning. Remmen \u00e4r tillverkad av slitstarka material och designad speciellt f\u00f6r j\u00e4gare och skytteentusiaster som v\u00e4rdes\u00e4tter anv\u00e4ndarv\u00e4nlighet och tillf\u00f6rlitlighet. Komfort: Den breda och vadderade remmen f\u00f6rdelar vikten j\u00e4mnt, vilket minskar belastningen under l\u00e5nga b\u00e4rstr\u00e4ckor H\u00e5llbarhet: Tillverkad av slitstarka material [&#8230;]\n","protected":false},"featured_media":274885,"comment_status":"open","ping_status":"closed","template":"","meta":[],"product_brand":[],"product_cat":[2564],"product_tag":[],"class_list":{"0":"post-286361","1":"product","2":"type-product","3":"status-publish","4":"has-post-thumbnail","6":"product_cat-remmar-tillbehor","8":"first","9":"instock","10":"taxable","11":"shipping-taxable","12":"purchasable","13":"product-type-simple"},"composite_virtual":false,"composite_layout":"","composite_add_to_cart_form_location":"","composite_editable_in_cart":false,"composite_sold_individually_context":"","composite_shop_price_calc":"","composite_components":[],"composite_scenarios":[],"group_of_quantity":0,"min_quantity":0,"max_quantity":"","exclude_order_quantity_value_rules":"no","exclude_category_quantity_rules":"no","combine_variations":"no","exclude_global_add_ons":[],"addons":[],"_links":{"self":[{"href":"https:\/\/www.huntersfriend.eu\/sv\/wp-json\/wp\/v2\/product\/286361","targetHints":{"allow":["GET"]}}],"collection":[{"href":"https:\/\/www.huntersfriend.eu\/sv\/wp-json\/wp\/v2\/product"}],"about":[{"href":"https:\/\/www.huntersfriend.eu\/sv\/wp-json\/wp\/v2\/types\/product"}],"replies":[{"embeddable":true,"href":"https:\/\/www.huntersfriend.eu\/sv\/wp-json\/wp\/v2\/comments?post=286361"}],"wp:featuredmedia":[{"embeddable":true,"href":"https:\/\/www.huntersfriend.eu\/sv\/wp-json\/wp\/v2\/media\/274885"}],"wp:attachment":[{"href":"https:\/\/www.huntersfriend.eu\/sv\/wp-json\/wp\/v2\/media?parent=286361"}],"wp:term":[{"taxonomy":"product_brand","embeddable":true,"href":"https:\/\/www.huntersfriend.eu\/sv\/wp-json\/wp\/v2\/product_brand?post=286361"},{"taxonomy":"product_cat","embeddable":true,"href":"https:\/\/www.huntersfriend.eu\/sv\/wp-json\/wp\/v2\/product_cat?post=286361"},{"taxonomy":"product_tag","embeddable":true,"href":"https:\/\/www.huntersfriend.eu\/sv\/wp-json\/wp\/v2\/product_tag?post=286361"}],"curies":[{"name":"wp","href":"https:\/\/api.w.org\/{rel}","templated":true}]}}