{"id":286355,"date":"2024-10-14T08:12:55","date_gmt":"2024-10-14T06:12:55","guid":{"rendered":"https:\/\/www.huntersfriend.eu\/product\/eberlestock-recon-avstandsmatarficka-stor\/"},"modified":"2025-08-26T11:28:08","modified_gmt":"2025-08-26T09:28:08","slug":"eberlestock-recon-avstandsmatarficka-stor","status":"publish","type":"product","link":"https:\/\/www.huntersfriend.eu\/sv\/produkt\/eberlestock-recon-avstandsmatarficka-stor\/","title":{"rendered":"Eberlestock recon avst\u00e5ndsm\u00e4tarficka \u2013 stor"},"content":{"rendered":"<p>Recon-avst\u00e5ndsm\u00e4tarfickan \u00e4r utformad f\u00f6r att passa de flesta avst\u00e5ndsm\u00e4tare p\u00e5 marknaden. Den har ett magnetiskt lock som h\u00e5ller damm och smuts borta fr\u00e5n glaset. En elastisk f\u00e5ngrem f\u00e4sts p\u00e5 din enhet s\u00e5 att du enkelt kan tappa din avst\u00e5ndsm\u00e4tare utan att beh\u00f6va oroa dig f\u00f6r att den ska g\u00e5 s\u00f6nder eller f\u00f6rsvinna.  <\/p>\n<p>M\u00e5tt: 4,45 cm D x 8,26 cm B x 12,7 cm H<\/p>\n","protected":false},"excerpt":{"rendered":"<p>Recon-avst\u00e5ndsm\u00e4tarfickan \u00e4r utformad f\u00f6r att passa de flesta avst\u00e5ndsm\u00e4tare p\u00e5 marknaden. Den har ett magnetiskt lock som h\u00e5ller damm och smuts borta fr\u00e5n glaset. En elastisk f\u00e5ngrem f\u00e4sts p\u00e5 din enhet s\u00e5 att du enkelt kan tappa din avst\u00e5ndsm\u00e4tare utan att beh\u00f6va oroa dig f\u00f6r att den ska g\u00e5 s\u00f6nder eller f\u00f6rsvinna. M\u00e5tt: 4,45 cm [&#8230;]\n","protected":false},"featured_media":274288,"comment_status":"open","ping_status":"closed","template":"","meta":[],"product_brand":[],"product_cat":[2820],"product_tag":[],"class_list":{"0":"post-286355","1":"product","2":"type-product","3":"status-publish","4":"has-post-thumbnail","6":"product_cat-kikarselesar","8":"first","9":"instock","10":"taxable","11":"shipping-taxable","12":"purchasable","13":"product-type-variable"},"composite_virtual":false,"composite_layout":"","composite_add_to_cart_form_location":"","composite_editable_in_cart":false,"composite_sold_individually_context":"","composite_shop_price_calc":"","composite_components":[],"composite_scenarios":[],"group_of_quantity":0,"min_quantity":0,"max_quantity":"","exclude_order_quantity_value_rules":"no","exclude_category_quantity_rules":"no","combine_variations":"no","exclude_global_add_ons":[],"addons":[],"_links":{"self":[{"href":"https:\/\/www.huntersfriend.eu\/sv\/wp-json\/wp\/v2\/product\/286355","targetHints":{"allow":["GET"]}}],"collection":[{"href":"https:\/\/www.huntersfriend.eu\/sv\/wp-json\/wp\/v2\/product"}],"about":[{"href":"https:\/\/www.huntersfriend.eu\/sv\/wp-json\/wp\/v2\/types\/product"}],"replies":[{"embeddable":true,"href":"https:\/\/www.huntersfriend.eu\/sv\/wp-json\/wp\/v2\/comments?post=286355"}],"wp:featuredmedia":[{"embeddable":true,"href":"https:\/\/www.huntersfriend.eu\/sv\/wp-json\/wp\/v2\/media\/274288"}],"wp:attachment":[{"href":"https:\/\/www.huntersfriend.eu\/sv\/wp-json\/wp\/v2\/media?parent=286355"}],"wp:term":[{"taxonomy":"product_brand","embeddable":true,"href":"https:\/\/www.huntersfriend.eu\/sv\/wp-json\/wp\/v2\/product_brand?post=286355"},{"taxonomy":"product_cat","embeddable":true,"href":"https:\/\/www.huntersfriend.eu\/sv\/wp-json\/wp\/v2\/product_cat?post=286355"},{"taxonomy":"product_tag","embeddable":true,"href":"https:\/\/www.huntersfriend.eu\/sv\/wp-json\/wp\/v2\/product_tag?post=286355"}],"curies":[{"name":"wp","href":"https:\/\/api.w.org\/{rel}","templated":true}]}}