{"id":286354,"date":"2024-10-21T23:51:15","date_gmt":"2024-10-21T21:51:15","guid":{"rendered":"https:\/\/www.huntersfriend.eu\/product\/verney-carron-magnetisk-patronhylsinsamlare\/"},"modified":"2025-08-26T11:28:08","modified_gmt":"2025-08-26T09:28:08","slug":"verney-carron-magnetisk-patronhylsinsamlare","status":"publish","type":"product","link":"https:\/\/www.huntersfriend.eu\/sv\/produkt\/verney-carron-magnetisk-patronhylsinsamlare\/","title":{"rendered":"Verney-carron magnetisk patronhylsinsamlare"},"content":{"rendered":"<p><span class=\"jCAhz ChMk0b\"><span class=\"ryNqvb\">Verney-Carro magnetiska patronhylsinsamlare \u00e4r tredelad och hopf\u00e4llbar.<\/span><\/span> <span class=\"jCAhz ChMk0b\"><span class=\"ryNqvb\">Den h\u00e4r produkten \u00e4r utformad f\u00f6r att effektivt och enkelt samla upp hylsor som tappats p\u00e5 marken p\u00e5 skjutbanan och i skogen.<\/span><\/span> <span class=\"jCAhz ChMk0b\"><span class=\"ryNqvb\">Produkten \u00e4r ocks\u00e5 l\u00e4mplig f\u00f6r att s\u00f6ka efter f\u00f6rlorade metallf\u00f6rem\u00e5l i terr\u00e4ngen. <\/span><\/span><\/p>\n<p><span class=\"jCAhz ChMk0b\"><span class=\"ryNqvb\">Tack vare den starka magneten i \u00e4nden av pinnen beh\u00f6ver du inte b\u00f6ja dig ner f\u00f6r att plocka upp spridda hylsor, vilket g\u00f6r st\u00e4dningen snabbare och enklare.<\/span><\/span> <span class=\"jCAhz ChMk0b\"><span class=\"ryNqvb\">Den praktiska dragskon upptill f\u00f6rb\u00e4ttrar anv\u00e4ndbarheten.<\/span><\/span> <span class=\"jCAhz ChMk0b\"><span class=\"ryNqvb\">Tack vare sin robusta struktur och tredelade konstruktion \u00e4r produkten l\u00e4tt att b\u00e4ra med sig. <\/span><\/span><\/p>\n<p><span class=\"jCAhz\"><span class=\"ryNqvb\">Total l\u00e4ngd 102 cm.<\/span><\/span> <span class=\"jCAhz ChMk0b\"><span class=\"ryNqvb\">Vikt ca 270 gram.<\/span><\/span><\/p>\n","protected":false},"excerpt":{"rendered":"<p>Verney-Carro magnetiska patronhylsinsamlare \u00e4r tredelad och hopf\u00e4llbar. Den h\u00e4r produkten \u00e4r utformad f\u00f6r att effektivt och enkelt samla upp hylsor som tappats p\u00e5 marken p\u00e5 skjutbanan och i skogen. Produkten \u00e4r ocks\u00e5 l\u00e4mplig f\u00f6r att s\u00f6ka efter f\u00f6rlorade metallf\u00f6rem\u00e5l i terr\u00e4ngen. Tack vare den starka magneten i \u00e4nden av pinnen beh\u00f6ver du inte b\u00f6ja dig [&#8230;]\n","protected":false},"featured_media":274881,"comment_status":"open","ping_status":"closed","template":"","meta":[],"product_brand":[],"product_cat":[2832,2564],"product_tag":[],"class_list":{"0":"post-286354","1":"product","2":"type-product","3":"status-publish","4":"has-post-thumbnail","6":"product_cat-laddningsutrustning","7":"product_cat-remmar-tillbehor","9":"first","10":"outofstock","11":"taxable","12":"shipping-taxable","13":"purchasable","14":"product-type-simple"},"composite_virtual":false,"composite_layout":"","composite_add_to_cart_form_location":"","composite_editable_in_cart":false,"composite_sold_individually_context":"","composite_shop_price_calc":"","composite_components":[],"composite_scenarios":[],"group_of_quantity":0,"min_quantity":0,"max_quantity":"","exclude_order_quantity_value_rules":"no","exclude_category_quantity_rules":"no","combine_variations":"no","exclude_global_add_ons":[],"addons":[],"_links":{"self":[{"href":"https:\/\/www.huntersfriend.eu\/sv\/wp-json\/wp\/v2\/product\/286354","targetHints":{"allow":["GET"]}}],"collection":[{"href":"https:\/\/www.huntersfriend.eu\/sv\/wp-json\/wp\/v2\/product"}],"about":[{"href":"https:\/\/www.huntersfriend.eu\/sv\/wp-json\/wp\/v2\/types\/product"}],"replies":[{"embeddable":true,"href":"https:\/\/www.huntersfriend.eu\/sv\/wp-json\/wp\/v2\/comments?post=286354"}],"wp:featuredmedia":[{"embeddable":true,"href":"https:\/\/www.huntersfriend.eu\/sv\/wp-json\/wp\/v2\/media\/274881"}],"wp:attachment":[{"href":"https:\/\/www.huntersfriend.eu\/sv\/wp-json\/wp\/v2\/media?parent=286354"}],"wp:term":[{"taxonomy":"product_brand","embeddable":true,"href":"https:\/\/www.huntersfriend.eu\/sv\/wp-json\/wp\/v2\/product_brand?post=286354"},{"taxonomy":"product_cat","embeddable":true,"href":"https:\/\/www.huntersfriend.eu\/sv\/wp-json\/wp\/v2\/product_cat?post=286354"},{"taxonomy":"product_tag","embeddable":true,"href":"https:\/\/www.huntersfriend.eu\/sv\/wp-json\/wp\/v2\/product_tag?post=286354"}],"curies":[{"name":"wp","href":"https:\/\/api.w.org\/{rel}","templated":true}]}}