{"id":286348,"date":"2024-10-11T10:20:14","date_gmt":"2024-10-11T08:20:14","guid":{"rendered":"https:\/\/www.huntersfriend.eu\/product\/sitka-bergsoptiksele\/"},"modified":"2025-09-29T07:40:27","modified_gmt":"2025-09-29T05:40:27","slug":"sitka-bergsoptiksele","status":"publish","type":"product","link":"https:\/\/www.huntersfriend.eu\/sv\/produkt\/sitka-bergsoptiksele\/","title":{"rendered":"Sitka bergsoptiksele"},"content":{"rendered":"<p>Den h\u00e4r selen \u00e4r det ultimata verktyget f\u00f6r storviltsj\u00e4gare. Vi har tagit ett systembaserat grepp om problemet med att b\u00e4ra med sig flera viktiga saker i f\u00e4lt. Selen har en tyst, s\u00e4ker magnetisk enhandsfrontlucka f\u00f6r kikare. Avtagbara, modul\u00e4ra sidofickor h\u00e5ller avst\u00e5ndsm\u00e4tare, GPS, mobiltelefon och andra tillbeh\u00f6r redo f\u00f6r snabb och tyst \u00e5tkomst. Ytterligare elastiska fickor ger f\u00f6rvaring f\u00f6r lockpipor eller en vindm\u00e4tare, och den inv\u00e4ndiga linsduken h\u00e5ller dina linser rena och skarpa. Bergsoptikselen avrundas med ett borstat polyestertyg f\u00f6r tysta smygjakter p\u00e5 n\u00e4ra h\u00e5ll.     <\/p>\n<p><strong>Varf\u00f6r Sitka gjorde detta<\/strong><\/p>\n<p>F\u00e5 snabb och enkel \u00e5tkomst till din kikare och viktig utrustning med detta str\u00f6mlinjeformade br\u00f6stpaket som h\u00e5ller dina saker redo samtidigt som det hindrar dem fr\u00e5n att studsa runt. Vi ins\u00e5g ett problem med att b\u00e4ra runt skrymmande ryggs\u00e4ckar fulla med besv\u00e4rliga tillbeh\u00f6r, och vi inspirerades av milit\u00e4ra br\u00f6stst\u00e4ll n\u00e4r vi designade denna modul\u00e4ra l\u00f6sning. Resultatet \u00e4r ett smygande och bekv\u00e4mt system som l\u00e5ter dig snabbt och effektivt komma \u00e5t din optik och annan utrustning \u2013 oavsett om du g\u00f6r en l\u00e5ng vandring, f\u00f6rflyttar dig mellan spaningsplatser eller mitt i en smygjakt. Dessutom \u00e4r den anpassningsbar, vilket ger dig m\u00f6jlighet att l\u00e4gga till eller ta bort element f\u00f6r att passa alla givna situationer, s\u00e4songer eller jaktstilar.   <\/p>\n<p>GORE\u2122 OPTIFADE\u2122 Concealment Subalpine \u00e4r designad f\u00f6r att f\u00f6rf\u00f6lja och \u00f6verfalla hovdjur fr\u00e5n markniv\u00e5 i tr\u00e4dbevuxen och vegeterad terr\u00e4ng.<\/p>\n<p>GORE\u2122 OPTIFADE\u2122 Concealment Open Country \u00e4r vetenskapligt optimerad f\u00f6r avst\u00e5ndsbed\u00f6mning p\u00e5 50 yards och l\u00e4ngre p\u00e5 markniv\u00e5 i stenig terr\u00e4ng ovanf\u00f6r tr\u00e4dgr\u00e4nsen.<\/p>\n<p>Magnetisk \u00f6ppning av frontluckan f\u00f6r kikare.<\/p>\n<p>Tyst borstat polyestertyg.<\/p>\n<p>Modul\u00e4ra sidofickor tillsammans med fickor med dragkedja och f\u00f6rvaringsfickor p\u00e5 baksidan.<\/p>\n<p>Molle-kompatibelt chassi.<\/p>\n<p>Inv\u00e4ndig linsduk.<\/p>\n<p>Snabbkoppling f\u00f6r kikare.<\/p>\n","protected":false},"excerpt":{"rendered":"<p>Den h\u00e4r selen \u00e4r det ultimata verktyget f\u00f6r storviltsj\u00e4gare. Vi har tagit ett systembaserat grepp om problemet med att b\u00e4ra med sig flera viktiga saker i f\u00e4lt. Selen har en tyst, s\u00e4ker magnetisk enhandsfrontlucka f\u00f6r kikare. Avtagbara, modul\u00e4ra sidofickor h\u00e5ller avst\u00e5ndsm\u00e4tare, GPS, mobiltelefon och andra tillbeh\u00f6r redo f\u00f6r snabb och tyst \u00e5tkomst. Ytterligare elastiska fickor [&#8230;]\n","protected":false},"featured_media":274161,"comment_status":"open","ping_status":"closed","template":"","meta":[],"product_brand":[],"product_cat":[2820],"product_tag":[],"class_list":{"0":"post-286348","1":"product","2":"type-product","3":"status-publish","4":"has-post-thumbnail","6":"product_cat-kikarselesar","8":"first","9":"outofstock","10":"taxable","11":"shipping-taxable","12":"purchasable","13":"product-type-variable"},"composite_virtual":false,"composite_layout":"","composite_add_to_cart_form_location":"","composite_editable_in_cart":false,"composite_sold_individually_context":"","composite_shop_price_calc":"","composite_components":[],"composite_scenarios":[],"group_of_quantity":0,"min_quantity":0,"max_quantity":"","exclude_order_quantity_value_rules":"no","exclude_category_quantity_rules":"no","combine_variations":"no","exclude_global_add_ons":[],"addons":[],"_links":{"self":[{"href":"https:\/\/www.huntersfriend.eu\/sv\/wp-json\/wp\/v2\/product\/286348","targetHints":{"allow":["GET"]}}],"collection":[{"href":"https:\/\/www.huntersfriend.eu\/sv\/wp-json\/wp\/v2\/product"}],"about":[{"href":"https:\/\/www.huntersfriend.eu\/sv\/wp-json\/wp\/v2\/types\/product"}],"replies":[{"embeddable":true,"href":"https:\/\/www.huntersfriend.eu\/sv\/wp-json\/wp\/v2\/comments?post=286348"}],"wp:featuredmedia":[{"embeddable":true,"href":"https:\/\/www.huntersfriend.eu\/sv\/wp-json\/wp\/v2\/media\/274161"}],"wp:attachment":[{"href":"https:\/\/www.huntersfriend.eu\/sv\/wp-json\/wp\/v2\/media?parent=286348"}],"wp:term":[{"taxonomy":"product_brand","embeddable":true,"href":"https:\/\/www.huntersfriend.eu\/sv\/wp-json\/wp\/v2\/product_brand?post=286348"},{"taxonomy":"product_cat","embeddable":true,"href":"https:\/\/www.huntersfriend.eu\/sv\/wp-json\/wp\/v2\/product_cat?post=286348"},{"taxonomy":"product_tag","embeddable":true,"href":"https:\/\/www.huntersfriend.eu\/sv\/wp-json\/wp\/v2\/product_tag?post=286348"}],"curies":[{"name":"wp","href":"https:\/\/api.w.org\/{rel}","templated":true}]}}