{"id":286342,"date":"2024-10-11T10:04:09","date_gmt":"2024-10-11T08:04:09","guid":{"rendered":"https:\/\/www.huntersfriend.eu\/product\/sitka-kelvin-aerolite-30-sovsack-lead\/"},"modified":"2026-04-23T12:22:20","modified_gmt":"2026-04-23T10:22:20","slug":"sitka-kelvin-aerolite-30-sovsack-lead","status":"publish","type":"product","link":"https:\/\/www.huntersfriend.eu\/sv\/produkt\/sitka-kelvin-aerolite-30-sovsack-lead\/","title":{"rendered":"SITKA Kelvin aerolite 30 sovs\u00e4ck \u2013 lead"},"content":{"rendered":"<p>Kelvin Aerolite 30 Sleeping Bag, som utn\u00e4mnts till en av de b\u00e4sta jaktutrustningarna 2022 av Outside Magazine, \u00e4r ett multifunktionellt lager f\u00f6r aktiv tid i l\u00e4gret, kalla pass och o\u00f6nskade nattliga toalettbes\u00f6k. Syntetisk PrimaLoft\u00ae Gold Insulation med Cross Core\u2122-teknik replikerar estetiken och prestandan hos dunisolering, men med v\u00e4rme \u00e4ven i v\u00e5tt tillst\u00e5nd. Med en komforttemperatur p\u00e5 -1 \u00b0C \u00e4r den utformad f\u00f6r att vara en f\u00f6rl\u00e4ngning av dina SITKA-kl\u00e4dsystem f\u00f6r full s\u00e4songsprestanda, \u00e4ven under de v\u00e5taste f\u00f6rh\u00e5llandena. Jackliknande funktioner inkluderar dragkedjef\u00f6rsedda, funktionella \u00e4rmh\u00e5l, konturerade axlar och huva samt en tv\u00e5v\u00e4gsdragkedja mitt fram.   <\/p>\n<ul class=\"jsx-4143205430 space-y-4 list-disc\">\n<li class=\"jsx-4143205430 remove-marker mt-[24px] md:mt-[60px]\">\n<div class=\"feature_item\">Reg: upp till 183 cm<\/div>\n<\/li>\n<li class=\"jsx-4143205430 remove-marker mt-[24px] md:mt-[60px]\">\n<div class=\"feature_item\"><\/div>\n<div class=\"feature_item\">L\u00e5ng: upp till 198 cm<\/div>\n<\/li>\n<li class=\"jsx-4143205430 remove-marker mt-[24px] md:mt-[60px]\">\n<div class=\"feature_item\"><\/div>\n<div class=\"feature_item\">Syntetisk PrimaLoft\u00ae Gold Insulation med Cross Core\u2122-teknik replikerar v\u00e4rmen och komprimerbarheten hos dun, men med f\u00f6rdelen av v\u00e4rme \u00e4ven i v\u00e5tt tillst\u00e5nd<\/div>\n<div class=\"feature_item\"><\/div>\n<\/li>\n<li class=\"jsx-4143205430 remove-marker mt-[24px] md:mt-[60px]\">\n<div class=\"feature_item\">L\u00e4ttviktsisolering (35 % \u00e5tervunnen) \u00e4r infunderad med kiselaerogel, ett n\u00e4stan viktl\u00f6st material som best\u00e5r av mer \u00e4n 95 % luft och fungerar som ytterligare v\u00e4rmeisolering<\/div>\n<div class=\"feature_item\"><\/div>\n<\/li>\n<li class=\"jsx-4143205430 remove-marker mt-[24px] md:mt-[60px]\">\n<div class=\"feature_item\">ISO 23537, -1 \u00b0C komforttemperatur; utformad f\u00f6r att b\u00e4ras med andra lager i ditt SITKA-kl\u00e4dsystem f\u00f6r kallare f\u00f6rh\u00e5llanden<\/div>\n<div class=\"feature_item\"><\/div>\n<\/li>\n<li class=\"jsx-4143205430 remove-marker mt-[24px] md:mt-[60px]\">\n<div class=\"feature_item\">F\u00f6rvaringskrok l\u00e4ngst ner p\u00e5 p\u00e5sen ansluts till mittl\u00e4ngds inre \u00f6gla; f\u00f6rkortar p\u00e5sen f\u00f6r promenader<\/div>\n<div class=\"feature_item\"><\/div>\n<\/li>\n<li class=\"jsx-4143205430 remove-marker mt-[24px] md:mt-[60px]\">\n<div class=\"feature_item\">Slitstark vattenavvisande finish motst\u00e5r nederb\u00f6rd och f\u00f6rhindrar att yttertyget blir bl\u00f6tt<\/div>\n<div class=\"feature_item\"><\/div>\n<\/li>\n<li class=\"jsx-4143205430 remove-marker mt-[24px] md:mt-[60px]\">\n<div class=\"feature_item\">Konturerade axlar och huva f\u00f6r en formad och funktionell jackliknande passform n\u00e4r du \u00e4r aktiv<\/div>\n<div class=\"feature_item\"><\/div>\n<\/li>\n<li class=\"jsx-4143205430 remove-marker mt-[24px] md:mt-[60px]\">\n<div class=\"feature_item\">\u00c4rmh\u00e5l placerade f\u00f6r funktionell r\u00f6rlighet; bafflade dragr\u00f6r f\u00f6rseglar v\u00e4rmen<\/div>\n<div class=\"feature_item\"><\/div>\n<\/li>\n<li class=\"jsx-4143205430 remove-marker mt-[24px] md:mt-[60px]\">\n<div class=\"feature_item\">Formad fotbox ger j\u00e4mn v\u00e4rme runt f\u00f6tterna<\/div>\n<div class=\"feature_item\"><\/div>\n<\/li>\n<li class=\"jsx-4143205430 remove-marker mt-[24px] md:mt-[60px]\">\n<div class=\"feature_item\">20-denier polyester fram- och baksida<\/div>\n<div class=\"feature_item\"><\/div>\n<\/li>\n<li class=\"jsx-4143205430 remove-marker mt-[24px] md:mt-[60px]\">\n<div class=\"feature_item\">Tv\u00e5v\u00e4gsdragkedja mitt fram<\/div>\n<div class=\"feature_item\"><\/div>\n<\/li>\n<li class=\"jsx-4143205430 remove-marker mt-[24px] md:mt-[60px]\">\n<div class=\"feature_item\">Regular: 1,077 kg \/ L\u00e5ng: 1,403 kg<\/div>\n<\/li>\n<\/ul>\n","protected":false},"excerpt":{"rendered":"<p>Lead f\u00e4rg<\/p>\n","protected":false},"featured_media":274153,"comment_status":"open","ping_status":"closed","template":"","meta":[],"product_brand":[],"product_cat":[2765,2571],"product_tag":[],"class_list":{"0":"post-286342","1":"product","2":"type-product","3":"status-publish","4":"has-post-thumbnail","6":"product_cat-fyndlada-slutrea","7":"product_cat-sovsackar","9":"first","10":"instock","11":"sale","12":"taxable","13":"shipping-taxable","14":"purchasable","15":"product-type-variable"},"composite_virtual":false,"composite_layout":"","composite_add_to_cart_form_location":"","composite_editable_in_cart":false,"composite_sold_individually_context":"","composite_shop_price_calc":"","composite_components":[],"composite_scenarios":[],"group_of_quantity":0,"min_quantity":0,"max_quantity":"","exclude_order_quantity_value_rules":"no","exclude_category_quantity_rules":"no","combine_variations":"no","exclude_global_add_ons":[],"addons":[],"_links":{"self":[{"href":"https:\/\/www.huntersfriend.eu\/sv\/wp-json\/wp\/v2\/product\/286342","targetHints":{"allow":["GET"]}}],"collection":[{"href":"https:\/\/www.huntersfriend.eu\/sv\/wp-json\/wp\/v2\/product"}],"about":[{"href":"https:\/\/www.huntersfriend.eu\/sv\/wp-json\/wp\/v2\/types\/product"}],"replies":[{"embeddable":true,"href":"https:\/\/www.huntersfriend.eu\/sv\/wp-json\/wp\/v2\/comments?post=286342"}],"wp:featuredmedia":[{"embeddable":true,"href":"https:\/\/www.huntersfriend.eu\/sv\/wp-json\/wp\/v2\/media\/274153"}],"wp:attachment":[{"href":"https:\/\/www.huntersfriend.eu\/sv\/wp-json\/wp\/v2\/media?parent=286342"}],"wp:term":[{"taxonomy":"product_brand","embeddable":true,"href":"https:\/\/www.huntersfriend.eu\/sv\/wp-json\/wp\/v2\/product_brand?post=286342"},{"taxonomy":"product_cat","embeddable":true,"href":"https:\/\/www.huntersfriend.eu\/sv\/wp-json\/wp\/v2\/product_cat?post=286342"},{"taxonomy":"product_tag","embeddable":true,"href":"https:\/\/www.huntersfriend.eu\/sv\/wp-json\/wp\/v2\/product_tag?post=286342"}],"curies":[{"name":"wp","href":"https:\/\/api.w.org\/{rel}","templated":true}]}}