{"id":286341,"date":"2024-10-09T00:28:07","date_gmt":"2024-10-08T22:28:07","guid":{"rendered":"https:\/\/www.huntersfriend.eu\/product\/sitka-fanatic-ryggsack\/"},"modified":"2025-08-26T11:28:01","modified_gmt":"2025-08-26T09:28:01","slug":"sitka-fanatic-ryggsack","status":"publish","type":"product","link":"https:\/\/www.huntersfriend.eu\/sv\/produkt\/sitka-fanatic-ryggsack\/","title":{"rendered":"SITKA Fanatic-ryggs\u00e4ck"},"content":{"rendered":"<p>Den h\u00e4r ryggs\u00e4cken \u00e4r ett m\u00e5ste f\u00f6r jakt sent p\u00e5 s\u00e4songen fr\u00e5n ett tr\u00e4dstativ. Den anv\u00e4nder samma Science of Sound-teknik som Fanatic-systemet och har supertysta YKK\u00ae Vislon\u00ae-blixtl\u00e5s, jacquard Berber-fleece med h\u00f6g loft och v\u00e5ra tysta, s\u00e4kra magnetf\u00f6rslutningar p\u00e5 topplocket, vilket eliminerar bullriga, l\u00f6sa sp\u00e4nnen. Sidofickor och vingade kompressionsremmar kompletterar detta ultimata f\u00f6rvaringssystem.  <\/p>\n<p>Huvudfack: 26 L<br \/>\nTopplock: 6 L<br \/>\nStor sidoficka: 2 L<br \/>\n2 sm\u00e5 sidofickor: 1,5 L<br \/>\nTotal volym: 35,5 L<br \/>\nVikt: 1165,16 gr \/ 4110 oz.<\/p>\n","protected":false},"excerpt":{"rendered":"<p>Den h\u00e4r ryggs\u00e4cken \u00e4r ett m\u00e5ste f\u00f6r jakt sent p\u00e5 s\u00e4songen fr\u00e5n ett tr\u00e4dstativ. Den anv\u00e4nder samma Science of Sound-teknik som Fanatic-systemet och har supertysta YKK\u00ae Vislon\u00ae-blixtl\u00e5s, jacquard Berber-fleece med h\u00f6g loft och v\u00e5ra tysta, s\u00e4kra magnetf\u00f6rslutningar p\u00e5 topplocket, vilket eliminerar bullriga, l\u00f6sa sp\u00e4nnen. Sidofickor och vingade kompressionsremmar kompletterar detta ultimata f\u00f6rvaringssystem. Huvudfack: 26 L [&#8230;]\n","protected":false},"featured_media":274230,"comment_status":"open","ping_status":"closed","template":"","meta":[],"product_brand":[],"product_cat":[878],"product_tag":[],"class_list":{"0":"post-286341","1":"product","2":"type-product","3":"status-publish","4":"has-post-thumbnail","6":"product_cat-uncategorized-sv","8":"first","9":"outofstock","10":"taxable","11":"shipping-taxable","12":"purchasable","13":"product-type-simple"},"composite_virtual":false,"composite_layout":"","composite_add_to_cart_form_location":"","composite_editable_in_cart":false,"composite_sold_individually_context":"","composite_shop_price_calc":"","composite_components":[],"composite_scenarios":[],"group_of_quantity":0,"min_quantity":0,"max_quantity":"","exclude_order_quantity_value_rules":"no","exclude_category_quantity_rules":"no","combine_variations":"no","exclude_global_add_ons":[],"addons":[],"_links":{"self":[{"href":"https:\/\/www.huntersfriend.eu\/sv\/wp-json\/wp\/v2\/product\/286341","targetHints":{"allow":["GET"]}}],"collection":[{"href":"https:\/\/www.huntersfriend.eu\/sv\/wp-json\/wp\/v2\/product"}],"about":[{"href":"https:\/\/www.huntersfriend.eu\/sv\/wp-json\/wp\/v2\/types\/product"}],"replies":[{"embeddable":true,"href":"https:\/\/www.huntersfriend.eu\/sv\/wp-json\/wp\/v2\/comments?post=286341"}],"wp:featuredmedia":[{"embeddable":true,"href":"https:\/\/www.huntersfriend.eu\/sv\/wp-json\/wp\/v2\/media\/274230"}],"wp:attachment":[{"href":"https:\/\/www.huntersfriend.eu\/sv\/wp-json\/wp\/v2\/media?parent=286341"}],"wp:term":[{"taxonomy":"product_brand","embeddable":true,"href":"https:\/\/www.huntersfriend.eu\/sv\/wp-json\/wp\/v2\/product_brand?post=286341"},{"taxonomy":"product_cat","embeddable":true,"href":"https:\/\/www.huntersfriend.eu\/sv\/wp-json\/wp\/v2\/product_cat?post=286341"},{"taxonomy":"product_tag","embeddable":true,"href":"https:\/\/www.huntersfriend.eu\/sv\/wp-json\/wp\/v2\/product_tag?post=286341"}],"curies":[{"name":"wp","href":"https:\/\/api.w.org\/{rel}","templated":true}]}}