{"id":286336,"date":"2024-10-11T00:14:08","date_gmt":"2024-10-10T22:14:08","guid":{"rendered":"https:\/\/www.huntersfriend.eu\/product\/dk-wai-gragashammare\/"},"modified":"2025-08-26T11:28:01","modified_gmt":"2025-08-26T09:28:01","slug":"dk-wai-gragashammare","status":"publish","type":"product","link":"https:\/\/www.huntersfriend.eu\/sv\/produkt\/dk-wai-gragashammare\/","title":{"rendered":"DK Wai gr\u00e5g\u00e5shammare"},"content":{"rendered":"<p><span><span class=\"VIpgJd-yAWNEb-VIpgJd-fmcmS-sn54Q\">Denna lockpipa \u00e4r, s\u00e5vitt man vet, den f\u00f6rsta lockpipan som producerats som en definitiv gr\u00e5g\u00e5slockpipa. Lockpipan har testats och utvecklats under flera \u00e5r av DK WAI i n\u00e4ra samarbete med Buck Gardner Calls i USA. <\/span><\/span><\/p>\n<p><span>Vi har tagit fram en lockpipa som p\u00e5 ett suver\u00e4nt s\u00e4tt imiterar alla gr\u00e5g\u00e4ssens l\u00e4ten, fr\u00e5n de l\u00e4gsta grymtningarna och raspiga halsljuden till de h\u00f6gsta skriken, exakt vad den andra lockpipan inte klarar av.<\/span><\/p>\n<p><span>Om denna lockpipa anv\u00e4nds korrekt har den en magisk attraktionskraft p\u00e5 gr\u00e5g\u00e4ss och kan locka in f\u00e5glar fr\u00e5n flera hundra meters avst\u00e5nd.<\/span><\/p>\n<p><span>Varje lockpipa \u00e4r personligen handjusterad och testad av DK WAI-teamet, som har \u00f6ver 20 \u00e5rs erfarenhet av amerikanska g\u00e5s- och ankpipor och deras konstruktion.<\/span><\/p>\n<p><span>Varje r\u00f6rblad har skurits f\u00f6r hand s\u00e5 att det har f\u00e5tt r\u00e4tt tjocklek (kan b\u00e4st j\u00e4mf\u00f6ras med r\u00f6rbladet p\u00e5 en klarinett) och detta inneb\u00e4r att var och en av v\u00e5ra lockpipor har exakt r\u00e4tt ljud, det kan inte g\u00f6ras b\u00e4ttre.<\/span><\/p>\n<p><span>Prova den och bli \u00f6vertygad. Gr\u00e5g\u00e5shammer kan ocks\u00e5 anv\u00e4ndas med en n\u00e5got annorlunda handposition och teknik f\u00f6r spetsbergsg\u00e4ss och kortn\u00e4bbade g\u00e4ss. <\/span><\/p>\n<p><span>Se videoinstruktioner<\/span> <a title=\"Guide f\u00f6r gr\u00e5g\u00e5shammarens lockl\u00e4te\" href=\"https:\/\/www.youtube.com\/watch?v=fIz0t7Q1TAk\" target=\"_blank\" rel=\"noopener noreferrer\"><span>H\u00c4R<\/span><\/a><\/p>\n","protected":false},"excerpt":{"rendered":"<p>Denna lockpipa \u00e4r, s\u00e5vitt man vet, den f\u00f6rsta lockpipan som producerats som en definitiv gr\u00e5g\u00e5slockpipa. Lockpipan har testats och utvecklats under flera \u00e5r av DK WAI i n\u00e4ra samarbete med Buck Gardner Calls i USA. Vi har tagit fram en lockpipa som p\u00e5 ett suver\u00e4nt s\u00e4tt imiterar alla gr\u00e5g\u00e4ssens l\u00e4ten, fr\u00e5n de l\u00e4gsta grymtningarna och [&#8230;]\n","protected":false},"featured_media":274134,"comment_status":"open","ping_status":"closed","template":"","meta":[],"product_brand":[],"product_cat":[2805],"product_tag":[],"class_list":{"0":"post-286336","1":"product","2":"type-product","3":"status-publish","4":"has-post-thumbnail","6":"product_cat-gaslockpipor","8":"first","9":"instock","10":"taxable","11":"shipping-taxable","12":"purchasable","13":"product-type-simple"},"composite_virtual":false,"composite_layout":"","composite_add_to_cart_form_location":"","composite_editable_in_cart":false,"composite_sold_individually_context":"","composite_shop_price_calc":"","composite_components":[],"composite_scenarios":[],"group_of_quantity":0,"min_quantity":0,"max_quantity":"","exclude_order_quantity_value_rules":"no","exclude_category_quantity_rules":"no","combine_variations":"no","exclude_global_add_ons":[],"addons":[],"_links":{"self":[{"href":"https:\/\/www.huntersfriend.eu\/sv\/wp-json\/wp\/v2\/product\/286336","targetHints":{"allow":["GET"]}}],"collection":[{"href":"https:\/\/www.huntersfriend.eu\/sv\/wp-json\/wp\/v2\/product"}],"about":[{"href":"https:\/\/www.huntersfriend.eu\/sv\/wp-json\/wp\/v2\/types\/product"}],"replies":[{"embeddable":true,"href":"https:\/\/www.huntersfriend.eu\/sv\/wp-json\/wp\/v2\/comments?post=286336"}],"wp:featuredmedia":[{"embeddable":true,"href":"https:\/\/www.huntersfriend.eu\/sv\/wp-json\/wp\/v2\/media\/274134"}],"wp:attachment":[{"href":"https:\/\/www.huntersfriend.eu\/sv\/wp-json\/wp\/v2\/media?parent=286336"}],"wp:term":[{"taxonomy":"product_brand","embeddable":true,"href":"https:\/\/www.huntersfriend.eu\/sv\/wp-json\/wp\/v2\/product_brand?post=286336"},{"taxonomy":"product_cat","embeddable":true,"href":"https:\/\/www.huntersfriend.eu\/sv\/wp-json\/wp\/v2\/product_cat?post=286336"},{"taxonomy":"product_tag","embeddable":true,"href":"https:\/\/www.huntersfriend.eu\/sv\/wp-json\/wp\/v2\/product_tag?post=286336"}],"curies":[{"name":"wp","href":"https:\/\/api.w.org\/{rel}","templated":true}]}}