{"id":286335,"date":"2024-10-07T23:50:11","date_gmt":"2024-10-07T21:50:11","guid":{"rendered":"https:\/\/www.huntersfriend.eu\/product\/sitka-core-mid-wt-zip-t-optifade-timber\/"},"modified":"2025-08-26T11:27:59","modified_gmt":"2025-08-26T09:27:59","slug":"sitka-core-mid-wt-zip-t-optifade-timber","status":"publish","type":"product","link":"https:\/\/www.huntersfriend.eu\/sv\/produkt\/sitka-core-mid-wt-zip-t-optifade-timber\/","title":{"rendered":"SITKA core mid wt zip-t (optifade Timber)"},"content":{"rendered":"<p>CORE Midweight Zip-T har snabbtorkande, bekv\u00e4m stretchfleece och en h\u00f6g dragkedjef\u00f6rsedd hals f\u00f6r att h\u00e5lla din aktiva kroppstemperatur reglerad n\u00e4r termometern stiger eller sjunker. Permanent Polygiene\u00ae Odor Control Technology och en l\u00e5gm\u00e4ld flatlocks\u00f6mskonstruktion g\u00f6r detta till ett m\u00e5ngsidigt lager n\u00e4rmast huden f\u00f6r en m\u00e4ngd olika f\u00f6rh\u00e5llanden och aktivitetsniv\u00e5er. <\/p>\n","protected":false},"excerpt":{"rendered":"<p>CORE Midweight Zip-T har snabbtorkande, bekv\u00e4m stretchfleece och en h\u00f6g dragkedjef\u00f6rsedd hals f\u00f6r att h\u00e5lla din aktiva kroppstemperatur reglerad n\u00e4r termometern stiger eller sjunker. Permanent Polygiene\u00ae Odor Control Technology och en l\u00e5gm\u00e4ld flatlocks\u00f6mskonstruktion g\u00f6r detta till ett m\u00e5ngsidigt lager n\u00e4rmast huden f\u00f6r en m\u00e4ngd olika f\u00f6rh\u00e5llanden och aktivitetsniv\u00e5er.<\/p>\n","protected":false},"featured_media":274243,"comment_status":"open","ping_status":"closed","template":"","meta":[],"product_brand":[],"product_cat":[878],"product_tag":[],"class_list":{"0":"post-286335","1":"product","2":"type-product","3":"status-publish","4":"has-post-thumbnail","6":"product_cat-uncategorized-sv","8":"first","9":"outofstock","10":"sale","11":"taxable","12":"shipping-taxable","13":"purchasable","14":"product-type-variable"},"composite_virtual":false,"composite_layout":"","composite_add_to_cart_form_location":"","composite_editable_in_cart":false,"composite_sold_individually_context":"","composite_shop_price_calc":"","composite_components":[],"composite_scenarios":[],"group_of_quantity":0,"min_quantity":0,"max_quantity":"","exclude_order_quantity_value_rules":"no","exclude_category_quantity_rules":"no","combine_variations":"no","exclude_global_add_ons":[],"addons":[],"_links":{"self":[{"href":"https:\/\/www.huntersfriend.eu\/sv\/wp-json\/wp\/v2\/product\/286335","targetHints":{"allow":["GET"]}}],"collection":[{"href":"https:\/\/www.huntersfriend.eu\/sv\/wp-json\/wp\/v2\/product"}],"about":[{"href":"https:\/\/www.huntersfriend.eu\/sv\/wp-json\/wp\/v2\/types\/product"}],"replies":[{"embeddable":true,"href":"https:\/\/www.huntersfriend.eu\/sv\/wp-json\/wp\/v2\/comments?post=286335"}],"wp:featuredmedia":[{"embeddable":true,"href":"https:\/\/www.huntersfriend.eu\/sv\/wp-json\/wp\/v2\/media\/274243"}],"wp:attachment":[{"href":"https:\/\/www.huntersfriend.eu\/sv\/wp-json\/wp\/v2\/media?parent=286335"}],"wp:term":[{"taxonomy":"product_brand","embeddable":true,"href":"https:\/\/www.huntersfriend.eu\/sv\/wp-json\/wp\/v2\/product_brand?post=286335"},{"taxonomy":"product_cat","embeddable":true,"href":"https:\/\/www.huntersfriend.eu\/sv\/wp-json\/wp\/v2\/product_cat?post=286335"},{"taxonomy":"product_tag","embeddable":true,"href":"https:\/\/www.huntersfriend.eu\/sv\/wp-json\/wp\/v2\/product_tag?post=286335"}],"curies":[{"name":"wp","href":"https:\/\/api.w.org\/{rel}","templated":true}]}}