{"id":286319,"date":"2024-10-09T00:40:07","date_gmt":"2024-10-08T22:40:07","guid":{"rendered":"https:\/\/www.huntersfriend.eu\/product\/sitka-timberline-byxor-deep-lichen\/"},"modified":"2025-08-26T11:27:58","modified_gmt":"2025-08-26T09:27:58","slug":"sitka-timberline-byxor-deep-lichen","status":"publish","type":"product","link":"https:\/\/www.huntersfriend.eu\/sv\/produkt\/sitka-timberline-byxor-deep-lichen\/","title":{"rendered":"SITKA Timberline-byxor (deep lichen)"},"content":{"rendered":"<p>Dessa softshell-byxor \u00e4r det sj\u00e4lvklara valet f\u00f6r tuffa f\u00f6rh\u00e5llanden under mitten till slutet av s\u00e4songen i vildmarken. De \u00e4r tillverkade av extremt slitstark 4-v\u00e4gs stretchpolyester med dubbla f\u00f6rst\u00e4rkta ripstop-nylonkn\u00e4n och s\u00e4te som \u00e4r b\u00e5de vattent\u00e4ta och ventilerande. Avtagbara, ledade kn\u00e4skydd s\u00e4kerst\u00e4ller h\u00e5llbarhet och komfort oavsett om du kl\u00e4ttrar i talus i Klippiga bergen, smyger bland kaktusar i Mojave eller f\u00e4ltm\u00e4ssigt tar ur ett djur.  <\/p>\n<p><strong>Varf\u00f6r Sitka gjorde detta<\/strong><\/p>\n<p>Jakt under sena s\u00e4songsf\u00f6rh\u00e5llanden leder ofta till att fukt plockas upp fr\u00e5n v\u00e5t mark, stenar, h\u00f6gt gr\u00e4s eller sadlar och kan tr\u00e4nga in i ditt lagersystem och \u00e4ventyra jakten. F\u00f6r fukt- och n\u00f6tningsben\u00e4gna omr\u00e5den i s\u00e4tet och kn\u00e4na var v\u00e5r strategi att m\u00f6nstra in slitstarka \u00f6verl\u00e4gg samtidigt som vi tillhandah\u00f6ll en exceptionellt ventilerande softshell-byxa. <\/p>\n<p>Vikt: 839,14 gr. \/\/ Storlek 34 <\/p>\n<p>Material: 4-v\u00e4gs stretchv\u00e4vd polyester Shell, nylon ripstop s\u00e4te &amp; kn\u00e4n<\/p>\n<p>Slitstark vattenavvisande finish motst\u00e5r l\u00e4tt nederb\u00f6rd och f\u00f6rhindrar att yttertyget blir bl\u00f6tt.<\/p>\n<p>F\u00f6rst\u00e4rkt s\u00e4te och kn\u00e4n: S\u00e4tet och kn\u00e4na \u00e4r f\u00f6rst\u00e4rkta med ett vattent\u00e4tt nylon ripstop-tyg, s\u00e5 en l\u00e5ng vandring p\u00e5 en v\u00e5t sadel eller en snabb sittning i sn\u00f6n kommer inte att l\u00e4mna dig kall och v\u00e5t.<\/p>\n<p>Avtagbara kn\u00e4skydd: Avtagbara kn\u00e4skydd ger extra skydd oavsett om du kl\u00e4ttrar genom talus i norra Klippiga bergen, tar dig fram genom kaktusar i Sonoran\u00f6knen eller f\u00e4ltm\u00e4ssigt tar ur ett djur.<\/p>\n<p>Ledat m\u00f6nster: Passformen \u00e4r atletisk med avsmalnande ben och en l\u00e5gprofil midja som inte klumpar sig eller skaver under en ryggs\u00e4ck.<\/p>\n","protected":false},"excerpt":{"rendered":"<p>Dessa softshell-byxor \u00e4r det sj\u00e4lvklara valet f\u00f6r tuffa f\u00f6rh\u00e5llanden under mitten till slutet av s\u00e4songen i vildmarken. De \u00e4r tillverkade av extremt slitstark 4-v\u00e4gs stretchpolyester med dubbla f\u00f6rst\u00e4rkta ripstop-nylonkn\u00e4n och s\u00e4te som \u00e4r b\u00e5de vattent\u00e4ta och ventilerande. Avtagbara, ledade kn\u00e4skydd s\u00e4kerst\u00e4ller h\u00e5llbarhet och komfort oavsett om du kl\u00e4ttrar i talus i Klippiga bergen, smyger bland [&#8230;]\n","protected":false},"featured_media":274179,"comment_status":"open","ping_status":"closed","template":"","meta":[],"product_brand":[],"product_cat":[878],"product_tag":[],"class_list":{"0":"post-286319","1":"product","2":"type-product","3":"status-publish","4":"has-post-thumbnail","6":"product_cat-uncategorized-sv","8":"first","9":"outofstock","10":"taxable","11":"shipping-taxable","12":"purchasable","13":"product-type-variable"},"composite_virtual":false,"composite_layout":"","composite_add_to_cart_form_location":"","composite_editable_in_cart":false,"composite_sold_individually_context":"","composite_shop_price_calc":"","composite_components":[],"composite_scenarios":[],"group_of_quantity":0,"min_quantity":0,"max_quantity":"","exclude_order_quantity_value_rules":"no","exclude_category_quantity_rules":"no","combine_variations":"no","exclude_global_add_ons":[],"addons":[],"_links":{"self":[{"href":"https:\/\/www.huntersfriend.eu\/sv\/wp-json\/wp\/v2\/product\/286319","targetHints":{"allow":["GET"]}}],"collection":[{"href":"https:\/\/www.huntersfriend.eu\/sv\/wp-json\/wp\/v2\/product"}],"about":[{"href":"https:\/\/www.huntersfriend.eu\/sv\/wp-json\/wp\/v2\/types\/product"}],"replies":[{"embeddable":true,"href":"https:\/\/www.huntersfriend.eu\/sv\/wp-json\/wp\/v2\/comments?post=286319"}],"wp:featuredmedia":[{"embeddable":true,"href":"https:\/\/www.huntersfriend.eu\/sv\/wp-json\/wp\/v2\/media\/274179"}],"wp:attachment":[{"href":"https:\/\/www.huntersfriend.eu\/sv\/wp-json\/wp\/v2\/media?parent=286319"}],"wp:term":[{"taxonomy":"product_brand","embeddable":true,"href":"https:\/\/www.huntersfriend.eu\/sv\/wp-json\/wp\/v2\/product_brand?post=286319"},{"taxonomy":"product_cat","embeddable":true,"href":"https:\/\/www.huntersfriend.eu\/sv\/wp-json\/wp\/v2\/product_cat?post=286319"},{"taxonomy":"product_tag","embeddable":true,"href":"https:\/\/www.huntersfriend.eu\/sv\/wp-json\/wp\/v2\/product_tag?post=286319"}],"curies":[{"name":"wp","href":"https:\/\/api.w.org\/{rel}","templated":true}]}}