{"id":286318,"date":"2024-10-05T00:22:11","date_gmt":"2024-10-04T22:22:11","guid":{"rendered":"https:\/\/www.huntersfriend.eu\/product\/sitka-traverse-hoodie-olivgron\/"},"modified":"2025-08-26T11:27:58","modified_gmt":"2025-08-26T09:27:58","slug":"sitka-traverse-hoodie-olivgron","status":"publish","type":"product","link":"https:\/\/www.huntersfriend.eu\/sv\/produkt\/sitka-traverse-hoodie-olivgron\/","title":{"rendered":"SITKA Traverse-hoodie \u2013 Olivgr\u00f6n"},"content":{"rendered":"<p>Vi hade komfort och m\u00e5ngsidighet i \u00e5tanke n\u00e4r vi designade Traverse-hoodyn, vilket gav den en Berber-fleeceinsida med h\u00f6g loft f\u00f6r en mjuk k\u00e4nsla som ger mycket v\u00e4rme och kartl\u00e4ggning i l\u00e4ttare fleecepaneler p\u00e5 sidorna och underarmarna f\u00f6r en str\u00f6mlinjeformad passform. En ultratyst polyesterstickad yta med slitstark vattenavvisande finish avvisar l\u00e4tt nederb\u00f6rd. Tyger som anv\u00e4nds i denna hoody \u00e4r tillverkade av \u00e5tervunnet material.  <\/p>\n<p>Tyst polyesterstickat tyg med Berber-fleeceinsida med h\u00f6g loft<\/p>\n<p>Milj\u00f6medvetet tyg tillverkat av \u00e5tervunna material<\/p>\n<p>Kartlagda mellanviktiga fleecepaneler p\u00e5 sidorna och underarmarna f\u00f6r optimal komfort och r\u00f6relsefrihet<\/p>\n<p>Slitstark vattenavvisande yta st\u00f6ter bort l\u00e4tt nederb\u00f6rd och f\u00f6rhindrar att tyget blir bl\u00f6tt<\/p>\n<p>Hand- och br\u00f6stfickor med dragkedja ger s\u00e4ker f\u00f6rvaring<\/p>\n<p>Skulpterad huva som inte skymmer perifera synf\u00e4ltet<\/p>\n<p>Integrerad ansiktsmask f\u00f6r kamouflage<\/p>\n<p>L\u00e5gprofilerade tumh\u00e5l f\u00f6r enkel lager-p\u00e5-lager-anv\u00e4ndning<\/p>\n<p>Vikt: 822,14 gr.<\/p>\n","protected":false},"excerpt":{"rendered":"<p>Olivgr\u00f6n \u2013 begr\u00e4nsat lager<\/p>\n","protected":false},"featured_media":274216,"comment_status":"open","ping_status":"closed","template":"","meta":[],"product_brand":[],"product_cat":[878],"product_tag":[],"class_list":{"0":"post-286318","1":"product","2":"type-product","3":"status-publish","4":"has-post-thumbnail","6":"product_cat-uncategorized-sv","8":"first","9":"outofstock","10":"sale","11":"taxable","12":"shipping-taxable","13":"purchasable","14":"product-type-variable"},"composite_virtual":false,"composite_layout":"","composite_add_to_cart_form_location":"","composite_editable_in_cart":false,"composite_sold_individually_context":"","composite_shop_price_calc":"","composite_components":[],"composite_scenarios":[],"group_of_quantity":0,"min_quantity":0,"max_quantity":"","exclude_order_quantity_value_rules":"no","exclude_category_quantity_rules":"no","combine_variations":"no","exclude_global_add_ons":[],"addons":[],"_links":{"self":[{"href":"https:\/\/www.huntersfriend.eu\/sv\/wp-json\/wp\/v2\/product\/286318","targetHints":{"allow":["GET"]}}],"collection":[{"href":"https:\/\/www.huntersfriend.eu\/sv\/wp-json\/wp\/v2\/product"}],"about":[{"href":"https:\/\/www.huntersfriend.eu\/sv\/wp-json\/wp\/v2\/types\/product"}],"replies":[{"embeddable":true,"href":"https:\/\/www.huntersfriend.eu\/sv\/wp-json\/wp\/v2\/comments?post=286318"}],"wp:featuredmedia":[{"embeddable":true,"href":"https:\/\/www.huntersfriend.eu\/sv\/wp-json\/wp\/v2\/media\/274216"}],"wp:attachment":[{"href":"https:\/\/www.huntersfriend.eu\/sv\/wp-json\/wp\/v2\/media?parent=286318"}],"wp:term":[{"taxonomy":"product_brand","embeddable":true,"href":"https:\/\/www.huntersfriend.eu\/sv\/wp-json\/wp\/v2\/product_brand?post=286318"},{"taxonomy":"product_cat","embeddable":true,"href":"https:\/\/www.huntersfriend.eu\/sv\/wp-json\/wp\/v2\/product_cat?post=286318"},{"taxonomy":"product_tag","embeddable":true,"href":"https:\/\/www.huntersfriend.eu\/sv\/wp-json\/wp\/v2\/product_tag?post=286318"}],"curies":[{"name":"wp","href":"https:\/\/api.w.org\/{rel}","templated":true}]}}