{"id":286310,"date":"2024-09-18T00:30:12","date_gmt":"2024-09-17T22:30:12","guid":{"rendered":"https:\/\/www.huntersfriend.eu\/product\/hart-nb-litepack-18l\/"},"modified":"2025-08-26T11:27:57","modified_gmt":"2025-08-26T09:27:57","slug":"hart-nb-litepack-18l","status":"publish","type":"product","link":"https:\/\/www.huntersfriend.eu\/sv\/produkt\/hart-nb-litepack-18l\/","title":{"rendered":"Hart NB litepack 18L"},"content":{"rendered":"<p>L\u00e4ttviktigt men starkt 500D vattent\u00e4tt tyg. Den \u00e4r perfekt f\u00f6r jakt p\u00e5 morkulla, rapph\u00f6na och vaktel med hundar eller n\u00e5gon utomhusaktivitet som snabb vandring eller bergsleder. Kompakt kapacitet med en stor \u00f6ppning och ett vattenbl\u00e5sefack. Dess omslutande form ger stabilitet. En fr\u00e4mre ficka med dragkedja och tv\u00e5 sidofack med dragkedja. Elastiska sn\u00f6ren f\u00f6r extra last. Ryggsystem med vaddering av ventilerande skum. Justerbart b\u00e4lte och remmar. Utf\u00e4llbart orange regnskydd i basfickan med dragkedja.        <\/p>\n<p>Yttertyg 1: 100 % polyester laminerat med vattent\u00e4tt PU-membran.<br \/>\nFoder: 100 % polyester.<\/p>\n<p>F\u00e4rg &#8211; Gr\u00f6n<\/p>\n","protected":false},"excerpt":{"rendered":"<p>Gr\u00f6n<\/p>\n","protected":false},"featured_media":273474,"comment_status":"open","ping_status":"closed","template":"","meta":[],"product_brand":[],"product_cat":[2565,2523],"product_tag":[],"class_list":{"0":"post-286310","1":"product","2":"type-product","3":"status-publish","4":"has-post-thumbnail","6":"product_cat-jaktryggsackar","7":"product_cat-ryggsackar","8":"product_shipping_class-medium-sv","10":"first","11":"instock","12":"taxable","13":"shipping-taxable","14":"purchasable","15":"product-type-simple"},"composite_virtual":false,"composite_layout":"","composite_add_to_cart_form_location":"","composite_editable_in_cart":false,"composite_sold_individually_context":"","composite_shop_price_calc":"","composite_components":[],"composite_scenarios":[],"group_of_quantity":0,"min_quantity":0,"max_quantity":"","exclude_order_quantity_value_rules":"no","exclude_category_quantity_rules":"no","combine_variations":"no","exclude_global_add_ons":[],"addons":[],"_links":{"self":[{"href":"https:\/\/www.huntersfriend.eu\/sv\/wp-json\/wp\/v2\/product\/286310","targetHints":{"allow":["GET"]}}],"collection":[{"href":"https:\/\/www.huntersfriend.eu\/sv\/wp-json\/wp\/v2\/product"}],"about":[{"href":"https:\/\/www.huntersfriend.eu\/sv\/wp-json\/wp\/v2\/types\/product"}],"replies":[{"embeddable":true,"href":"https:\/\/www.huntersfriend.eu\/sv\/wp-json\/wp\/v2\/comments?post=286310"}],"wp:featuredmedia":[{"embeddable":true,"href":"https:\/\/www.huntersfriend.eu\/sv\/wp-json\/wp\/v2\/media\/273474"}],"wp:attachment":[{"href":"https:\/\/www.huntersfriend.eu\/sv\/wp-json\/wp\/v2\/media?parent=286310"}],"wp:term":[{"taxonomy":"product_brand","embeddable":true,"href":"https:\/\/www.huntersfriend.eu\/sv\/wp-json\/wp\/v2\/product_brand?post=286310"},{"taxonomy":"product_cat","embeddable":true,"href":"https:\/\/www.huntersfriend.eu\/sv\/wp-json\/wp\/v2\/product_cat?post=286310"},{"taxonomy":"product_tag","embeddable":true,"href":"https:\/\/www.huntersfriend.eu\/sv\/wp-json\/wp\/v2\/product_tag?post=286310"}],"curies":[{"name":"wp","href":"https:\/\/api.w.org\/{rel}","templated":true}]}}