{"id":286306,"date":"2024-09-18T00:30:12","date_gmt":"2024-09-17T22:30:12","guid":{"rendered":"https:\/\/www.huntersfriend.eu\/product\/hart-xt-gamepack-18l\/"},"modified":"2025-08-26T11:27:53","modified_gmt":"2025-08-26T09:27:53","slug":"hart-xt-gamepack-18l","status":"publish","type":"product","link":"https:\/\/www.huntersfriend.eu\/sv\/produkt\/hart-xt-gamepack-18l\/","title":{"rendered":"Hart XT gamepack 18L"},"content":{"rendered":"<p>Allsidig, l\u00e4tt och kompakt ergonomisk camo-ryggs\u00e4ck f\u00f6r smyg- och dynamiska j\u00e4gare. V\u00e5rt PIXEL FOREST-kamouflage bryter j\u00e4garens silhuett mot bakgrunden och g\u00f6r den till ett j\u00e4mnt kontinuum med den omgivande naturen. <\/p>\n<p>Vattent\u00e4tt, l\u00e4tt, starkt och supertyst camo-tyg. Den \u00e4r perfekt antingen f\u00f6r jakt p\u00e5 morkulla, rapph\u00f6na och vaktel med hundar eller n\u00e5gon annan utomhusaktivitet som snabb vandring eller bergsleder. Kompakt kapacitet med en stor \u00f6ppning och ett vattenbl\u00e5sefack. Dess omslutande form ger stabilitet. En dragkedjef\u00f6rsedd framficka och tv\u00e5 dragkedjef\u00f6rsedda sidofack. Elastiska sn\u00f6ren f\u00f6r extra last. Ryggsystem med vaddering av ventilerande skum. Justerbart b\u00e4lte och remmar. Utf\u00e4llbart orange regnskydd i basens dragkedjef\u00f6rsedda ficka.        <\/p>\n<p>Yttertyg 1: 100 % polyester laminerat med vattent\u00e4tt PVC-membran.<br \/>\nFoder: 100 % polyester.<\/p>\n<p>F\u00e4rg &#8211; camo<\/p>\n<p>&nbsp;<\/p>\n","protected":false},"excerpt":{"rendered":"<p>camo<\/p>\n","protected":false},"featured_media":273486,"comment_status":"open","ping_status":"closed","template":"","meta":[],"product_brand":[],"product_cat":[2565],"product_tag":[],"class_list":{"0":"post-286306","1":"product","2":"type-product","3":"status-publish","4":"has-post-thumbnail","6":"product_cat-jaktryggsackar","7":"product_shipping_class-medium-sv","9":"first","10":"instock","11":"taxable","12":"shipping-taxable","13":"purchasable","14":"product-type-simple"},"composite_virtual":false,"composite_layout":"","composite_add_to_cart_form_location":"","composite_editable_in_cart":false,"composite_sold_individually_context":"","composite_shop_price_calc":"","composite_components":[],"composite_scenarios":[],"group_of_quantity":0,"min_quantity":0,"max_quantity":"","exclude_order_quantity_value_rules":"no","exclude_category_quantity_rules":"no","combine_variations":"no","exclude_global_add_ons":[],"addons":[],"_links":{"self":[{"href":"https:\/\/www.huntersfriend.eu\/sv\/wp-json\/wp\/v2\/product\/286306","targetHints":{"allow":["GET"]}}],"collection":[{"href":"https:\/\/www.huntersfriend.eu\/sv\/wp-json\/wp\/v2\/product"}],"about":[{"href":"https:\/\/www.huntersfriend.eu\/sv\/wp-json\/wp\/v2\/types\/product"}],"replies":[{"embeddable":true,"href":"https:\/\/www.huntersfriend.eu\/sv\/wp-json\/wp\/v2\/comments?post=286306"}],"wp:featuredmedia":[{"embeddable":true,"href":"https:\/\/www.huntersfriend.eu\/sv\/wp-json\/wp\/v2\/media\/273486"}],"wp:attachment":[{"href":"https:\/\/www.huntersfriend.eu\/sv\/wp-json\/wp\/v2\/media?parent=286306"}],"wp:term":[{"taxonomy":"product_brand","embeddable":true,"href":"https:\/\/www.huntersfriend.eu\/sv\/wp-json\/wp\/v2\/product_brand?post=286306"},{"taxonomy":"product_cat","embeddable":true,"href":"https:\/\/www.huntersfriend.eu\/sv\/wp-json\/wp\/v2\/product_cat?post=286306"},{"taxonomy":"product_tag","embeddable":true,"href":"https:\/\/www.huntersfriend.eu\/sv\/wp-json\/wp\/v2\/product_tag?post=286306"}],"curies":[{"name":"wp","href":"https:\/\/api.w.org\/{rel}","templated":true}]}}